{"id":13348,"date":"2014-11-07T15:23:47","date_gmt":"2014-11-07T15:23:47","guid":{"rendered":"http:\/\/localhost\/transparencia\/?page_id=13348"},"modified":"2023-01-09T08:41:18","modified_gmt":"2023-01-09T11:41:18","slug":"decretos","status":"publish","type":"page","link":"http:\/\/www.paranapanema.transparencia.inf.br\/?page_id=13348","title":{"rendered":"Decretos"},"content":{"rendered":"<p style=\"text-align: right;\"><strong>Escolha o Ano para consultar os Decretos.<\/strong><\/p>\n<p style=\"text-align: right;\"><select onchange=\"location=this.value\"><option>Selecione o Ano<\/option><option value=\"http:\/\/www.paranapanema.transparencia.inf.br\/?page_id=29368\">2023<\/option><option value=\"http:\/\/www.paranapanema.transparencia.inf.br\/?page_id=25042\">2022<\/option><option value=\"http:\/\/www.paranapanema.transparencia.inf.br\/?page_id=22865\">2021<\/option><option value=\"http:\/\/www.paranapanema.transparencia.inf.br\/?page_id=22157\">2020<\/option><option value=\"http:\/\/www.paranapanema.transparencia.inf.br\/?page_id=20995\">2019<\/option><option value=\"http:\/\/www.paranapanema.transparencia.inf.br\/?page_id=19734\">2018<\/option><option value=\"http:\/\/www.paranapanema.transparencia.inf.br\/?page_id=18516\">2017<\/option><option value=\"http:\/\/www.paranapanema.transparencia.inf.br\/?page_id=16750\">2016<\/option><option value=\"http:\/\/www.paranapanema.transparencia.inf.br\/?page_id=14992\">2015<\/option><option value=\"http:\/\/www.paranapanema.transparencia.inf.br\/?page_id=14174\">2014<\/option><option value=\"http:\/\/www.paranapanema.transparencia.inf.br\/?page_id=14177\">2013<\/option><\/select><\/p>\n<hr \/>\n<p>Decreto \u00e9 a forma de que se revestem dos atos individuais ou gerais, emanados do Chefe do Poder executivo Presidente da Rep\u00fablica, Governador e Prefeito. Pode subdividir-se em decreto geral e decreto individual &#8211; este a pessoa ou grupo e aquele a pessoas que se encontram em mesma situa\u00e7\u00e3o.<br \/>\nO decreto tem efeitos regulamentar ou de execu\u00e7\u00e3o &#8211; expedido com base no artigo 84, VI da CF, para fiel execu\u00e7\u00e3o da lei, ou seja, o decreto detalha a lei.N\u00e3o podendo ir contra a lei ou al\u00e9m dela.<\/p>\n<p style=\"text-align: right;\">\n","protected":false},"excerpt":{"rendered":"<p>Escolha o Ano para consultar os Decretos. Selecione o Ano20232022202120202019201820172016201520142013 Decreto \u00e9 a forma de que se revestem dos atos individuais ou gerais, emanados do Chefe do Poder executivo Presidente da Rep\u00fablica, Governador e Prefeito. Pode subdividir-se em decreto geral e decreto individual &#8211; este a pessoa ou grupo e aquele a pessoas que se&hellip;&nbsp;<a href=\"http:\/\/www.paranapanema.transparencia.inf.br\/?page_id=13348\" class=\"\" rel=\"bookmark\">Continue a ler &raquo;<span class=\"screen-reader-text\">Decretos<\/span><\/a><\/p>\n","protected":false},"author":1,"featured_media":0,"parent":0,"menu_order":0,"comment_status":"closed","ping_status":"closed","template":"","meta":{"neve_meta_sidebar":"","neve_meta_container":"","neve_meta_enable_content_width":"","neve_meta_content_width":0,"neve_meta_title_alignment":"","neve_meta_author_avatar":"","neve_post_elements_order":"","neve_meta_disable_header":"","neve_meta_disable_footer":"","neve_meta_disable_title":"","spay_email":""},"yoast_head":"<!-- This site is optimized with the Yoast SEO plugin v17.9 - https:\/\/yoast.com\/wordpress\/plugins\/seo\/ -->\n<title>Decretos - Portal da Transpar\u00eancia<\/title>\n<meta name=\"robots\" content=\"index, follow, max-snippet:-1, max-image-preview:large, max-video-preview:-1\" \/>\n<link rel=\"canonical\" href=\"http:\/\/www.paranapanema.transparencia.inf.br\/?page_id=13348\" \/>\n<meta property=\"og:locale\" content=\"pt_BR\" \/>\n<meta property=\"og:type\" content=\"article\" \/>\n<meta property=\"og:title\" content=\"Decretos - Portal da Transpar\u00eancia\" \/>\n<meta property=\"og:description\" content=\"Escolha o Ano para consultar os Decretos. Selecione o Ano20232022202120202019201820172016201520142013 Decreto \u00e9 a forma de que se revestem dos atos individuais ou gerais, emanados do Chefe do Poder executivo Presidente da Rep\u00fablica, Governador e Prefeito. Pode subdividir-se em decreto geral e decreto individual &#8211; este a pessoa ou grupo e aquele a pessoas que se&hellip;&nbsp;Continue a ler &raquo;Decretos\" \/>\n<meta property=\"og:url\" content=\"http:\/\/www.paranapanema.transparencia.inf.br\/?page_id=13348\" \/>\n<meta property=\"og:site_name\" content=\"Portal da Transpar\u00eancia\" \/>\n<meta property=\"article:modified_time\" content=\"2023-01-09T11:41:18+00:00\" \/>\n<meta name=\"twitter:card\" content=\"summary_large_image\" \/>\n<meta name=\"twitter:label1\" content=\"Est. tempo de leitura\" \/>\n\t<meta name=\"twitter:data1\" content=\"1 minuto\" \/>\n<script type=\"application\/ld+json\" class=\"yoast-schema-graph\">{\"@context\":\"https:\/\/schema.org\",\"@graph\":[{\"@type\":\"WebSite\",\"@id\":\"https:\/\/www.paranapanema.transparencia.inf.br\/#website\",\"url\":\"https:\/\/www.paranapanema.transparencia.inf.br\/\",\"name\":\"Portal da Transpar\\u00eancia\",\"description\":\"Prefeitura Municipal de Paranapanema-SP\",\"potentialAction\":[{\"@type\":\"SearchAction\",\"target\":{\"@type\":\"EntryPoint\",\"urlTemplate\":\"https:\/\/www.paranapanema.transparencia.inf.br\/?s={search_term_string}\"},\"query-input\":\"required name=search_term_string\"}],\"inLanguage\":\"pt-BR\"},{\"@type\":\"WebPage\",\"@id\":\"http:\/\/www.paranapanema.transparencia.inf.br\/?page_id=13348#webpage\",\"url\":\"http:\/\/www.paranapanema.transparencia.inf.br\/?page_id=13348\",\"name\":\"Decretos - Portal da Transpar\\u00eancia\",\"isPartOf\":{\"@id\":\"https:\/\/www.paranapanema.transparencia.inf.br\/#website\"},\"datePublished\":\"2014-11-07T15:23:47+00:00\",\"dateModified\":\"2023-01-09T11:41:18+00:00\",\"breadcrumb\":{\"@id\":\"http:\/\/www.paranapanema.transparencia.inf.br\/?page_id=13348#breadcrumb\"},\"inLanguage\":\"pt-BR\",\"potentialAction\":[{\"@type\":\"ReadAction\",\"target\":[\"http:\/\/www.paranapanema.transparencia.inf.br\/?page_id=13348\"]}]},{\"@type\":\"BreadcrumbList\",\"@id\":\"http:\/\/www.paranapanema.transparencia.inf.br\/?page_id=13348#breadcrumb\",\"itemListElement\":[{\"@type\":\"ListItem\",\"position\":1,\"name\":\"In\\u00edcio\",\"item\":\"https:\/\/www.paranapanema.transparencia.inf.br\/\"},{\"@type\":\"ListItem\",\"position\":2,\"name\":\"Decretos\"}]}]}<\/script>\n<!-- \/ Yoast SEO plugin. -->","yoast_head_json":{"title":"Decretos - Portal da Transpar\u00eancia","robots":{"index":"index","follow":"follow","max-snippet":"max-snippet:-1","max-image-preview":"max-image-preview:large","max-video-preview":"max-video-preview:-1"},"canonical":"http:\/\/www.paranapanema.transparencia.inf.br\/?page_id=13348","og_locale":"pt_BR","og_type":"article","og_title":"Decretos - Portal da Transpar\u00eancia","og_description":"Escolha o Ano para consultar os Decretos. Selecione o Ano20232022202120202019201820172016201520142013 Decreto \u00e9 a forma de que se revestem dos atos individuais ou gerais, emanados do Chefe do Poder executivo Presidente da Rep\u00fablica, Governador e Prefeito. Pode subdividir-se em decreto geral e decreto individual &#8211; este a pessoa ou grupo e aquele a pessoas que se&hellip;&nbsp;Continue a ler &raquo;Decretos","og_url":"http:\/\/www.paranapanema.transparencia.inf.br\/?page_id=13348","og_site_name":"Portal da Transpar\u00eancia","article_modified_time":"2023-01-09T11:41:18+00:00","twitter_card":"summary_large_image","twitter_misc":{"Est. tempo de leitura":"1 minuto"},"schema":{"@context":"https:\/\/schema.org","@graph":[{"@type":"WebSite","@id":"https:\/\/www.paranapanema.transparencia.inf.br\/#website","url":"https:\/\/www.paranapanema.transparencia.inf.br\/","name":"Portal da Transpar\u00eancia","description":"Prefeitura Municipal de Paranapanema-SP","potentialAction":[{"@type":"SearchAction","target":{"@type":"EntryPoint","urlTemplate":"https:\/\/www.paranapanema.transparencia.inf.br\/?s={search_term_string}"},"query-input":"required name=search_term_string"}],"inLanguage":"pt-BR"},{"@type":"WebPage","@id":"http:\/\/www.paranapanema.transparencia.inf.br\/?page_id=13348#webpage","url":"http:\/\/www.paranapanema.transparencia.inf.br\/?page_id=13348","name":"Decretos - Portal da Transpar\u00eancia","isPartOf":{"@id":"https:\/\/www.paranapanema.transparencia.inf.br\/#website"},"datePublished":"2014-11-07T15:23:47+00:00","dateModified":"2023-01-09T11:41:18+00:00","breadcrumb":{"@id":"http:\/\/www.paranapanema.transparencia.inf.br\/?page_id=13348#breadcrumb"},"inLanguage":"pt-BR","potentialAction":[{"@type":"ReadAction","target":["http:\/\/www.paranapanema.transparencia.inf.br\/?page_id=13348"]}]},{"@type":"BreadcrumbList","@id":"http:\/\/www.paranapanema.transparencia.inf.br\/?page_id=13348#breadcrumb","itemListElement":[{"@type":"ListItem","position":1,"name":"In\u00edcio","item":"https:\/\/www.paranapanema.transparencia.inf.br\/"},{"@type":"ListItem","position":2,"name":"Decretos"}]}]}},"_links":{"self":[{"href":"http:\/\/www.paranapanema.transparencia.inf.br\/index.php?rest_route=\/wp\/v2\/pages\/13348"}],"collection":[{"href":"http:\/\/www.paranapanema.transparencia.inf.br\/index.php?rest_route=\/wp\/v2\/pages"}],"about":[{"href":"http:\/\/www.paranapanema.transparencia.inf.br\/index.php?rest_route=\/wp\/v2\/types\/page"}],"author":[{"embeddable":true,"href":"http:\/\/www.paranapanema.transparencia.inf.br\/index.php?rest_route=\/wp\/v2\/users\/1"}],"replies":[{"embeddable":true,"href":"http:\/\/www.paranapanema.transparencia.inf.br\/index.php?rest_route=%2Fwp%2Fv2%2Fcomments&post=13348"}],"version-history":[{"count":25,"href":"http:\/\/www.paranapanema.transparencia.inf.br\/index.php?rest_route=\/wp\/v2\/pages\/13348\/revisions"}],"predecessor-version":[{"id":29374,"href":"http:\/\/www.paranapanema.transparencia.inf.br\/index.php?rest_route=\/wp\/v2\/pages\/13348\/revisions\/29374"}],"wp:attachment":[{"href":"http:\/\/www.paranapanema.transparencia.inf.br\/index.php?rest_route=%2Fwp%2Fv2%2Fmedia&parent=13348"}],"curies":[{"name":"wp","href":"https:\/\/api.w.org\/{rel}","templated":true}]}}