{"id":13459,"date":"2014-11-12T10:22:21","date_gmt":"2014-11-12T10:22:21","guid":{"rendered":"http:\/\/187.92.100.220\/transparencia\/?page_id=13459"},"modified":"2023-04-12T13:43:57","modified_gmt":"2023-04-12T16:43:57","slug":"balancete-da-receita","status":"publish","type":"page","link":"http:\/\/www.paranapanema.transparencia.inf.br\/?page_id=13459","title":{"rendered":"Balancete da Receita"},"content":{"rendered":"<p style=\"text-align: right;\"><strong><span style=\"font-size: 10pt;\">Escolha o Ano para consultar o Balancete da Receita<\/span><\/strong><\/p>\n<p style=\"text-align: right;\"><select onchange=\"location=this.value\"><option>Selecione o Ano<\/option><option value=\"http:\/\/www.paranapanema.transparencia.inf.br\/?page_id=30408\">2023<\/option><option value=\"http:\/\/www.paranapanema.transparencia.inf.br\/?page_id=26802\">2022<\/option><option value=\"http:\/\/www.paranapanema.transparencia.inf.br\/?page_id=24149\">2021<\/option><option value=\"http:\/\/www.paranapanema.transparencia.inf.br\/?page_id=22344\">2020<\/option><option value=\"http:\/\/www.paranapanema.transparencia.inf.br\/?page_id=21144\">2019<\/option><option value=\"http:\/\/www.paranapanema.transparencia.inf.br\/?page_id=20129\">2018<\/option>2017<option value=\"http:\/\/www.paranapanema.transparencia.inf.br\/?page_id=17102\">2016<\/option><option value=\"http:\/\/www.paranapanema.transparencia.inf.br\/?page_id=15025\">2015<\/option><option value=\"http:\/\/www.paranapanema.transparencia.inf.br\/?page_id=14562\">2014<\/option><option value=\"http:\/\/www.paranapanema.transparencia.inf.br\/?page_id=14558\">2013<\/option><\/select><\/p>\n<hr>\n<p style=\"text-align: left;\">Regulamentado pela lei &nbsp;4.320\/64, O&nbsp;Balancete Financeiro \u00e9 um Demonstrativo cont\u00e1bil apresentado mensalmente, que relaciona de forma sistematizada as receitas arrecadadas e as despesas realizadas pelo Munic\u00edpio. Os balancetes devem obedecer as normas de contabilidade p\u00fablica, bem como os preceitos definidos pelo \u00f3rg\u00e3o de controle externo de contas dos munic\u00edpios.<\/p>\n","protected":false},"excerpt":{"rendered":"<p>Escolha o Ano para consultar o Balancete da Receita Selecione o Ano20232022202120202019201820172016201520142013 Regulamentado pela lei &nbsp;4.320\/64, O&nbsp;Balancete Financeiro \u00e9 um Demonstrativo cont\u00e1bil apresentado mensalmente, que relaciona de forma sistematizada as receitas arrecadadas e as despesas realizadas pelo Munic\u00edpio. Os balancetes devem obedecer as normas de contabilidade p\u00fablica, bem como os preceitos definidos pelo \u00f3rg\u00e3o de&hellip;&nbsp;<a href=\"http:\/\/www.paranapanema.transparencia.inf.br\/?page_id=13459\" class=\"\" rel=\"bookmark\">Continue a ler &raquo;<span class=\"screen-reader-text\">Balancete da Receita<\/span><\/a><\/p>\n","protected":false},"author":1,"featured_media":0,"parent":0,"menu_order":0,"comment_status":"closed","ping_status":"closed","template":"","meta":{"neve_meta_sidebar":"","neve_meta_container":"","neve_meta_enable_content_width":"","neve_meta_content_width":0,"neve_meta_title_alignment":"","neve_meta_author_avatar":"","neve_post_elements_order":"","neve_meta_disable_header":"","neve_meta_disable_footer":"","neve_meta_disable_title":"","spay_email":""},"yoast_head":"<!-- This site is optimized with the Yoast SEO plugin v17.9 - https:\/\/yoast.com\/wordpress\/plugins\/seo\/ -->\n<title>Balancete da Receita - Portal da Transpar\u00eancia<\/title>\n<meta name=\"robots\" content=\"index, follow, max-snippet:-1, max-image-preview:large, max-video-preview:-1\" \/>\n<link rel=\"canonical\" href=\"https:\/\/www.paranapanema.transparencia.inf.br\/?page_id=13459\" \/>\n<meta property=\"og:locale\" content=\"pt_BR\" \/>\n<meta property=\"og:type\" content=\"article\" \/>\n<meta property=\"og:title\" content=\"Balancete da Receita - Portal da Transpar\u00eancia\" \/>\n<meta property=\"og:description\" content=\"Escolha o Ano para consultar o Balancete da Receita Selecione o Ano20232022202120202019201820172016201520142013 Regulamentado pela lei &nbsp;4.320\/64, O&nbsp;Balancete Financeiro \u00e9 um Demonstrativo cont\u00e1bil apresentado mensalmente, que relaciona de forma sistematizada as receitas arrecadadas e as despesas realizadas pelo Munic\u00edpio. Os balancetes devem obedecer as normas de contabilidade p\u00fablica, bem como os preceitos definidos pelo \u00f3rg\u00e3o de&hellip;&nbsp;Continue a ler &raquo;Balancete da Receita\" \/>\n<meta property=\"og:url\" content=\"https:\/\/www.paranapanema.transparencia.inf.br\/?page_id=13459\" \/>\n<meta property=\"og:site_name\" content=\"Portal da Transpar\u00eancia\" \/>\n<meta property=\"article:modified_time\" content=\"2023-04-12T16:43:57+00:00\" \/>\n<meta name=\"twitter:card\" content=\"summary_large_image\" \/>\n<meta name=\"twitter:label1\" content=\"Est. tempo de leitura\" \/>\n\t<meta name=\"twitter:data1\" content=\"1 minuto\" \/>\n<script type=\"application\/ld+json\" class=\"yoast-schema-graph\">{\"@context\":\"https:\/\/schema.org\",\"@graph\":[{\"@type\":\"WebSite\",\"@id\":\"http:\/\/www.paranapanema.transparencia.inf.br\/#website\",\"url\":\"http:\/\/www.paranapanema.transparencia.inf.br\/\",\"name\":\"Portal da Transpar\\u00eancia\",\"description\":\"Prefeitura Municipal de Paranapanema-SP\",\"potentialAction\":[{\"@type\":\"SearchAction\",\"target\":{\"@type\":\"EntryPoint\",\"urlTemplate\":\"http:\/\/www.paranapanema.transparencia.inf.br\/?s={search_term_string}\"},\"query-input\":\"required name=search_term_string\"}],\"inLanguage\":\"pt-BR\"},{\"@type\":\"WebPage\",\"@id\":\"https:\/\/www.paranapanema.transparencia.inf.br\/?page_id=13459#webpage\",\"url\":\"https:\/\/www.paranapanema.transparencia.inf.br\/?page_id=13459\",\"name\":\"Balancete da Receita - Portal da Transpar\\u00eancia\",\"isPartOf\":{\"@id\":\"http:\/\/www.paranapanema.transparencia.inf.br\/#website\"},\"datePublished\":\"2014-11-12T10:22:21+00:00\",\"dateModified\":\"2023-04-12T16:43:57+00:00\",\"breadcrumb\":{\"@id\":\"https:\/\/www.paranapanema.transparencia.inf.br\/?page_id=13459#breadcrumb\"},\"inLanguage\":\"pt-BR\",\"potentialAction\":[{\"@type\":\"ReadAction\",\"target\":[\"https:\/\/www.paranapanema.transparencia.inf.br\/?page_id=13459\"]}]},{\"@type\":\"BreadcrumbList\",\"@id\":\"https:\/\/www.paranapanema.transparencia.inf.br\/?page_id=13459#breadcrumb\",\"itemListElement\":[{\"@type\":\"ListItem\",\"position\":1,\"name\":\"In\\u00edcio\",\"item\":\"http:\/\/www.paranapanema.transparencia.inf.br\/\"},{\"@type\":\"ListItem\",\"position\":2,\"name\":\"Balancete da Receita\"}]}]}<\/script>\n<!-- \/ Yoast SEO plugin. -->","yoast_head_json":{"title":"Balancete da Receita - Portal da Transpar\u00eancia","robots":{"index":"index","follow":"follow","max-snippet":"max-snippet:-1","max-image-preview":"max-image-preview:large","max-video-preview":"max-video-preview:-1"},"canonical":"https:\/\/www.paranapanema.transparencia.inf.br\/?page_id=13459","og_locale":"pt_BR","og_type":"article","og_title":"Balancete da Receita - Portal da Transpar\u00eancia","og_description":"Escolha o Ano para consultar o Balancete da Receita Selecione o Ano20232022202120202019201820172016201520142013 Regulamentado pela lei &nbsp;4.320\/64, O&nbsp;Balancete Financeiro \u00e9 um Demonstrativo cont\u00e1bil apresentado mensalmente, que relaciona de forma sistematizada as receitas arrecadadas e as despesas realizadas pelo Munic\u00edpio. Os balancetes devem obedecer as normas de contabilidade p\u00fablica, bem como os preceitos definidos pelo \u00f3rg\u00e3o de&hellip;&nbsp;Continue a ler &raquo;Balancete da Receita","og_url":"https:\/\/www.paranapanema.transparencia.inf.br\/?page_id=13459","og_site_name":"Portal da Transpar\u00eancia","article_modified_time":"2023-04-12T16:43:57+00:00","twitter_card":"summary_large_image","twitter_misc":{"Est. tempo de leitura":"1 minuto"},"schema":{"@context":"https:\/\/schema.org","@graph":[{"@type":"WebSite","@id":"http:\/\/www.paranapanema.transparencia.inf.br\/#website","url":"http:\/\/www.paranapanema.transparencia.inf.br\/","name":"Portal da Transpar\u00eancia","description":"Prefeitura Municipal de Paranapanema-SP","potentialAction":[{"@type":"SearchAction","target":{"@type":"EntryPoint","urlTemplate":"http:\/\/www.paranapanema.transparencia.inf.br\/?s={search_term_string}"},"query-input":"required name=search_term_string"}],"inLanguage":"pt-BR"},{"@type":"WebPage","@id":"https:\/\/www.paranapanema.transparencia.inf.br\/?page_id=13459#webpage","url":"https:\/\/www.paranapanema.transparencia.inf.br\/?page_id=13459","name":"Balancete da Receita - Portal da Transpar\u00eancia","isPartOf":{"@id":"http:\/\/www.paranapanema.transparencia.inf.br\/#website"},"datePublished":"2014-11-12T10:22:21+00:00","dateModified":"2023-04-12T16:43:57+00:00","breadcrumb":{"@id":"https:\/\/www.paranapanema.transparencia.inf.br\/?page_id=13459#breadcrumb"},"inLanguage":"pt-BR","potentialAction":[{"@type":"ReadAction","target":["https:\/\/www.paranapanema.transparencia.inf.br\/?page_id=13459"]}]},{"@type":"BreadcrumbList","@id":"https:\/\/www.paranapanema.transparencia.inf.br\/?page_id=13459#breadcrumb","itemListElement":[{"@type":"ListItem","position":1,"name":"In\u00edcio","item":"http:\/\/www.paranapanema.transparencia.inf.br\/"},{"@type":"ListItem","position":2,"name":"Balancete da Receita"}]}]}},"_links":{"self":[{"href":"http:\/\/www.paranapanema.transparencia.inf.br\/index.php?rest_route=\/wp\/v2\/pages\/13459"}],"collection":[{"href":"http:\/\/www.paranapanema.transparencia.inf.br\/index.php?rest_route=\/wp\/v2\/pages"}],"about":[{"href":"http:\/\/www.paranapanema.transparencia.inf.br\/index.php?rest_route=\/wp\/v2\/types\/page"}],"author":[{"embeddable":true,"href":"http:\/\/www.paranapanema.transparencia.inf.br\/index.php?rest_route=\/wp\/v2\/users\/1"}],"replies":[{"embeddable":true,"href":"http:\/\/www.paranapanema.transparencia.inf.br\/index.php?rest_route=%2Fwp%2Fv2%2Fcomments&post=13459"}],"version-history":[{"count":39,"href":"http:\/\/www.paranapanema.transparencia.inf.br\/index.php?rest_route=\/wp\/v2\/pages\/13459\/revisions"}],"predecessor-version":[{"id":30431,"href":"http:\/\/www.paranapanema.transparencia.inf.br\/index.php?rest_route=\/wp\/v2\/pages\/13459\/revisions\/30431"}],"wp:attachment":[{"href":"http:\/\/www.paranapanema.transparencia.inf.br\/index.php?rest_route=%2Fwp%2Fv2%2Fmedia&parent=13459"}],"curies":[{"name":"wp","href":"https:\/\/api.w.org\/{rel}","templated":true}]}}