{"id":13466,"date":"2014-11-12T10:29:20","date_gmt":"2014-11-12T10:29:20","guid":{"rendered":"http:\/\/187.92.100.220\/transparencia\/?page_id=13466"},"modified":"2023-04-12T13:39:50","modified_gmt":"2023-04-12T16:39:50","slug":"balance-da-despesa","status":"publish","type":"page","link":"http:\/\/www.paranapanema.transparencia.inf.br\/?page_id=13466","title":{"rendered":"Balancete da Despesa"},"content":{"rendered":"<p style=\"text-align: right;\"><strong><span style=\"font-size: 10pt;\">Escolha o Ano para consultar o Balancete da Despesa<\/span><\/strong><\/p>\n<p style=\"text-align: right;\"><select onchange=\"location=this.value\"><option>Selecione o Ano<\/option><option value=\"http:\/\/www.paranapanema.transparencia.inf.br\/?\npage_id=30396\">2023<\/option><option value=\"http:\/\/www.paranapanema.transparencia.inf.br\/?\npage_id=26812\">2022<\/option><option value=\"http:\/\/www.paranapanema.transparencia.inf.br\/?\npage_id=24130\">2021<\/option><option value=\"http:\/\/www.paranapanema.transparencia.inf.br\/?page_id=22338\">2020<\/option><option value=\"http:\/\/www.paranapanema.transparencia.inf.br\/?page_id=21136\">2019<\/option><option value=\"http:\/\/www.paranapanema.transparencia.inf.br\/?page_id=20127\">2018<\/option><option value=\"http:\/\/www.paranapanema.transparencia.inf.br\/?page_id=19000\">2017<\/option><option value=\"http:\/\/www.paranapanema.transparencia.inf.br\/?page_id=17095\">2016<\/option><option value=\"http:\/\/www.paranapanema.transparencia.inf.br\/?page_id=15019\">2015<\/option><option value=\"http:\/\/www.paranapanema.transparencia.inf.br\/?page_id=14485\">2014<\/option><option value=\"http:\/\/www.paranapanema.transparencia.inf.br\/?page_id=14483\">2013<\/option><\/select><\/p>\n<hr \/>\n<p style=\"text-align: left;\">Regulamentado pela lei \u00a04.320\/64, O\u00a0Balancete Financeiro \u00e9 um Demonstrativo cont\u00e1bil apresentado mensalmente, que relaciona de forma sistematizada as receitas arrecadadas e as despesas realizadas pelo Munic\u00edpio. Os balancetes devem obedecer as normas de contabilidade p\u00fablica, bem como os preceitos definidos pelo \u00f3rg\u00e3o de controle externo de contas dos munic\u00edpios.<\/p>\n<p style=\"text-align: left;\"><img loading=\"lazy\" class=\"wp-image-14467 alignright\" src=\"http:\/\/www.paranapanema.transparencia.inf.br\/wp-content\/uploads\/2014\/11\/controle-financeiro.png\" alt=\"controle-financeiro\" width=\"97\" height=\"97\" srcset=\"http:\/\/www.paranapanema.transparencia.inf.br\/wp-content\/uploads\/2014\/11\/controle-financeiro.png 180w, http:\/\/www.paranapanema.transparencia.inf.br\/wp-content\/uploads\/2014\/11\/controle-financeiro-150x150.png 150w\" sizes=\"(max-width: 97px) 100vw, 97px\" \/><\/p>\n<p style=\"text-align: left;\">\n","protected":false},"excerpt":{"rendered":"<p>Escolha o Ano para consultar o Balancete da Despesa Selecione o Ano20232022202120202019201820172016201520142013 Regulamentado pela lei \u00a04.320\/64, O\u00a0Balancete Financeiro \u00e9 um Demonstrativo cont\u00e1bil apresentado mensalmente, que relaciona de forma sistematizada as receitas arrecadadas e as despesas realizadas pelo Munic\u00edpio. Os balancetes devem obedecer as normas de contabilidade p\u00fablica, bem como os preceitos definidos pelo \u00f3rg\u00e3o de&hellip;&nbsp;<a href=\"http:\/\/www.paranapanema.transparencia.inf.br\/?page_id=13466\" class=\"\" rel=\"bookmark\">Continue a ler &raquo;<span class=\"screen-reader-text\">Balancete da Despesa<\/span><\/a><\/p>\n","protected":false},"author":1,"featured_media":0,"parent":0,"menu_order":0,"comment_status":"closed","ping_status":"closed","template":"","meta":{"neve_meta_sidebar":"","neve_meta_container":"","neve_meta_enable_content_width":"","neve_meta_content_width":0,"neve_meta_title_alignment":"","neve_meta_author_avatar":"","neve_post_elements_order":"","neve_meta_disable_header":"","neve_meta_disable_footer":"","neve_meta_disable_title":"","spay_email":""},"yoast_head":"<!-- This site is optimized with the Yoast SEO plugin v17.9 - https:\/\/yoast.com\/wordpress\/plugins\/seo\/ -->\n<title>Balancete da Despesa - Portal da Transpar\u00eancia<\/title>\n<meta name=\"robots\" content=\"index, follow, max-snippet:-1, max-image-preview:large, max-video-preview:-1\" \/>\n<link rel=\"canonical\" href=\"https:\/\/www.paranapanema.transparencia.inf.br\/?page_id=13466\" \/>\n<meta property=\"og:locale\" content=\"pt_BR\" \/>\n<meta property=\"og:type\" content=\"article\" \/>\n<meta property=\"og:title\" content=\"Balancete da Despesa - Portal da Transpar\u00eancia\" \/>\n<meta property=\"og:description\" content=\"Escolha o Ano para consultar o Balancete da Despesa Selecione o Ano20232022202120202019201820172016201520142013 Regulamentado pela lei \u00a04.320\/64, O\u00a0Balancete Financeiro \u00e9 um Demonstrativo cont\u00e1bil apresentado mensalmente, que relaciona de forma sistematizada as receitas arrecadadas e as despesas realizadas pelo Munic\u00edpio. Os balancetes devem obedecer as normas de contabilidade p\u00fablica, bem como os preceitos definidos pelo \u00f3rg\u00e3o de&hellip;&nbsp;Continue a ler &raquo;Balancete da Despesa\" \/>\n<meta property=\"og:url\" content=\"https:\/\/www.paranapanema.transparencia.inf.br\/?page_id=13466\" \/>\n<meta property=\"og:site_name\" content=\"Portal da Transpar\u00eancia\" \/>\n<meta property=\"article:modified_time\" content=\"2023-04-12T16:39:50+00:00\" \/>\n<meta property=\"og:image\" content=\"http:\/\/www.paranapanema.transparencia.inf.br\/wp-content\/uploads\/2014\/11\/controle-financeiro.png\" \/>\n<meta name=\"twitter:card\" content=\"summary_large_image\" \/>\n<meta name=\"twitter:label1\" content=\"Est. tempo de leitura\" \/>\n\t<meta name=\"twitter:data1\" content=\"1 minuto\" \/>\n<script type=\"application\/ld+json\" class=\"yoast-schema-graph\">{\"@context\":\"https:\/\/schema.org\",\"@graph\":[{\"@type\":\"WebSite\",\"@id\":\"https:\/\/www.paranapanema.transparencia.inf.br\/#website\",\"url\":\"https:\/\/www.paranapanema.transparencia.inf.br\/\",\"name\":\"Portal da Transpar\\u00eancia\",\"description\":\"Prefeitura Municipal de Paranapanema-SP\",\"potentialAction\":[{\"@type\":\"SearchAction\",\"target\":{\"@type\":\"EntryPoint\",\"urlTemplate\":\"https:\/\/www.paranapanema.transparencia.inf.br\/?s={search_term_string}\"},\"query-input\":\"required name=search_term_string\"}],\"inLanguage\":\"pt-BR\"},{\"@type\":\"ImageObject\",\"@id\":\"https:\/\/www.paranapanema.transparencia.inf.br\/?page_id=13466#primaryimage\",\"inLanguage\":\"pt-BR\",\"url\":\"http:\/\/www.paranapanema.transparencia.inf.br\/wp-content\/uploads\/2014\/11\/controle-financeiro.png\",\"contentUrl\":\"http:\/\/www.paranapanema.transparencia.inf.br\/wp-content\/uploads\/2014\/11\/controle-financeiro.png\",\"width\":180,\"height\":180},{\"@type\":\"WebPage\",\"@id\":\"https:\/\/www.paranapanema.transparencia.inf.br\/?page_id=13466#webpage\",\"url\":\"https:\/\/www.paranapanema.transparencia.inf.br\/?page_id=13466\",\"name\":\"Balancete da Despesa - Portal da Transpar\\u00eancia\",\"isPartOf\":{\"@id\":\"https:\/\/www.paranapanema.transparencia.inf.br\/#website\"},\"primaryImageOfPage\":{\"@id\":\"https:\/\/www.paranapanema.transparencia.inf.br\/?page_id=13466#primaryimage\"},\"datePublished\":\"2014-11-12T10:29:20+00:00\",\"dateModified\":\"2023-04-12T16:39:50+00:00\",\"breadcrumb\":{\"@id\":\"https:\/\/www.paranapanema.transparencia.inf.br\/?page_id=13466#breadcrumb\"},\"inLanguage\":\"pt-BR\",\"potentialAction\":[{\"@type\":\"ReadAction\",\"target\":[\"https:\/\/www.paranapanema.transparencia.inf.br\/?page_id=13466\"]}]},{\"@type\":\"BreadcrumbList\",\"@id\":\"https:\/\/www.paranapanema.transparencia.inf.br\/?page_id=13466#breadcrumb\",\"itemListElement\":[{\"@type\":\"ListItem\",\"position\":1,\"name\":\"In\\u00edcio\",\"item\":\"https:\/\/www.paranapanema.transparencia.inf.br\/\"},{\"@type\":\"ListItem\",\"position\":2,\"name\":\"Balancete da Despesa\"}]}]}<\/script>\n<!-- \/ Yoast SEO plugin. -->","yoast_head_json":{"title":"Balancete da Despesa - Portal da Transpar\u00eancia","robots":{"index":"index","follow":"follow","max-snippet":"max-snippet:-1","max-image-preview":"max-image-preview:large","max-video-preview":"max-video-preview:-1"},"canonical":"https:\/\/www.paranapanema.transparencia.inf.br\/?page_id=13466","og_locale":"pt_BR","og_type":"article","og_title":"Balancete da Despesa - Portal da Transpar\u00eancia","og_description":"Escolha o Ano para consultar o Balancete da Despesa Selecione o Ano20232022202120202019201820172016201520142013 Regulamentado pela lei \u00a04.320\/64, O\u00a0Balancete Financeiro \u00e9 um Demonstrativo cont\u00e1bil apresentado mensalmente, que relaciona de forma sistematizada as receitas arrecadadas e as despesas realizadas pelo Munic\u00edpio. Os balancetes devem obedecer as normas de contabilidade p\u00fablica, bem como os preceitos definidos pelo \u00f3rg\u00e3o de&hellip;&nbsp;Continue a ler &raquo;Balancete da Despesa","og_url":"https:\/\/www.paranapanema.transparencia.inf.br\/?page_id=13466","og_site_name":"Portal da Transpar\u00eancia","article_modified_time":"2023-04-12T16:39:50+00:00","og_image":[{"url":"http:\/\/www.paranapanema.transparencia.inf.br\/wp-content\/uploads\/2014\/11\/controle-financeiro.png"}],"twitter_card":"summary_large_image","twitter_misc":{"Est. tempo de leitura":"1 minuto"},"schema":{"@context":"https:\/\/schema.org","@graph":[{"@type":"WebSite","@id":"https:\/\/www.paranapanema.transparencia.inf.br\/#website","url":"https:\/\/www.paranapanema.transparencia.inf.br\/","name":"Portal da Transpar\u00eancia","description":"Prefeitura Municipal de Paranapanema-SP","potentialAction":[{"@type":"SearchAction","target":{"@type":"EntryPoint","urlTemplate":"https:\/\/www.paranapanema.transparencia.inf.br\/?s={search_term_string}"},"query-input":"required name=search_term_string"}],"inLanguage":"pt-BR"},{"@type":"ImageObject","@id":"https:\/\/www.paranapanema.transparencia.inf.br\/?page_id=13466#primaryimage","inLanguage":"pt-BR","url":"http:\/\/www.paranapanema.transparencia.inf.br\/wp-content\/uploads\/2014\/11\/controle-financeiro.png","contentUrl":"http:\/\/www.paranapanema.transparencia.inf.br\/wp-content\/uploads\/2014\/11\/controle-financeiro.png","width":180,"height":180},{"@type":"WebPage","@id":"https:\/\/www.paranapanema.transparencia.inf.br\/?page_id=13466#webpage","url":"https:\/\/www.paranapanema.transparencia.inf.br\/?page_id=13466","name":"Balancete da Despesa - Portal da Transpar\u00eancia","isPartOf":{"@id":"https:\/\/www.paranapanema.transparencia.inf.br\/#website"},"primaryImageOfPage":{"@id":"https:\/\/www.paranapanema.transparencia.inf.br\/?page_id=13466#primaryimage"},"datePublished":"2014-11-12T10:29:20+00:00","dateModified":"2023-04-12T16:39:50+00:00","breadcrumb":{"@id":"https:\/\/www.paranapanema.transparencia.inf.br\/?page_id=13466#breadcrumb"},"inLanguage":"pt-BR","potentialAction":[{"@type":"ReadAction","target":["https:\/\/www.paranapanema.transparencia.inf.br\/?page_id=13466"]}]},{"@type":"BreadcrumbList","@id":"https:\/\/www.paranapanema.transparencia.inf.br\/?page_id=13466#breadcrumb","itemListElement":[{"@type":"ListItem","position":1,"name":"In\u00edcio","item":"https:\/\/www.paranapanema.transparencia.inf.br\/"},{"@type":"ListItem","position":2,"name":"Balancete da Despesa"}]}]}},"_links":{"self":[{"href":"http:\/\/www.paranapanema.transparencia.inf.br\/index.php?rest_route=\/wp\/v2\/pages\/13466"}],"collection":[{"href":"http:\/\/www.paranapanema.transparencia.inf.br\/index.php?rest_route=\/wp\/v2\/pages"}],"about":[{"href":"http:\/\/www.paranapanema.transparencia.inf.br\/index.php?rest_route=\/wp\/v2\/types\/page"}],"author":[{"embeddable":true,"href":"http:\/\/www.paranapanema.transparencia.inf.br\/index.php?rest_route=\/wp\/v2\/users\/1"}],"replies":[{"embeddable":true,"href":"http:\/\/www.paranapanema.transparencia.inf.br\/index.php?rest_route=%2Fwp%2Fv2%2Fcomments&post=13466"}],"version-history":[{"count":47,"href":"http:\/\/www.paranapanema.transparencia.inf.br\/index.php?rest_route=\/wp\/v2\/pages\/13466\/revisions"}],"predecessor-version":[{"id":30428,"href":"http:\/\/www.paranapanema.transparencia.inf.br\/index.php?rest_route=\/wp\/v2\/pages\/13466\/revisions\/30428"}],"wp:attachment":[{"href":"http:\/\/www.paranapanema.transparencia.inf.br\/index.php?rest_route=%2Fwp%2Fv2%2Fmedia&parent=13466"}],"curies":[{"name":"wp","href":"https:\/\/api.w.org\/{rel}","templated":true}]}}