{"id":13488,"date":"2014-11-12T11:28:29","date_gmt":"2014-11-12T11:28:29","guid":{"rendered":"http:\/\/187.92.100.220\/transparencia\/?page_id=13488"},"modified":"2023-04-12T13:49:11","modified_gmt":"2023-04-12T16:49:11","slug":"tributos-arrecadados","status":"publish","type":"page","link":"http:\/\/www.paranapanema.transparencia.inf.br\/?page_id=13488","title":{"rendered":"Tributos Arrecadados"},"content":{"rendered":"<p style=\"text-align: right;\"><strong><span style=\"font-size: 10pt;\">Escolha o Ano para consultar o Tributo Arrecadado<\/span><\/strong><\/p>\n<p style=\"text-align: right;\"><select onchange=\"location=this.value\"><option>Selecione o Ano<\/option><option value=\"http:\/\/www.paranapanema.transparencia.inf.br\/?page_id=30420\">2023<\/option><option value=\"http:\/\/www.paranapanema.transparencia.inf.br\/?page_id=26822\">2022<\/option><option value=\"http:\/\/www.paranapanema.transparencia.inf.br\/?page_id=24155\">2021<\/option><option value=\"http:\/\/www.paranapanema.transparencia.inf.br\/?page_id=22350\">2020<\/option><option value=\"http:\/\/www.paranapanema.transparencia.inf.br\/?page_id=21149\">2019<\/option><option value=\"http:\/\/www.paranapanema.transparencia.inf.br\/?page_id=20131\">2018<\/option><option value=\"http:\/\/www.paranapanema.transparencia.inf.br\/?page_id=19014\">2017<\/option><option value=\"http:\/\/www.paranapanema.transparencia.inf.br\/?page_id=17109\">2016<\/option><option value=\"http:\/\/www.paranapanema.transparencia.inf.br\/?page_id=16017\">2015<\/option><option value=\"http:\/\/www.paranapanema.transparencia.inf.br\/?page_id=14662\">2014<\/option><option value=\"http:\/\/www.paranapanema.transparencia.inf.br\/?page_id=14657\">2013<\/option><\/select><\/p>\n<hr \/>\n<p>Os tributos s\u00e3o as principais fontes de recursos pr\u00f3prios do munic\u00edpio. A \u00a0arrecada\u00e7\u00e3o tribut\u00e1ria \u00e9 fundamental para o equil\u00edbrio financeiro na gest\u00e3o p\u00fablica e, conseq\u00fcentemente, para a qualidade de servi\u00e7os prestados aos mun\u00edcipes.<\/p>\n<p><img loading=\"lazy\" class=\"alignnone wp-image-14472 alignright\" src=\"http:\/\/www.paranapanema.transparencia.inf.br\/wp-content\/uploads\/2014\/11\/grafico.png\" alt=\"grafico\" width=\"198\" height=\"128\" \/><\/p>\n","protected":false},"excerpt":{"rendered":"<p>Escolha o Ano para consultar o Tributo Arrecadado Selecione o Ano20232022202120202019201820172016201520142013 Os tributos s\u00e3o as principais fontes de recursos pr\u00f3prios do munic\u00edpio. A \u00a0arrecada\u00e7\u00e3o tribut\u00e1ria \u00e9 fundamental para o equil\u00edbrio financeiro na gest\u00e3o p\u00fablica e, conseq\u00fcentemente, para a qualidade de servi\u00e7os prestados aos mun\u00edcipes.<\/p>\n","protected":false},"author":1,"featured_media":0,"parent":0,"menu_order":0,"comment_status":"closed","ping_status":"closed","template":"","meta":{"neve_meta_sidebar":"","neve_meta_container":"","neve_meta_enable_content_width":"","neve_meta_content_width":0,"neve_meta_title_alignment":"","neve_meta_author_avatar":"","neve_post_elements_order":"","neve_meta_disable_header":"","neve_meta_disable_footer":"","neve_meta_disable_title":"","spay_email":""},"yoast_head":"<!-- This site is optimized with the Yoast SEO plugin v17.9 - https:\/\/yoast.com\/wordpress\/plugins\/seo\/ -->\n<title>Tributos Arrecadados - Portal da Transpar\u00eancia<\/title>\n<meta name=\"robots\" content=\"index, follow, max-snippet:-1, max-image-preview:large, max-video-preview:-1\" \/>\n<link rel=\"canonical\" href=\"https:\/\/www.paranapanema.transparencia.inf.br\/?page_id=13488\" \/>\n<meta property=\"og:locale\" content=\"pt_BR\" \/>\n<meta property=\"og:type\" content=\"article\" \/>\n<meta property=\"og:title\" content=\"Tributos Arrecadados - Portal da Transpar\u00eancia\" \/>\n<meta property=\"og:description\" content=\"Escolha o Ano para consultar o Tributo Arrecadado Selecione o Ano20232022202120202019201820172016201520142013 Os tributos s\u00e3o as principais fontes de recursos pr\u00f3prios do munic\u00edpio. A \u00a0arrecada\u00e7\u00e3o tribut\u00e1ria \u00e9 fundamental para o equil\u00edbrio financeiro na gest\u00e3o p\u00fablica e, conseq\u00fcentemente, para a qualidade de servi\u00e7os prestados aos mun\u00edcipes.\" \/>\n<meta property=\"og:url\" content=\"https:\/\/www.paranapanema.transparencia.inf.br\/?page_id=13488\" \/>\n<meta property=\"og:site_name\" content=\"Portal da Transpar\u00eancia\" \/>\n<meta property=\"article:modified_time\" content=\"2023-04-12T16:49:11+00:00\" \/>\n<meta property=\"og:image\" content=\"http:\/\/www.paranapanema.transparencia.inf.br\/wp-content\/uploads\/2014\/11\/grafico.png\" \/>\n<meta name=\"twitter:card\" content=\"summary_large_image\" \/>\n<meta name=\"twitter:label1\" content=\"Est. tempo de leitura\" \/>\n\t<meta name=\"twitter:data1\" content=\"1 minuto\" \/>\n<script type=\"application\/ld+json\" class=\"yoast-schema-graph\">{\"@context\":\"https:\/\/schema.org\",\"@graph\":[{\"@type\":\"WebSite\",\"@id\":\"https:\/\/www.paranapanema.transparencia.inf.br\/#website\",\"url\":\"https:\/\/www.paranapanema.transparencia.inf.br\/\",\"name\":\"Portal da Transpar\\u00eancia\",\"description\":\"Prefeitura Municipal de Paranapanema-SP\",\"potentialAction\":[{\"@type\":\"SearchAction\",\"target\":{\"@type\":\"EntryPoint\",\"urlTemplate\":\"https:\/\/www.paranapanema.transparencia.inf.br\/?s={search_term_string}\"},\"query-input\":\"required name=search_term_string\"}],\"inLanguage\":\"pt-BR\"},{\"@type\":\"ImageObject\",\"@id\":\"https:\/\/www.paranapanema.transparencia.inf.br\/?page_id=13488#primaryimage\",\"inLanguage\":\"pt-BR\",\"url\":\"http:\/\/www.paranapanema.transparencia.inf.br\/wp-content\/uploads\/2014\/11\/grafico.png\",\"contentUrl\":\"http:\/\/www.paranapanema.transparencia.inf.br\/wp-content\/uploads\/2014\/11\/grafico.png\",\"width\":261,\"height\":169},{\"@type\":\"WebPage\",\"@id\":\"https:\/\/www.paranapanema.transparencia.inf.br\/?page_id=13488#webpage\",\"url\":\"https:\/\/www.paranapanema.transparencia.inf.br\/?page_id=13488\",\"name\":\"Tributos Arrecadados - Portal da Transpar\\u00eancia\",\"isPartOf\":{\"@id\":\"https:\/\/www.paranapanema.transparencia.inf.br\/#website\"},\"primaryImageOfPage\":{\"@id\":\"https:\/\/www.paranapanema.transparencia.inf.br\/?page_id=13488#primaryimage\"},\"datePublished\":\"2014-11-12T11:28:29+00:00\",\"dateModified\":\"2023-04-12T16:49:11+00:00\",\"breadcrumb\":{\"@id\":\"https:\/\/www.paranapanema.transparencia.inf.br\/?page_id=13488#breadcrumb\"},\"inLanguage\":\"pt-BR\",\"potentialAction\":[{\"@type\":\"ReadAction\",\"target\":[\"https:\/\/www.paranapanema.transparencia.inf.br\/?page_id=13488\"]}]},{\"@type\":\"BreadcrumbList\",\"@id\":\"https:\/\/www.paranapanema.transparencia.inf.br\/?page_id=13488#breadcrumb\",\"itemListElement\":[{\"@type\":\"ListItem\",\"position\":1,\"name\":\"In\\u00edcio\",\"item\":\"https:\/\/www.paranapanema.transparencia.inf.br\/\"},{\"@type\":\"ListItem\",\"position\":2,\"name\":\"Tributos Arrecadados\"}]}]}<\/script>\n<!-- \/ Yoast SEO plugin. -->","yoast_head_json":{"title":"Tributos Arrecadados - Portal da Transpar\u00eancia","robots":{"index":"index","follow":"follow","max-snippet":"max-snippet:-1","max-image-preview":"max-image-preview:large","max-video-preview":"max-video-preview:-1"},"canonical":"https:\/\/www.paranapanema.transparencia.inf.br\/?page_id=13488","og_locale":"pt_BR","og_type":"article","og_title":"Tributos Arrecadados - Portal da Transpar\u00eancia","og_description":"Escolha o Ano para consultar o Tributo Arrecadado Selecione o Ano20232022202120202019201820172016201520142013 Os tributos s\u00e3o as principais fontes de recursos pr\u00f3prios do munic\u00edpio. A \u00a0arrecada\u00e7\u00e3o tribut\u00e1ria \u00e9 fundamental para o equil\u00edbrio financeiro na gest\u00e3o p\u00fablica e, conseq\u00fcentemente, para a qualidade de servi\u00e7os prestados aos mun\u00edcipes.","og_url":"https:\/\/www.paranapanema.transparencia.inf.br\/?page_id=13488","og_site_name":"Portal da Transpar\u00eancia","article_modified_time":"2023-04-12T16:49:11+00:00","og_image":[{"url":"http:\/\/www.paranapanema.transparencia.inf.br\/wp-content\/uploads\/2014\/11\/grafico.png"}],"twitter_card":"summary_large_image","twitter_misc":{"Est. tempo de leitura":"1 minuto"},"schema":{"@context":"https:\/\/schema.org","@graph":[{"@type":"WebSite","@id":"https:\/\/www.paranapanema.transparencia.inf.br\/#website","url":"https:\/\/www.paranapanema.transparencia.inf.br\/","name":"Portal da Transpar\u00eancia","description":"Prefeitura Municipal de Paranapanema-SP","potentialAction":[{"@type":"SearchAction","target":{"@type":"EntryPoint","urlTemplate":"https:\/\/www.paranapanema.transparencia.inf.br\/?s={search_term_string}"},"query-input":"required name=search_term_string"}],"inLanguage":"pt-BR"},{"@type":"ImageObject","@id":"https:\/\/www.paranapanema.transparencia.inf.br\/?page_id=13488#primaryimage","inLanguage":"pt-BR","url":"http:\/\/www.paranapanema.transparencia.inf.br\/wp-content\/uploads\/2014\/11\/grafico.png","contentUrl":"http:\/\/www.paranapanema.transparencia.inf.br\/wp-content\/uploads\/2014\/11\/grafico.png","width":261,"height":169},{"@type":"WebPage","@id":"https:\/\/www.paranapanema.transparencia.inf.br\/?page_id=13488#webpage","url":"https:\/\/www.paranapanema.transparencia.inf.br\/?page_id=13488","name":"Tributos Arrecadados - Portal da Transpar\u00eancia","isPartOf":{"@id":"https:\/\/www.paranapanema.transparencia.inf.br\/#website"},"primaryImageOfPage":{"@id":"https:\/\/www.paranapanema.transparencia.inf.br\/?page_id=13488#primaryimage"},"datePublished":"2014-11-12T11:28:29+00:00","dateModified":"2023-04-12T16:49:11+00:00","breadcrumb":{"@id":"https:\/\/www.paranapanema.transparencia.inf.br\/?page_id=13488#breadcrumb"},"inLanguage":"pt-BR","potentialAction":[{"@type":"ReadAction","target":["https:\/\/www.paranapanema.transparencia.inf.br\/?page_id=13488"]}]},{"@type":"BreadcrumbList","@id":"https:\/\/www.paranapanema.transparencia.inf.br\/?page_id=13488#breadcrumb","itemListElement":[{"@type":"ListItem","position":1,"name":"In\u00edcio","item":"https:\/\/www.paranapanema.transparencia.inf.br\/"},{"@type":"ListItem","position":2,"name":"Tributos Arrecadados"}]}]}},"_links":{"self":[{"href":"http:\/\/www.paranapanema.transparencia.inf.br\/index.php?rest_route=\/wp\/v2\/pages\/13488"}],"collection":[{"href":"http:\/\/www.paranapanema.transparencia.inf.br\/index.php?rest_route=\/wp\/v2\/pages"}],"about":[{"href":"http:\/\/www.paranapanema.transparencia.inf.br\/index.php?rest_route=\/wp\/v2\/types\/page"}],"author":[{"embeddable":true,"href":"http:\/\/www.paranapanema.transparencia.inf.br\/index.php?rest_route=\/wp\/v2\/users\/1"}],"replies":[{"embeddable":true,"href":"http:\/\/www.paranapanema.transparencia.inf.br\/index.php?rest_route=%2Fwp%2Fv2%2Fcomments&post=13488"}],"version-history":[{"count":29,"href":"http:\/\/www.paranapanema.transparencia.inf.br\/index.php?rest_route=\/wp\/v2\/pages\/13488\/revisions"}],"predecessor-version":[{"id":30434,"href":"http:\/\/www.paranapanema.transparencia.inf.br\/index.php?rest_route=\/wp\/v2\/pages\/13488\/revisions\/30434"}],"wp:attachment":[{"href":"http:\/\/www.paranapanema.transparencia.inf.br\/index.php?rest_route=%2Fwp%2Fv2%2Fmedia&parent=13488"}],"curies":[{"name":"wp","href":"https:\/\/api.w.org\/{rel}","templated":true}]}}