{"id":14736,"date":"2014-12-15T12:44:16","date_gmt":"2014-12-15T12:44:16","guid":{"rendered":"http:\/\/www.paranapanema.transparencia.inf.br\/?page_id=14736"},"modified":"2015-01-29T12:24:19","modified_gmt":"2015-01-29T12:24:19","slug":"informacao-por-carta","status":"publish","type":"page","link":"http:\/\/www.paranapanema.transparencia.inf.br\/?page_id=14736","title":{"rendered":"Informa\u00e7\u00e3o por Carta"},"content":{"rendered":"<p><a href=\"http:\/\/www.paranapanema.transparencia.inf.br\/wp-content\/uploads\/2014\/10\/lai.jpg\"><img loading=\"lazy\" class=\"alignnone  wp-image-14594\" src=\"http:\/\/www.paranapanema.transparencia.inf.br\/wp-content\/uploads\/2014\/10\/lai-300x130.jpg\" alt=\"lai\" width=\"171\" height=\"74\" srcset=\"http:\/\/www.paranapanema.transparencia.inf.br\/wp-content\/uploads\/2014\/10\/lai-300x130.jpg 300w, http:\/\/www.paranapanema.transparencia.inf.br\/wp-content\/uploads\/2014\/10\/lai.jpg 350w\" sizes=\"(max-width: 171px) 100vw, 171px\" \/><\/a><\/p>\n<p>Para pedidos de informa\u00e7\u00e3o por carta, favor imprimir e preencher o formul\u00e1rio dispon\u00edvel abaixo e encaminhar para o Departamento de Protocolo da Prefeitura Municipal da Est\u00e2ncia Tur\u00edstica de Paranapanema.<\/p>\n<p>&nbsp;<\/p>\n<table align=\"center\">\n<tbody>\n<tr>\n<td><span style=\"font-size: 10pt; color: #000000;\"><strong><a style=\"color: #000000;\" href=\"http:\/\/www.paranapanema.transparencia.inf.br\/wp-content\/uploads\/2014\/12\/Formulario-Sic.pdf\" target=\"_blank\">Formul\u00e1rio de pedido de Informa\u00e7\u00e3o<\/a><\/strong><\/span><\/td>\n<\/tr>\n<\/tbody>\n<\/table>\n<p>&nbsp;<\/p>\n<ul>\n<li><span style=\"font-size: 8pt;\"><strong>Localiza\u00e7\u00e3o:\u00a0<\/strong>Prefeitura Municipal da Est\u00e2ncia Tur\u00edstica de Paranapanema,\u00a0Rua Capit\u00e3o Pinto de Melo, 485<strong>\u00a0<\/strong>Centro<\/span><\/li>\n<li><span style=\"font-size: 8pt;\"><strong>CEP: <\/strong>18720-000<\/span><\/li>\n<li><span style=\"font-size: 8pt;\"><strong>Telefone :\u00a0<\/strong>( 14 ) 3713-9200 <strong>Ramal:<\/strong> ( 9221 )<\/span><\/li>\n<li class=\"style1\"><span style=\"font-size: 8pt;\"><strong>Hor\u00e1rio de Atendimento:\u00a0<\/strong>Segunda a Sexta-feira, das 07h30 \u00e0s 17h00<\/span><\/li>\n<li class=\"style1\"><span style=\"font-size: 8pt;\"><strong>Nome do servidor respons\u00e1vel pelo SIC: <\/strong>Fernando Abellaneda<\/span><\/li>\n<\/ul>\n","protected":false},"excerpt":{"rendered":"<p>Para pedidos de informa\u00e7\u00e3o por carta, favor imprimir e preencher o formul\u00e1rio dispon\u00edvel abaixo e encaminhar para o Departamento de Protocolo da Prefeitura Municipal da Est\u00e2ncia Tur\u00edstica de Paranapanema. &nbsp; Formul\u00e1rio de pedido de Informa\u00e7\u00e3o &nbsp; Localiza\u00e7\u00e3o:\u00a0Prefeitura Municipal da Est\u00e2ncia Tur\u00edstica de Paranapanema,\u00a0Rua Capit\u00e3o Pinto de Melo, 485\u00a0Centro CEP: 18720-000 Telefone :\u00a0( 14 ) 3713-9200&hellip;&nbsp;<a href=\"http:\/\/www.paranapanema.transparencia.inf.br\/?page_id=14736\" class=\"\" rel=\"bookmark\">Continue a ler &raquo;<span class=\"screen-reader-text\">Informa\u00e7\u00e3o por Carta<\/span><\/a><\/p>\n","protected":false},"author":1,"featured_media":0,"parent":12595,"menu_order":0,"comment_status":"closed","ping_status":"closed","template":"template-onecolumn.php","meta":{"neve_meta_sidebar":"","neve_meta_container":"","neve_meta_enable_content_width":"","neve_meta_content_width":0,"neve_meta_title_alignment":"","neve_meta_author_avatar":"","neve_post_elements_order":"","neve_meta_disable_header":"","neve_meta_disable_footer":"","neve_meta_disable_title":"","spay_email":""},"yoast_head":"<!-- This site is optimized with the Yoast SEO plugin v17.9 - https:\/\/yoast.com\/wordpress\/plugins\/seo\/ -->\n<title>Informa\u00e7\u00e3o por Carta - Portal da Transpar\u00eancia<\/title>\n<meta name=\"robots\" content=\"index, follow, max-snippet:-1, max-image-preview:large, max-video-preview:-1\" \/>\n<link rel=\"canonical\" href=\"http:\/\/www.paranapanema.transparencia.inf.br\/?page_id=14736\" \/>\n<meta property=\"og:locale\" content=\"pt_BR\" \/>\n<meta property=\"og:type\" content=\"article\" \/>\n<meta property=\"og:title\" content=\"Informa\u00e7\u00e3o por Carta - Portal da Transpar\u00eancia\" \/>\n<meta property=\"og:description\" content=\"Para pedidos de informa\u00e7\u00e3o por carta, favor imprimir e preencher o formul\u00e1rio dispon\u00edvel abaixo e encaminhar para o Departamento de Protocolo da Prefeitura Municipal da Est\u00e2ncia Tur\u00edstica de Paranapanema. &nbsp; Formul\u00e1rio de pedido de Informa\u00e7\u00e3o &nbsp; Localiza\u00e7\u00e3o:\u00a0Prefeitura Municipal da Est\u00e2ncia Tur\u00edstica de Paranapanema,\u00a0Rua Capit\u00e3o Pinto de Melo, 485\u00a0Centro CEP: 18720-000 Telefone :\u00a0( 14 ) 3713-9200&hellip;&nbsp;Continue a ler &raquo;Informa\u00e7\u00e3o por Carta\" \/>\n<meta property=\"og:url\" content=\"http:\/\/www.paranapanema.transparencia.inf.br\/?page_id=14736\" \/>\n<meta property=\"og:site_name\" content=\"Portal da Transpar\u00eancia\" \/>\n<meta property=\"article:modified_time\" content=\"2015-01-29T12:24:19+00:00\" \/>\n<meta property=\"og:image\" content=\"http:\/\/www.paranapanema.transparencia.inf.br\/wp-content\/uploads\/2014\/10\/lai-300x130.jpg\" \/>\n<meta name=\"twitter:card\" content=\"summary_large_image\" \/>\n<script type=\"application\/ld+json\" class=\"yoast-schema-graph\">{\"@context\":\"https:\/\/schema.org\",\"@graph\":[{\"@type\":\"WebSite\",\"@id\":\"http:\/\/www.paranapanema.transparencia.inf.br\/#website\",\"url\":\"http:\/\/www.paranapanema.transparencia.inf.br\/\",\"name\":\"Portal da Transpar\\u00eancia\",\"description\":\"Prefeitura Municipal de Paranapanema-SP\",\"potentialAction\":[{\"@type\":\"SearchAction\",\"target\":{\"@type\":\"EntryPoint\",\"urlTemplate\":\"http:\/\/www.paranapanema.transparencia.inf.br\/?s={search_term_string}\"},\"query-input\":\"required name=search_term_string\"}],\"inLanguage\":\"pt-BR\"},{\"@type\":\"ImageObject\",\"@id\":\"http:\/\/www.paranapanema.transparencia.inf.br\/?page_id=14736#primaryimage\",\"inLanguage\":\"pt-BR\",\"url\":\"http:\/\/www.paranapanema.transparencia.inf.br\/wp-content\/uploads\/2014\/10\/lai.jpg\",\"contentUrl\":\"http:\/\/www.paranapanema.transparencia.inf.br\/wp-content\/uploads\/2014\/10\/lai.jpg\",\"width\":350,\"height\":152},{\"@type\":\"WebPage\",\"@id\":\"http:\/\/www.paranapanema.transparencia.inf.br\/?page_id=14736#webpage\",\"url\":\"http:\/\/www.paranapanema.transparencia.inf.br\/?page_id=14736\",\"name\":\"Informa\\u00e7\\u00e3o por Carta - Portal da Transpar\\u00eancia\",\"isPartOf\":{\"@id\":\"http:\/\/www.paranapanema.transparencia.inf.br\/#website\"},\"primaryImageOfPage\":{\"@id\":\"http:\/\/www.paranapanema.transparencia.inf.br\/?page_id=14736#primaryimage\"},\"datePublished\":\"2014-12-15T12:44:16+00:00\",\"dateModified\":\"2015-01-29T12:24:19+00:00\",\"breadcrumb\":{\"@id\":\"http:\/\/www.paranapanema.transparencia.inf.br\/?page_id=14736#breadcrumb\"},\"inLanguage\":\"pt-BR\",\"potentialAction\":[{\"@type\":\"ReadAction\",\"target\":[\"http:\/\/www.paranapanema.transparencia.inf.br\/?page_id=14736\"]}]},{\"@type\":\"BreadcrumbList\",\"@id\":\"http:\/\/www.paranapanema.transparencia.inf.br\/?page_id=14736#breadcrumb\",\"itemListElement\":[{\"@type\":\"ListItem\",\"position\":1,\"name\":\"In\\u00edcio\",\"item\":\"http:\/\/www.paranapanema.transparencia.inf.br\/\"},{\"@type\":\"ListItem\",\"position\":2,\"name\":\"Servi\\u00e7o de Informa\\u00e7\\u00e3o ao Cidad\\u00e3o\",\"item\":\"http:\/\/www.paranapanema.transparencia.inf.br\/?page_id=12595\"},{\"@type\":\"ListItem\",\"position\":3,\"name\":\"Informa\\u00e7\\u00e3o por Carta\"}]}]}<\/script>\n<!-- \/ Yoast SEO plugin. -->","yoast_head_json":{"title":"Informa\u00e7\u00e3o por Carta - Portal da Transpar\u00eancia","robots":{"index":"index","follow":"follow","max-snippet":"max-snippet:-1","max-image-preview":"max-image-preview:large","max-video-preview":"max-video-preview:-1"},"canonical":"http:\/\/www.paranapanema.transparencia.inf.br\/?page_id=14736","og_locale":"pt_BR","og_type":"article","og_title":"Informa\u00e7\u00e3o por Carta - Portal da Transpar\u00eancia","og_description":"Para pedidos de informa\u00e7\u00e3o por carta, favor imprimir e preencher o formul\u00e1rio dispon\u00edvel abaixo e encaminhar para o Departamento de Protocolo da Prefeitura Municipal da Est\u00e2ncia Tur\u00edstica de Paranapanema. &nbsp; Formul\u00e1rio de pedido de Informa\u00e7\u00e3o &nbsp; Localiza\u00e7\u00e3o:\u00a0Prefeitura Municipal da Est\u00e2ncia Tur\u00edstica de Paranapanema,\u00a0Rua Capit\u00e3o Pinto de Melo, 485\u00a0Centro CEP: 18720-000 Telefone :\u00a0( 14 ) 3713-9200&hellip;&nbsp;Continue a ler &raquo;Informa\u00e7\u00e3o por Carta","og_url":"http:\/\/www.paranapanema.transparencia.inf.br\/?page_id=14736","og_site_name":"Portal da Transpar\u00eancia","article_modified_time":"2015-01-29T12:24:19+00:00","og_image":[{"url":"http:\/\/www.paranapanema.transparencia.inf.br\/wp-content\/uploads\/2014\/10\/lai-300x130.jpg"}],"twitter_card":"summary_large_image","schema":{"@context":"https:\/\/schema.org","@graph":[{"@type":"WebSite","@id":"http:\/\/www.paranapanema.transparencia.inf.br\/#website","url":"http:\/\/www.paranapanema.transparencia.inf.br\/","name":"Portal da Transpar\u00eancia","description":"Prefeitura Municipal de Paranapanema-SP","potentialAction":[{"@type":"SearchAction","target":{"@type":"EntryPoint","urlTemplate":"http:\/\/www.paranapanema.transparencia.inf.br\/?s={search_term_string}"},"query-input":"required name=search_term_string"}],"inLanguage":"pt-BR"},{"@type":"ImageObject","@id":"http:\/\/www.paranapanema.transparencia.inf.br\/?page_id=14736#primaryimage","inLanguage":"pt-BR","url":"http:\/\/www.paranapanema.transparencia.inf.br\/wp-content\/uploads\/2014\/10\/lai.jpg","contentUrl":"http:\/\/www.paranapanema.transparencia.inf.br\/wp-content\/uploads\/2014\/10\/lai.jpg","width":350,"height":152},{"@type":"WebPage","@id":"http:\/\/www.paranapanema.transparencia.inf.br\/?page_id=14736#webpage","url":"http:\/\/www.paranapanema.transparencia.inf.br\/?page_id=14736","name":"Informa\u00e7\u00e3o por Carta - Portal da Transpar\u00eancia","isPartOf":{"@id":"http:\/\/www.paranapanema.transparencia.inf.br\/#website"},"primaryImageOfPage":{"@id":"http:\/\/www.paranapanema.transparencia.inf.br\/?page_id=14736#primaryimage"},"datePublished":"2014-12-15T12:44:16+00:00","dateModified":"2015-01-29T12:24:19+00:00","breadcrumb":{"@id":"http:\/\/www.paranapanema.transparencia.inf.br\/?page_id=14736#breadcrumb"},"inLanguage":"pt-BR","potentialAction":[{"@type":"ReadAction","target":["http:\/\/www.paranapanema.transparencia.inf.br\/?page_id=14736"]}]},{"@type":"BreadcrumbList","@id":"http:\/\/www.paranapanema.transparencia.inf.br\/?page_id=14736#breadcrumb","itemListElement":[{"@type":"ListItem","position":1,"name":"In\u00edcio","item":"http:\/\/www.paranapanema.transparencia.inf.br\/"},{"@type":"ListItem","position":2,"name":"Servi\u00e7o de Informa\u00e7\u00e3o ao Cidad\u00e3o","item":"http:\/\/www.paranapanema.transparencia.inf.br\/?page_id=12595"},{"@type":"ListItem","position":3,"name":"Informa\u00e7\u00e3o por Carta"}]}]}},"_links":{"self":[{"href":"http:\/\/www.paranapanema.transparencia.inf.br\/index.php?rest_route=\/wp\/v2\/pages\/14736"}],"collection":[{"href":"http:\/\/www.paranapanema.transparencia.inf.br\/index.php?rest_route=\/wp\/v2\/pages"}],"about":[{"href":"http:\/\/www.paranapanema.transparencia.inf.br\/index.php?rest_route=\/wp\/v2\/types\/page"}],"author":[{"embeddable":true,"href":"http:\/\/www.paranapanema.transparencia.inf.br\/index.php?rest_route=\/wp\/v2\/users\/1"}],"replies":[{"embeddable":true,"href":"http:\/\/www.paranapanema.transparencia.inf.br\/index.php?rest_route=%2Fwp%2Fv2%2Fcomments&post=14736"}],"version-history":[{"count":13,"href":"http:\/\/www.paranapanema.transparencia.inf.br\/index.php?rest_route=\/wp\/v2\/pages\/14736\/revisions"}],"predecessor-version":[{"id":15043,"href":"http:\/\/www.paranapanema.transparencia.inf.br\/index.php?rest_route=\/wp\/v2\/pages\/14736\/revisions\/15043"}],"up":[{"embeddable":true,"href":"http:\/\/www.paranapanema.transparencia.inf.br\/index.php?rest_route=\/wp\/v2\/pages\/12595"}],"wp:attachment":[{"href":"http:\/\/www.paranapanema.transparencia.inf.br\/index.php?rest_route=%2Fwp%2Fv2%2Fmedia&parent=14736"}],"curies":[{"name":"wp","href":"https:\/\/api.w.org\/{rel}","templated":true}]}}