{"id":15089,"date":"2015-01-30T15:50:34","date_gmt":"2015-01-30T15:50:34","guid":{"rendered":"http:\/\/www.paranapanema.transparencia.inf.br\/?page_id=15089"},"modified":"2023-03-27T10:36:31","modified_gmt":"2023-03-27T13:36:31","slug":"contratos","status":"publish","type":"page","link":"http:\/\/www.paranapanema.transparencia.inf.br\/?page_id=15089","title":{"rendered":"Contratos"},"content":{"rendered":"<p style=\"text-align: right;\">&nbsp;<strong>Escolha o Ano para consultar os Contratos.<\/strong><\/p>\n<p style=\"text-align: right;\"><select onchange=\"location=this.value\"><option>Selecione o Ano<\/option><option value=\"http:\/\/www.paranapanema.transparencia.inf.br\/?p=30340\">2023<\/option><option value=\"http:\/\/www.paranapanema.transparencia.inf.br\/?page_id=26391\">2022<\/option><option value=\"http:\/\/www.paranapanema.transparencia.inf.br\/?page_id=23166\">2021<\/option><option value=\"http:\/\/www.paranapanema.transparencia.inf.br\/?page_id=22244\">2020<\/option><option value=\"http:\/\/www.paranapanema.transparencia.inf.br\/?page_id=21234\">2019<\/option><option value=\"http:\/\/www.paranapanema.transparencia.inf.br\/?page_id=19903\">2018<\/option><option value=\"http:\/\/www.paranapanema.transparencia.inf.br\/?page_id=18650\">2017<\/option><option value=\"http:\/\/www.paranapanema.transparencia.inf.br\/?page_id=17061\">2016<\/option><option value=\"http:\/\/www.paranapanema.transparencia.inf.br\/?page_id=15069\">2015<\/option><option value=\"http:\/\/www.paranapanema.transparencia.inf.br\/?page_id=13114\">2014<\/option><option value=\"http:\/\/www.paranapanema.transparencia.inf.br\/?page_id=13876\">2013<\/option><\/select><\/p>\n<hr>\n<p style=\"text-align: left;\"><b>Contrato administrativo<\/b> ou <b>contrato p\u00fablico<\/b> \u00e9 o instrumento dado \u00e0 Administra\u00e7\u00e3o p\u00fablica para dirigir-se e atuar perante seus administrados sempre que necessite adquirir bens ou servi\u00e7os dos particulares.<\/p>\n<p style=\"text-align: left;\">Contrato \u00e9 o acordo rec\u00edproco de vontades que tem por fim gerar obriga\u00e7\u00f5es rec\u00edprocas entre os contratantes. Assim como o particular, o Poder P\u00fablico celebra contratos no intuito de alcan\u00e7ar objetivos de interesse p\u00fablico.<\/p>\n<p style=\"text-align: left;\"><img loading=\"lazy\" class=\"wp-image-15090 alignright\" src=\"http:\/\/www.paranapanema.transparencia.inf.br\/wp-content\/uploads\/2015\/01\/contratos.png\" alt=\"contratos\" width=\"107\" height=\"107\" srcset=\"http:\/\/www.paranapanema.transparencia.inf.br\/wp-content\/uploads\/2015\/01\/contratos.png 256w, http:\/\/www.paranapanema.transparencia.inf.br\/wp-content\/uploads\/2015\/01\/contratos-150x150.png 150w\" sizes=\"(max-width: 107px) 100vw, 107px\" \/><\/p>\n","protected":false},"excerpt":{"rendered":"<p>&nbsp;Escolha o Ano para consultar os Contratos. Selecione o Ano20232022202120202019201820172016201520142013 Contrato administrativo ou contrato p\u00fablico \u00e9 o instrumento dado \u00e0 Administra\u00e7\u00e3o p\u00fablica para dirigir-se e atuar perante seus administrados sempre que necessite adquirir bens ou servi\u00e7os dos particulares. Contrato \u00e9 o acordo rec\u00edproco de vontades que tem por fim gerar obriga\u00e7\u00f5es rec\u00edprocas entre os contratantes.&hellip;&nbsp;<a href=\"http:\/\/www.paranapanema.transparencia.inf.br\/?page_id=15089\" class=\"\" rel=\"bookmark\">Continue a ler &raquo;<span class=\"screen-reader-text\">Contratos<\/span><\/a><\/p>\n","protected":false},"author":1,"featured_media":0,"parent":0,"menu_order":0,"comment_status":"closed","ping_status":"closed","template":"","meta":{"neve_meta_sidebar":"","neve_meta_container":"","neve_meta_enable_content_width":"","neve_meta_content_width":0,"neve_meta_title_alignment":"","neve_meta_author_avatar":"","neve_post_elements_order":"","neve_meta_disable_header":"","neve_meta_disable_footer":"","neve_meta_disable_title":"","spay_email":""},"yoast_head":"<!-- This site is optimized with the Yoast SEO plugin v17.9 - https:\/\/yoast.com\/wordpress\/plugins\/seo\/ -->\n<title>Contratos - Portal da Transpar\u00eancia<\/title>\n<meta name=\"robots\" content=\"index, follow, max-snippet:-1, max-image-preview:large, max-video-preview:-1\" \/>\n<link rel=\"canonical\" href=\"http:\/\/www.paranapanema.transparencia.inf.br\/?page_id=15089\" \/>\n<meta property=\"og:locale\" content=\"pt_BR\" \/>\n<meta property=\"og:type\" content=\"article\" \/>\n<meta property=\"og:title\" content=\"Contratos - Portal da Transpar\u00eancia\" \/>\n<meta property=\"og:description\" content=\"&nbsp;Escolha o Ano para consultar os Contratos. Selecione o Ano20232022202120202019201820172016201520142013 Contrato administrativo ou contrato p\u00fablico \u00e9 o instrumento dado \u00e0 Administra\u00e7\u00e3o p\u00fablica para dirigir-se e atuar perante seus administrados sempre que necessite adquirir bens ou servi\u00e7os dos particulares. Contrato \u00e9 o acordo rec\u00edproco de vontades que tem por fim gerar obriga\u00e7\u00f5es rec\u00edprocas entre os contratantes.&hellip;&nbsp;Continue a ler &raquo;Contratos\" \/>\n<meta property=\"og:url\" content=\"http:\/\/www.paranapanema.transparencia.inf.br\/?page_id=15089\" \/>\n<meta property=\"og:site_name\" content=\"Portal da Transpar\u00eancia\" \/>\n<meta property=\"article:modified_time\" content=\"2023-03-27T13:36:31+00:00\" \/>\n<meta property=\"og:image\" content=\"http:\/\/www.paranapanema.transparencia.inf.br\/wp-content\/uploads\/2015\/01\/contratos.png\" \/>\n<meta name=\"twitter:card\" content=\"summary_large_image\" \/>\n<meta name=\"twitter:label1\" content=\"Est. tempo de leitura\" \/>\n\t<meta name=\"twitter:data1\" content=\"1 minuto\" \/>\n<script type=\"application\/ld+json\" class=\"yoast-schema-graph\">{\"@context\":\"https:\/\/schema.org\",\"@graph\":[{\"@type\":\"WebSite\",\"@id\":\"https:\/\/www.paranapanema.transparencia.inf.br\/#website\",\"url\":\"https:\/\/www.paranapanema.transparencia.inf.br\/\",\"name\":\"Portal da Transpar\\u00eancia\",\"description\":\"Prefeitura Municipal de Paranapanema-SP\",\"potentialAction\":[{\"@type\":\"SearchAction\",\"target\":{\"@type\":\"EntryPoint\",\"urlTemplate\":\"https:\/\/www.paranapanema.transparencia.inf.br\/?s={search_term_string}\"},\"query-input\":\"required name=search_term_string\"}],\"inLanguage\":\"pt-BR\"},{\"@type\":\"ImageObject\",\"@id\":\"http:\/\/www.paranapanema.transparencia.inf.br\/?page_id=15089#primaryimage\",\"inLanguage\":\"pt-BR\",\"url\":\"http:\/\/www.paranapanema.transparencia.inf.br\/wp-content\/uploads\/2015\/01\/contratos.png\",\"contentUrl\":\"http:\/\/www.paranapanema.transparencia.inf.br\/wp-content\/uploads\/2015\/01\/contratos.png\",\"width\":256,\"height\":256},{\"@type\":\"WebPage\",\"@id\":\"http:\/\/www.paranapanema.transparencia.inf.br\/?page_id=15089#webpage\",\"url\":\"http:\/\/www.paranapanema.transparencia.inf.br\/?page_id=15089\",\"name\":\"Contratos - Portal da Transpar\\u00eancia\",\"isPartOf\":{\"@id\":\"https:\/\/www.paranapanema.transparencia.inf.br\/#website\"},\"primaryImageOfPage\":{\"@id\":\"http:\/\/www.paranapanema.transparencia.inf.br\/?page_id=15089#primaryimage\"},\"datePublished\":\"2015-01-30T15:50:34+00:00\",\"dateModified\":\"2023-03-27T13:36:31+00:00\",\"breadcrumb\":{\"@id\":\"http:\/\/www.paranapanema.transparencia.inf.br\/?page_id=15089#breadcrumb\"},\"inLanguage\":\"pt-BR\",\"potentialAction\":[{\"@type\":\"ReadAction\",\"target\":[\"http:\/\/www.paranapanema.transparencia.inf.br\/?page_id=15089\"]}]},{\"@type\":\"BreadcrumbList\",\"@id\":\"http:\/\/www.paranapanema.transparencia.inf.br\/?page_id=15089#breadcrumb\",\"itemListElement\":[{\"@type\":\"ListItem\",\"position\":1,\"name\":\"In\\u00edcio\",\"item\":\"https:\/\/www.paranapanema.transparencia.inf.br\/\"},{\"@type\":\"ListItem\",\"position\":2,\"name\":\"Contratos\"}]}]}<\/script>\n<!-- \/ Yoast SEO plugin. -->","yoast_head_json":{"title":"Contratos - Portal da Transpar\u00eancia","robots":{"index":"index","follow":"follow","max-snippet":"max-snippet:-1","max-image-preview":"max-image-preview:large","max-video-preview":"max-video-preview:-1"},"canonical":"http:\/\/www.paranapanema.transparencia.inf.br\/?page_id=15089","og_locale":"pt_BR","og_type":"article","og_title":"Contratos - Portal da Transpar\u00eancia","og_description":"&nbsp;Escolha o Ano para consultar os Contratos. Selecione o Ano20232022202120202019201820172016201520142013 Contrato administrativo ou contrato p\u00fablico \u00e9 o instrumento dado \u00e0 Administra\u00e7\u00e3o p\u00fablica para dirigir-se e atuar perante seus administrados sempre que necessite adquirir bens ou servi\u00e7os dos particulares. Contrato \u00e9 o acordo rec\u00edproco de vontades que tem por fim gerar obriga\u00e7\u00f5es rec\u00edprocas entre os contratantes.&hellip;&nbsp;Continue a ler &raquo;Contratos","og_url":"http:\/\/www.paranapanema.transparencia.inf.br\/?page_id=15089","og_site_name":"Portal da Transpar\u00eancia","article_modified_time":"2023-03-27T13:36:31+00:00","og_image":[{"url":"http:\/\/www.paranapanema.transparencia.inf.br\/wp-content\/uploads\/2015\/01\/contratos.png"}],"twitter_card":"summary_large_image","twitter_misc":{"Est. tempo de leitura":"1 minuto"},"schema":{"@context":"https:\/\/schema.org","@graph":[{"@type":"WebSite","@id":"https:\/\/www.paranapanema.transparencia.inf.br\/#website","url":"https:\/\/www.paranapanema.transparencia.inf.br\/","name":"Portal da Transpar\u00eancia","description":"Prefeitura Municipal de Paranapanema-SP","potentialAction":[{"@type":"SearchAction","target":{"@type":"EntryPoint","urlTemplate":"https:\/\/www.paranapanema.transparencia.inf.br\/?s={search_term_string}"},"query-input":"required name=search_term_string"}],"inLanguage":"pt-BR"},{"@type":"ImageObject","@id":"http:\/\/www.paranapanema.transparencia.inf.br\/?page_id=15089#primaryimage","inLanguage":"pt-BR","url":"http:\/\/www.paranapanema.transparencia.inf.br\/wp-content\/uploads\/2015\/01\/contratos.png","contentUrl":"http:\/\/www.paranapanema.transparencia.inf.br\/wp-content\/uploads\/2015\/01\/contratos.png","width":256,"height":256},{"@type":"WebPage","@id":"http:\/\/www.paranapanema.transparencia.inf.br\/?page_id=15089#webpage","url":"http:\/\/www.paranapanema.transparencia.inf.br\/?page_id=15089","name":"Contratos - Portal da Transpar\u00eancia","isPartOf":{"@id":"https:\/\/www.paranapanema.transparencia.inf.br\/#website"},"primaryImageOfPage":{"@id":"http:\/\/www.paranapanema.transparencia.inf.br\/?page_id=15089#primaryimage"},"datePublished":"2015-01-30T15:50:34+00:00","dateModified":"2023-03-27T13:36:31+00:00","breadcrumb":{"@id":"http:\/\/www.paranapanema.transparencia.inf.br\/?page_id=15089#breadcrumb"},"inLanguage":"pt-BR","potentialAction":[{"@type":"ReadAction","target":["http:\/\/www.paranapanema.transparencia.inf.br\/?page_id=15089"]}]},{"@type":"BreadcrumbList","@id":"http:\/\/www.paranapanema.transparencia.inf.br\/?page_id=15089#breadcrumb","itemListElement":[{"@type":"ListItem","position":1,"name":"In\u00edcio","item":"https:\/\/www.paranapanema.transparencia.inf.br\/"},{"@type":"ListItem","position":2,"name":"Contratos"}]}]}},"_links":{"self":[{"href":"http:\/\/www.paranapanema.transparencia.inf.br\/index.php?rest_route=\/wp\/v2\/pages\/15089"}],"collection":[{"href":"http:\/\/www.paranapanema.transparencia.inf.br\/index.php?rest_route=\/wp\/v2\/pages"}],"about":[{"href":"http:\/\/www.paranapanema.transparencia.inf.br\/index.php?rest_route=\/wp\/v2\/types\/page"}],"author":[{"embeddable":true,"href":"http:\/\/www.paranapanema.transparencia.inf.br\/index.php?rest_route=\/wp\/v2\/users\/1"}],"replies":[{"embeddable":true,"href":"http:\/\/www.paranapanema.transparencia.inf.br\/index.php?rest_route=%2Fwp%2Fv2%2Fcomments&post=15089"}],"version-history":[{"count":12,"href":"http:\/\/www.paranapanema.transparencia.inf.br\/index.php?rest_route=\/wp\/v2\/pages\/15089\/revisions"}],"predecessor-version":[{"id":30358,"href":"http:\/\/www.paranapanema.transparencia.inf.br\/index.php?rest_route=\/wp\/v2\/pages\/15089\/revisions\/30358"}],"wp:attachment":[{"href":"http:\/\/www.paranapanema.transparencia.inf.br\/index.php?rest_route=%2Fwp%2Fv2%2Fmedia&parent=15089"}],"curies":[{"name":"wp","href":"https:\/\/api.w.org\/{rel}","templated":true}]}}