{"id":15330,"date":"2015-02-02T12:20:34","date_gmt":"2015-02-02T12:20:34","guid":{"rendered":"http:\/\/www.paranapanema.transparencia.inf.br\/?page_id=15330"},"modified":"2023-05-03T09:23:01","modified_gmt":"2023-05-03T12:23:01","slug":"ata-de-registro-de-precos","status":"publish","type":"page","link":"http:\/\/www.paranapanema.transparencia.inf.br\/?page_id=15330","title":{"rendered":"Atas de Registro de Pre\u00e7os"},"content":{"rendered":"<p style=\"text-align: right;\"><strong><span style=\"font-size: 10pt;\">Escolha o Ano para consultar a Ata de Registro de Pre\u00e7os.<\/span><\/strong><\/p>\n<p style=\"text-align: right;\"><select onchange=\"location=this.value\"><option>Selecione o Ano<\/option><option value=\"http:\/\/www.paranapanema.transparencia.inf.br\/?\npage_id=30617\">2023<\/option><option value=\"http:\/\/www.paranapanema.transparencia.inf.br\/?\npage_id=27136\">2022<\/option><option value=\"http:\/\/www.paranapanema.transparencia.inf.br\/?page_id=24030\">2021<\/option><option value=\"http:\/\/www.paranapanema.transparencia.inf.br\/?page_id=22901\">2020<\/option><option value=\"http:\/\/www.paranapanema.transparencia.inf.br\/?page_id=21272\">2019<\/option><option value=\"http:\/\/www.paranapanema.transparencia.inf.br\/?page_id=20193\">2018<\/option><option value=\"http:\/\/www.paranapanema.transparencia.inf.br\/?page_id=18908\">2017<\/option><option value=\"http:\/\/www.paranapanema.transparencia.inf.br\/?page_id=17274\">2016<\/option><option value=\"http:\/\/www.paranapanema.transparencia.inf.br\/?page_id=16224\">2015<\/option><option value=\"http:\/\/www.paranapanema.transparencia.inf.br\/?page_id=15292\">2014<\/option><option value=\"http:\/\/www.paranapanema.transparencia.inf.br\/?page_id=15491\">2013<\/option><\/select><\/p>\n<div class=\"textLayer\">\n<div data-canvas-width=\"144.6792\">\n<hr \/>\n<p>O que \u00e9?<\/p>\n<\/div>\n<div data-canvas-width=\"701.5736000000003\">O Registro de Pre\u00e7os consiste no registro formal de pre\u00e7os para futuras aquisi\u00e7\u00f5es de bens ou em situa\u00e7\u00f5es especiais na contrata\u00e7\u00e3o de servi\u00e7os.<\/div>\n<div data-canvas-width=\"701.5736000000003\">Os procedimentos para o registro s\u00e3o iniciados com uma licita\u00e7\u00e3o para escolha dos fornecedores que, depois de homologada pela autoridade competente, \u00e9 seguida pela assinatura da Ata de Registro de Pre\u00e7os.<\/div>\n<div data-canvas-width=\"701.5736000000003\"><img loading=\"lazy\" class=\"alignright\" src=\"http:\/\/www.paranapanema.transparencia.inf.br\/wp-content\/uploads\/2014\/11\/grafico.png\" alt=\"grafico\" width=\"175\" height=\"113\" \/><\/div>\n<\/div>\n","protected":false},"excerpt":{"rendered":"<p>Escolha o Ano para consultar a Ata de Registro de Pre\u00e7os. Selecione o Ano20232022202120202019201820172016201520142013 O que \u00e9? O Registro de Pre\u00e7os consiste no registro formal de pre\u00e7os para futuras aquisi\u00e7\u00f5es de bens ou em situa\u00e7\u00f5es especiais na contrata\u00e7\u00e3o de servi\u00e7os. Os procedimentos para o registro s\u00e3o iniciados com uma licita\u00e7\u00e3o para escolha dos fornecedores que,&hellip;&nbsp;<a href=\"http:\/\/www.paranapanema.transparencia.inf.br\/?page_id=15330\" class=\"\" rel=\"bookmark\">Continue a ler &raquo;<span class=\"screen-reader-text\">Atas de Registro de Pre\u00e7os<\/span><\/a><\/p>\n","protected":false},"author":1,"featured_media":0,"parent":0,"menu_order":0,"comment_status":"closed","ping_status":"closed","template":"","meta":{"neve_meta_sidebar":"","neve_meta_container":"","neve_meta_enable_content_width":"","neve_meta_content_width":0,"neve_meta_title_alignment":"","neve_meta_author_avatar":"","neve_post_elements_order":"","neve_meta_disable_header":"","neve_meta_disable_footer":"","neve_meta_disable_title":"","spay_email":""},"yoast_head":"<!-- This site is optimized with the Yoast SEO plugin v17.9 - https:\/\/yoast.com\/wordpress\/plugins\/seo\/ -->\n<title>Atas de Registro de Pre\u00e7os - Portal da Transpar\u00eancia<\/title>\n<meta name=\"robots\" content=\"index, follow, max-snippet:-1, max-image-preview:large, max-video-preview:-1\" \/>\n<link rel=\"canonical\" href=\"https:\/\/www.paranapanema.transparencia.inf.br\/?page_id=15330\" \/>\n<meta property=\"og:locale\" content=\"pt_BR\" \/>\n<meta property=\"og:type\" content=\"article\" \/>\n<meta property=\"og:title\" content=\"Atas de Registro de Pre\u00e7os - Portal da Transpar\u00eancia\" \/>\n<meta property=\"og:description\" content=\"Escolha o Ano para consultar a Ata de Registro de Pre\u00e7os. Selecione o Ano20232022202120202019201820172016201520142013 O que \u00e9? O Registro de Pre\u00e7os consiste no registro formal de pre\u00e7os para futuras aquisi\u00e7\u00f5es de bens ou em situa\u00e7\u00f5es especiais na contrata\u00e7\u00e3o de servi\u00e7os. Os procedimentos para o registro s\u00e3o iniciados com uma licita\u00e7\u00e3o para escolha dos fornecedores que,&hellip;&nbsp;Continue a ler &raquo;Atas de Registro de Pre\u00e7os\" \/>\n<meta property=\"og:url\" content=\"https:\/\/www.paranapanema.transparencia.inf.br\/?page_id=15330\" \/>\n<meta property=\"og:site_name\" content=\"Portal da Transpar\u00eancia\" \/>\n<meta property=\"article:modified_time\" content=\"2023-05-03T12:23:01+00:00\" \/>\n<meta property=\"og:image\" content=\"http:\/\/www.paranapanema.transparencia.inf.br\/wp-content\/uploads\/2014\/11\/grafico.png\" \/>\n<meta name=\"twitter:card\" content=\"summary_large_image\" \/>\n<meta name=\"twitter:label1\" content=\"Est. tempo de leitura\" \/>\n\t<meta name=\"twitter:data1\" content=\"1 minuto\" \/>\n<script type=\"application\/ld+json\" class=\"yoast-schema-graph\">{\"@context\":\"https:\/\/schema.org\",\"@graph\":[{\"@type\":\"WebSite\",\"@id\":\"https:\/\/www.paranapanema.transparencia.inf.br\/#website\",\"url\":\"https:\/\/www.paranapanema.transparencia.inf.br\/\",\"name\":\"Portal da Transpar\\u00eancia\",\"description\":\"Prefeitura Municipal de Paranapanema-SP\",\"potentialAction\":[{\"@type\":\"SearchAction\",\"target\":{\"@type\":\"EntryPoint\",\"urlTemplate\":\"https:\/\/www.paranapanema.transparencia.inf.br\/?s={search_term_string}\"},\"query-input\":\"required name=search_term_string\"}],\"inLanguage\":\"pt-BR\"},{\"@type\":\"ImageObject\",\"@id\":\"https:\/\/www.paranapanema.transparencia.inf.br\/?page_id=15330#primaryimage\",\"inLanguage\":\"pt-BR\",\"url\":\"http:\/\/www.paranapanema.transparencia.inf.br\/wp-content\/uploads\/2014\/11\/grafico.png\",\"contentUrl\":\"http:\/\/www.paranapanema.transparencia.inf.br\/wp-content\/uploads\/2014\/11\/grafico.png\",\"width\":261,\"height\":169},{\"@type\":\"WebPage\",\"@id\":\"https:\/\/www.paranapanema.transparencia.inf.br\/?page_id=15330#webpage\",\"url\":\"https:\/\/www.paranapanema.transparencia.inf.br\/?page_id=15330\",\"name\":\"Atas de Registro de Pre\\u00e7os - Portal da Transpar\\u00eancia\",\"isPartOf\":{\"@id\":\"https:\/\/www.paranapanema.transparencia.inf.br\/#website\"},\"primaryImageOfPage\":{\"@id\":\"https:\/\/www.paranapanema.transparencia.inf.br\/?page_id=15330#primaryimage\"},\"datePublished\":\"2015-02-02T12:20:34+00:00\",\"dateModified\":\"2023-05-03T12:23:01+00:00\",\"breadcrumb\":{\"@id\":\"https:\/\/www.paranapanema.transparencia.inf.br\/?page_id=15330#breadcrumb\"},\"inLanguage\":\"pt-BR\",\"potentialAction\":[{\"@type\":\"ReadAction\",\"target\":[\"https:\/\/www.paranapanema.transparencia.inf.br\/?page_id=15330\"]}]},{\"@type\":\"BreadcrumbList\",\"@id\":\"https:\/\/www.paranapanema.transparencia.inf.br\/?page_id=15330#breadcrumb\",\"itemListElement\":[{\"@type\":\"ListItem\",\"position\":1,\"name\":\"In\\u00edcio\",\"item\":\"https:\/\/www.paranapanema.transparencia.inf.br\/\"},{\"@type\":\"ListItem\",\"position\":2,\"name\":\"Atas de Registro de Pre\\u00e7os\"}]}]}<\/script>\n<!-- \/ Yoast SEO plugin. -->","yoast_head_json":{"title":"Atas de Registro de Pre\u00e7os - Portal da Transpar\u00eancia","robots":{"index":"index","follow":"follow","max-snippet":"max-snippet:-1","max-image-preview":"max-image-preview:large","max-video-preview":"max-video-preview:-1"},"canonical":"https:\/\/www.paranapanema.transparencia.inf.br\/?page_id=15330","og_locale":"pt_BR","og_type":"article","og_title":"Atas de Registro de Pre\u00e7os - Portal da Transpar\u00eancia","og_description":"Escolha o Ano para consultar a Ata de Registro de Pre\u00e7os. Selecione o Ano20232022202120202019201820172016201520142013 O que \u00e9? O Registro de Pre\u00e7os consiste no registro formal de pre\u00e7os para futuras aquisi\u00e7\u00f5es de bens ou em situa\u00e7\u00f5es especiais na contrata\u00e7\u00e3o de servi\u00e7os. Os procedimentos para o registro s\u00e3o iniciados com uma licita\u00e7\u00e3o para escolha dos fornecedores que,&hellip;&nbsp;Continue a ler &raquo;Atas de Registro de Pre\u00e7os","og_url":"https:\/\/www.paranapanema.transparencia.inf.br\/?page_id=15330","og_site_name":"Portal da Transpar\u00eancia","article_modified_time":"2023-05-03T12:23:01+00:00","og_image":[{"url":"http:\/\/www.paranapanema.transparencia.inf.br\/wp-content\/uploads\/2014\/11\/grafico.png"}],"twitter_card":"summary_large_image","twitter_misc":{"Est. tempo de leitura":"1 minuto"},"schema":{"@context":"https:\/\/schema.org","@graph":[{"@type":"WebSite","@id":"https:\/\/www.paranapanema.transparencia.inf.br\/#website","url":"https:\/\/www.paranapanema.transparencia.inf.br\/","name":"Portal da Transpar\u00eancia","description":"Prefeitura Municipal de Paranapanema-SP","potentialAction":[{"@type":"SearchAction","target":{"@type":"EntryPoint","urlTemplate":"https:\/\/www.paranapanema.transparencia.inf.br\/?s={search_term_string}"},"query-input":"required name=search_term_string"}],"inLanguage":"pt-BR"},{"@type":"ImageObject","@id":"https:\/\/www.paranapanema.transparencia.inf.br\/?page_id=15330#primaryimage","inLanguage":"pt-BR","url":"http:\/\/www.paranapanema.transparencia.inf.br\/wp-content\/uploads\/2014\/11\/grafico.png","contentUrl":"http:\/\/www.paranapanema.transparencia.inf.br\/wp-content\/uploads\/2014\/11\/grafico.png","width":261,"height":169},{"@type":"WebPage","@id":"https:\/\/www.paranapanema.transparencia.inf.br\/?page_id=15330#webpage","url":"https:\/\/www.paranapanema.transparencia.inf.br\/?page_id=15330","name":"Atas de Registro de Pre\u00e7os - Portal da Transpar\u00eancia","isPartOf":{"@id":"https:\/\/www.paranapanema.transparencia.inf.br\/#website"},"primaryImageOfPage":{"@id":"https:\/\/www.paranapanema.transparencia.inf.br\/?page_id=15330#primaryimage"},"datePublished":"2015-02-02T12:20:34+00:00","dateModified":"2023-05-03T12:23:01+00:00","breadcrumb":{"@id":"https:\/\/www.paranapanema.transparencia.inf.br\/?page_id=15330#breadcrumb"},"inLanguage":"pt-BR","potentialAction":[{"@type":"ReadAction","target":["https:\/\/www.paranapanema.transparencia.inf.br\/?page_id=15330"]}]},{"@type":"BreadcrumbList","@id":"https:\/\/www.paranapanema.transparencia.inf.br\/?page_id=15330#breadcrumb","itemListElement":[{"@type":"ListItem","position":1,"name":"In\u00edcio","item":"https:\/\/www.paranapanema.transparencia.inf.br\/"},{"@type":"ListItem","position":2,"name":"Atas de Registro de Pre\u00e7os"}]}]}},"_links":{"self":[{"href":"http:\/\/www.paranapanema.transparencia.inf.br\/index.php?rest_route=\/wp\/v2\/pages\/15330"}],"collection":[{"href":"http:\/\/www.paranapanema.transparencia.inf.br\/index.php?rest_route=\/wp\/v2\/pages"}],"about":[{"href":"http:\/\/www.paranapanema.transparencia.inf.br\/index.php?rest_route=\/wp\/v2\/types\/page"}],"author":[{"embeddable":true,"href":"http:\/\/www.paranapanema.transparencia.inf.br\/index.php?rest_route=\/wp\/v2\/users\/1"}],"replies":[{"embeddable":true,"href":"http:\/\/www.paranapanema.transparencia.inf.br\/index.php?rest_route=%2Fwp%2Fv2%2Fcomments&post=15330"}],"version-history":[{"count":18,"href":"http:\/\/www.paranapanema.transparencia.inf.br\/index.php?rest_route=\/wp\/v2\/pages\/15330\/revisions"}],"predecessor-version":[{"id":30648,"href":"http:\/\/www.paranapanema.transparencia.inf.br\/index.php?rest_route=\/wp\/v2\/pages\/15330\/revisions\/30648"}],"wp:attachment":[{"href":"http:\/\/www.paranapanema.transparencia.inf.br\/index.php?rest_route=%2Fwp%2Fv2%2Fmedia&parent=15330"}],"curies":[{"name":"wp","href":"https:\/\/api.w.org\/{rel}","templated":true}]}}