{"id":17247,"date":"2016-04-29T17:36:10","date_gmt":"2016-04-29T17:36:10","guid":{"rendered":"http:\/\/www.paranapanema.transparencia.inf.br\/?page_id=17247"},"modified":"2022-06-21T16:53:27","modified_gmt":"2022-06-21T19:53:27","slug":"ata-da-sessao-publica-2016","status":"publish","type":"page","link":"http:\/\/www.paranapanema.transparencia.inf.br\/?page_id=17247","title":{"rendered":"Ata da Sess\u00e3o"},"content":{"rendered":"<div class=\"entry-content clearfix\">\n<div class=\"entry-content clearfix\">\n<div class=\"post-meta clearfix\"><\/div>\n<div class=\"entry-content clearfix\">\n<p style=\"text-align: right;\"><strong>Escolha o Ano para consultar a Ata de Registro de Pre\u00e7os.<\/strong><\/p>\n<p style=\"text-align: right;\"><select onchange=\"location=this.value\"><option>Selecione o Ano<\/option><option value=\"http:\/\/www.paranapanema.transparencia.inf.br\/?page_id=27358\">2022<\/option><option value=\"http:\/\/www.paranapanema.transparencia.inf.br\/?page_id=23268\">2021<\/option><option value=\"http:\/\/www.paranapanema.transparencia.inf.br\/?page_id=21933\">2020<\/option><option value=\"http:\/\/www.paranapanema.transparencia.inf.br\/?page_id=21182\">2019<\/option><option value=\"http:\/\/www.paranapanema.transparencia.inf.br\/?page_id=20351\">2018<\/option><option value=\"http:\/\/www.paranapanema.transparencia.inf.br\/?page_id=18533\">2017<\/option><option value=\"http:\/\/www.paranapanema.transparencia.inf.br\/?page_id=18528\">2016<\/option><\/select><\/p>\n<div class=\"textLayer\">\n<div data-canvas-width=\"144.6792\">\n<hr \/>\n<p>Sess\u00e3o P\u00fablica \u00a0em ep\u00edgrafe, regido pela Lei Federal 10.520\/02, pelo Decreto Federal 03.555\/00 e subsidiariamente no que for cab\u00edvel pela Lei Federal 8.666\/93 e suas altera\u00e7\u00f5es.<\/p>\n<\/div>\n<div data-canvas-width=\"701.5736000000003\"><img loading=\"lazy\" class=\"alignright\" src=\"http:\/\/www.paranapanema.transparencia.inf.br\/wp-content\/uploads\/2014\/11\/grafico.png\" alt=\"grafico\" width=\"175\" height=\"113\" \/><\/div>\n<\/div>\n<\/div>\n<\/div>\n<\/div>\n","protected":false},"excerpt":{"rendered":"<p>Escolha o Ano para consultar a Ata de Registro de Pre\u00e7os. Selecione o Ano2022202120202019201820172016 Sess\u00e3o P\u00fablica \u00a0em ep\u00edgrafe, regido pela Lei Federal 10.520\/02, pelo Decreto Federal 03.555\/00 e subsidiariamente no que for cab\u00edvel pela Lei Federal 8.666\/93 e suas altera\u00e7\u00f5es.<\/p>\n","protected":false},"author":1,"featured_media":0,"parent":0,"menu_order":0,"comment_status":"closed","ping_status":"closed","template":"","meta":{"neve_meta_sidebar":"","neve_meta_container":"","neve_meta_enable_content_width":"","neve_meta_content_width":0,"neve_meta_title_alignment":"","neve_meta_author_avatar":"","neve_post_elements_order":"","neve_meta_disable_header":"","neve_meta_disable_footer":"","neve_meta_disable_title":"","spay_email":""},"yoast_head":"<!-- This site is optimized with the Yoast SEO plugin v17.9 - https:\/\/yoast.com\/wordpress\/plugins\/seo\/ -->\n<title>Ata da Sess\u00e3o - Portal da Transpar\u00eancia<\/title>\n<meta name=\"robots\" content=\"index, follow, max-snippet:-1, max-image-preview:large, max-video-preview:-1\" \/>\n<link rel=\"canonical\" href=\"http:\/\/www.paranapanema.transparencia.inf.br\/?page_id=17247\" \/>\n<meta property=\"og:locale\" content=\"pt_BR\" \/>\n<meta property=\"og:type\" content=\"article\" \/>\n<meta property=\"og:title\" content=\"Ata da Sess\u00e3o - Portal da Transpar\u00eancia\" \/>\n<meta property=\"og:description\" content=\"Escolha o Ano para consultar a Ata de Registro de Pre\u00e7os. Selecione o Ano2022202120202019201820172016 Sess\u00e3o P\u00fablica \u00a0em ep\u00edgrafe, regido pela Lei Federal 10.520\/02, pelo Decreto Federal 03.555\/00 e subsidiariamente no que for cab\u00edvel pela Lei Federal 8.666\/93 e suas altera\u00e7\u00f5es.\" \/>\n<meta property=\"og:url\" content=\"http:\/\/www.paranapanema.transparencia.inf.br\/?page_id=17247\" \/>\n<meta property=\"og:site_name\" content=\"Portal da Transpar\u00eancia\" \/>\n<meta property=\"article:modified_time\" content=\"2022-06-21T19:53:27+00:00\" \/>\n<meta property=\"og:image\" content=\"http:\/\/www.paranapanema.transparencia.inf.br\/wp-content\/uploads\/2014\/11\/grafico.png\" \/>\n<meta name=\"twitter:card\" content=\"summary_large_image\" \/>\n<meta name=\"twitter:label1\" content=\"Est. tempo de leitura\" \/>\n\t<meta name=\"twitter:data1\" content=\"1 minuto\" \/>\n<script type=\"application\/ld+json\" class=\"yoast-schema-graph\">{\"@context\":\"https:\/\/schema.org\",\"@graph\":[{\"@type\":\"WebSite\",\"@id\":\"https:\/\/www.paranapanema.transparencia.inf.br\/#website\",\"url\":\"https:\/\/www.paranapanema.transparencia.inf.br\/\",\"name\":\"Portal da Transpar\\u00eancia\",\"description\":\"Prefeitura Municipal de Paranapanema-SP\",\"potentialAction\":[{\"@type\":\"SearchAction\",\"target\":{\"@type\":\"EntryPoint\",\"urlTemplate\":\"https:\/\/www.paranapanema.transparencia.inf.br\/?s={search_term_string}\"},\"query-input\":\"required name=search_term_string\"}],\"inLanguage\":\"pt-BR\"},{\"@type\":\"ImageObject\",\"@id\":\"http:\/\/www.paranapanema.transparencia.inf.br\/?page_id=17247#primaryimage\",\"inLanguage\":\"pt-BR\",\"url\":\"http:\/\/www.paranapanema.transparencia.inf.br\/wp-content\/uploads\/2014\/11\/grafico.png\",\"contentUrl\":\"http:\/\/www.paranapanema.transparencia.inf.br\/wp-content\/uploads\/2014\/11\/grafico.png\",\"width\":261,\"height\":169},{\"@type\":\"WebPage\",\"@id\":\"http:\/\/www.paranapanema.transparencia.inf.br\/?page_id=17247#webpage\",\"url\":\"http:\/\/www.paranapanema.transparencia.inf.br\/?page_id=17247\",\"name\":\"Ata da Sess\\u00e3o - Portal da Transpar\\u00eancia\",\"isPartOf\":{\"@id\":\"https:\/\/www.paranapanema.transparencia.inf.br\/#website\"},\"primaryImageOfPage\":{\"@id\":\"http:\/\/www.paranapanema.transparencia.inf.br\/?page_id=17247#primaryimage\"},\"datePublished\":\"2016-04-29T17:36:10+00:00\",\"dateModified\":\"2022-06-21T19:53:27+00:00\",\"breadcrumb\":{\"@id\":\"http:\/\/www.paranapanema.transparencia.inf.br\/?page_id=17247#breadcrumb\"},\"inLanguage\":\"pt-BR\",\"potentialAction\":[{\"@type\":\"ReadAction\",\"target\":[\"http:\/\/www.paranapanema.transparencia.inf.br\/?page_id=17247\"]}]},{\"@type\":\"BreadcrumbList\",\"@id\":\"http:\/\/www.paranapanema.transparencia.inf.br\/?page_id=17247#breadcrumb\",\"itemListElement\":[{\"@type\":\"ListItem\",\"position\":1,\"name\":\"In\\u00edcio\",\"item\":\"https:\/\/www.paranapanema.transparencia.inf.br\/\"},{\"@type\":\"ListItem\",\"position\":2,\"name\":\"Ata da Sess\\u00e3o\"}]}]}<\/script>\n<!-- \/ Yoast SEO plugin. -->","yoast_head_json":{"title":"Ata da Sess\u00e3o - Portal da Transpar\u00eancia","robots":{"index":"index","follow":"follow","max-snippet":"max-snippet:-1","max-image-preview":"max-image-preview:large","max-video-preview":"max-video-preview:-1"},"canonical":"http:\/\/www.paranapanema.transparencia.inf.br\/?page_id=17247","og_locale":"pt_BR","og_type":"article","og_title":"Ata da Sess\u00e3o - Portal da Transpar\u00eancia","og_description":"Escolha o Ano para consultar a Ata de Registro de Pre\u00e7os. Selecione o Ano2022202120202019201820172016 Sess\u00e3o P\u00fablica \u00a0em ep\u00edgrafe, regido pela Lei Federal 10.520\/02, pelo Decreto Federal 03.555\/00 e subsidiariamente no que for cab\u00edvel pela Lei Federal 8.666\/93 e suas altera\u00e7\u00f5es.","og_url":"http:\/\/www.paranapanema.transparencia.inf.br\/?page_id=17247","og_site_name":"Portal da Transpar\u00eancia","article_modified_time":"2022-06-21T19:53:27+00:00","og_image":[{"url":"http:\/\/www.paranapanema.transparencia.inf.br\/wp-content\/uploads\/2014\/11\/grafico.png"}],"twitter_card":"summary_large_image","twitter_misc":{"Est. tempo de leitura":"1 minuto"},"schema":{"@context":"https:\/\/schema.org","@graph":[{"@type":"WebSite","@id":"https:\/\/www.paranapanema.transparencia.inf.br\/#website","url":"https:\/\/www.paranapanema.transparencia.inf.br\/","name":"Portal da Transpar\u00eancia","description":"Prefeitura Municipal de Paranapanema-SP","potentialAction":[{"@type":"SearchAction","target":{"@type":"EntryPoint","urlTemplate":"https:\/\/www.paranapanema.transparencia.inf.br\/?s={search_term_string}"},"query-input":"required name=search_term_string"}],"inLanguage":"pt-BR"},{"@type":"ImageObject","@id":"http:\/\/www.paranapanema.transparencia.inf.br\/?page_id=17247#primaryimage","inLanguage":"pt-BR","url":"http:\/\/www.paranapanema.transparencia.inf.br\/wp-content\/uploads\/2014\/11\/grafico.png","contentUrl":"http:\/\/www.paranapanema.transparencia.inf.br\/wp-content\/uploads\/2014\/11\/grafico.png","width":261,"height":169},{"@type":"WebPage","@id":"http:\/\/www.paranapanema.transparencia.inf.br\/?page_id=17247#webpage","url":"http:\/\/www.paranapanema.transparencia.inf.br\/?page_id=17247","name":"Ata da Sess\u00e3o - Portal da Transpar\u00eancia","isPartOf":{"@id":"https:\/\/www.paranapanema.transparencia.inf.br\/#website"},"primaryImageOfPage":{"@id":"http:\/\/www.paranapanema.transparencia.inf.br\/?page_id=17247#primaryimage"},"datePublished":"2016-04-29T17:36:10+00:00","dateModified":"2022-06-21T19:53:27+00:00","breadcrumb":{"@id":"http:\/\/www.paranapanema.transparencia.inf.br\/?page_id=17247#breadcrumb"},"inLanguage":"pt-BR","potentialAction":[{"@type":"ReadAction","target":["http:\/\/www.paranapanema.transparencia.inf.br\/?page_id=17247"]}]},{"@type":"BreadcrumbList","@id":"http:\/\/www.paranapanema.transparencia.inf.br\/?page_id=17247#breadcrumb","itemListElement":[{"@type":"ListItem","position":1,"name":"In\u00edcio","item":"https:\/\/www.paranapanema.transparencia.inf.br\/"},{"@type":"ListItem","position":2,"name":"Ata da Sess\u00e3o"}]}]}},"_links":{"self":[{"href":"http:\/\/www.paranapanema.transparencia.inf.br\/index.php?rest_route=\/wp\/v2\/pages\/17247"}],"collection":[{"href":"http:\/\/www.paranapanema.transparencia.inf.br\/index.php?rest_route=\/wp\/v2\/pages"}],"about":[{"href":"http:\/\/www.paranapanema.transparencia.inf.br\/index.php?rest_route=\/wp\/v2\/types\/page"}],"author":[{"embeddable":true,"href":"http:\/\/www.paranapanema.transparencia.inf.br\/index.php?rest_route=\/wp\/v2\/users\/1"}],"replies":[{"embeddable":true,"href":"http:\/\/www.paranapanema.transparencia.inf.br\/index.php?rest_route=%2Fwp%2Fv2%2Fcomments&post=17247"}],"version-history":[{"count":36,"href":"http:\/\/www.paranapanema.transparencia.inf.br\/index.php?rest_route=\/wp\/v2\/pages\/17247\/revisions"}],"predecessor-version":[{"id":27397,"href":"http:\/\/www.paranapanema.transparencia.inf.br\/index.php?rest_route=\/wp\/v2\/pages\/17247\/revisions\/27397"}],"wp:attachment":[{"href":"http:\/\/www.paranapanema.transparencia.inf.br\/index.php?rest_route=%2Fwp%2Fv2%2Fmedia&parent=17247"}],"curies":[{"name":"wp","href":"https:\/\/api.w.org\/{rel}","templated":true}]}}