{"id":20995,"date":"2019-03-26T08:28:26","date_gmt":"2019-03-26T11:28:26","guid":{"rendered":"http:\/\/www.paranapanema.transparencia.inf.br\/?page_id=20995"},"modified":"2020-01-14T08:57:07","modified_gmt":"2020-01-14T11:57:07","slug":"decretos-2019-2","status":"publish","type":"page","link":"http:\/\/www.paranapanema.transparencia.inf.br\/?page_id=20995","title":{"rendered":"Decretos 2019"},"content":{"rendered":"<p style=\"text-align: right;\">\u00daltima Atualiza\u00e7\u00e3o em 14 de janeiro de 2020 \u00e0s 8:57:07<\/p>\n<div class=\"entry-content clearfix\">\n<div class=\"entry-content clearfix\">\n<div class=\"entry-content clearfix\">\n<table class=\" alignleft\" style=\"height: 469px; width: 980px;\">\n<tbody>\n<tr>\n<td style=\"width: 119px;\"><a href=\"http:\/\/www.paranapanema.transparencia.inf.br\/wp-content\/uploads\/2020\/01\/1794.pdf\" target=\"_blank\" rel=\"noopener noreferrer\">Decreto 1794<\/a><\/td>\n<td style=\"width: 853px;\">ESTABELECE O CALEND\u00c1RIO DE FERIADOS E PONTOS FACULTATIVOS A SEREM OBEDECIDOS NO ANO DE 2020<\/td>\n<\/tr>\n<tr>\n<td style=\"width: 119px;\"><a href=\"http:\/\/www.paranapanema.transparencia.inf.br\/wp-content\/uploads\/2020\/01\/1793.pdf\" target=\"_blank\" rel=\"noopener noreferrer\">Decreto 1793<\/a><\/td>\n<td style=\"width: 853px;\">Disp\u00f5e sobre o funcionamento das reparti\u00e7\u00f5es p\u00fablicas municipais no m\u00eas de dezembro de 2019.<\/td>\n<\/tr>\n<tr>\n<td style=\"width: 119px;\"><a href=\"http:\/\/www.paranapanema.transparencia.inf.br\/wp-content\/uploads\/2019\/11\/1792.pdf\" target=\"_blank\" rel=\"noopener noreferrer\">Decreto 1792<\/a><\/td>\n<td style=\"width: 853px;\">APROVA\u00c7\u00c3O DO LOTEAMENTO &#8220;RESID\u00caNCIAL P\u00d4R DO SOL&#8221;.<\/td>\n<\/tr>\n<tr>\n<td style=\"width: 119px;\"><a href=\"http:\/\/www.paranapanema.transparencia.inf.br\/wp-content\/uploads\/2019\/11\/1791.pdf\" target=\"_blank\" rel=\"noopener noreferrer\">Decreto 1791<\/a><\/td>\n<td style=\"width: 853px;\"><a href=\"http:\/\/www.paranapanema.transparencia.inf.br\/wp-content\/uploads\/2019\/11\/1791.pdf\" target=\"_blank\" rel=\"noopener noreferrer\">APROVA\u00c7\u00c3O DA INSTRU\u00c7\u00c3O SME 01\/2019<\/a><\/td>\n<\/tr>\n<tr>\n<td style=\"width: 119px;\"><a href=\"http:\/\/www.paranapanema.transparencia.inf.br\/wp-content\/uploads\/2019\/11\/1790.pdf\" target=\"_blank\" rel=\"noopener noreferrer\">Decreto 1790<\/a><\/td>\n<td style=\"width: 853px;\"><a href=\"http:\/\/www.paranapanema.transparencia.inf.br\/wp-content\/uploads\/2019\/11\/1790.pdf\" target=\"_blank\" rel=\"noopener noreferrer\">ALTERA\u00c7\u00c3O DO ART. 1\u00ba DO DECRETO 1.780\/19<\/a><\/td>\n<\/tr>\n<tr>\n<td style=\"width: 119px;\"><a href=\"http:\/\/www.paranapanema.transparencia.inf.br\/wp-content\/uploads\/2019\/11\/1789.pdf\" target=\"_blank\" rel=\"noopener noreferrer\">Decreto 1789<\/a><\/td>\n<td style=\"width: 853px;\"><a href=\"http:\/\/www.paranapanema.transparencia.inf.br\/wp-content\/uploads\/2019\/11\/1789.pdf\" target=\"_blank\" rel=\"noopener noreferrer\">LUTO &#8211; SERVIDOR &#8220;WAGNER B. RODRIGUES&#8221;<\/a><\/td>\n<\/tr>\n<tr>\n<td style=\"width: 119px;\"><a href=\"http:\/\/www.paranapanema.transparencia.inf.br\/wp-content\/uploads\/2019\/11\/1788.pdf\" target=\"_blank\" rel=\"noopener noreferrer\">Decreto 1788<\/a><\/td>\n<td style=\"width: 853px;\"><a href=\"http:\/\/www.paranapanema.transparencia.inf.br\/wp-content\/uploads\/2019\/11\/1788.pdf\" target=\"_blank\" rel=\"noopener noreferrer\">ALTERA\u00c7\u00c3O DO ART. 1\u00ba DO DECRETO 1.780\/19<\/a><\/td>\n<\/tr>\n<tr>\n<td style=\"width: 119px;\">Decreto 1787<\/td>\n<td style=\"width: 853px;\"><a href=\"http:\/\/www.paranapanema.transparencia.inf.br\/wp-content\/uploads\/2019\/11\/1787.pdf\" target=\"_blank\" rel=\"noopener noreferrer\">Disp\u00f5e sabre o Feriado &#8220;Dia do Funcion\u00e1rio P\u00fablico Estadual&#8221; da artigo 3\u00ba do Decreto 1.751 de 18 de dezemhro de 2018<\/a><\/td>\n<\/tr>\n<tr>\n<td style=\"width: 119px;\">Decreto 1786<\/td>\n<td style=\"width: 853px;\"><a href=\"http:\/\/www.paranapanema.transparencia.inf.br\/wp-content\/uploads\/2019\/11\/1786.pdf\" target=\"_blank\" rel=\"noopener noreferrer\">Disp\u00f5e sobre a altera\u00e7\u00e3o do artigo 2\u00ba do decreto 1.780 de 27 de agosto de 2019<\/a><\/td>\n<\/tr>\n<tr>\n<td style=\"width: 119px;\">Decreto 1785<\/td>\n<td style=\"width: 853px;\"><a href=\"http:\/\/www.paranapanema.transparencia.inf.br\/wp-content\/uploads\/2019\/11\/1785.pdf\" target=\"_blank\" rel=\"noopener noreferrer\">Disp\u00f5e sobre nomea\u00e7\u00e3o do Gestor para parceria com as Organiza\u00e7\u00f5es da Sociedade Civil<\/a><\/td>\n<\/tr>\n<tr>\n<td style=\"width: 119px;\">Decreto 1784<\/td>\n<td style=\"width: 853px;\"><a href=\"http:\/\/www.paranapanema.transparencia.inf.br\/wp-content\/uploads\/2019\/11\/1784.pdf\" target=\"_blank\" rel=\"noopener noreferrer\">Disp\u00f5e sobre a Sistem\u00e1tica de Cobran\u00e7a de Imposto Predial e Territorial Urbano no Munic\u00edpio da Est\u00e2ncia Tur\u00edstica de Paranapanema para o exerc\u00edcio de 2020<\/a><\/td>\n<\/tr>\n<tr>\n<td style=\"width: 119px;\">Decreto 1783<\/td>\n<td style=\"width: 853px;\"><a href=\"http:\/\/www.paranapanema.transparencia.inf.br\/wp-content\/uploads\/2019\/11\/1783.pdf\" target=\"_blank\" rel=\"noopener noreferrer\">Disp\u00f5e sobre a Corre\u00e7\u00e3o Monet\u00e1ria do Imposto Predial e\u00a0Territorial Urbano no Munic\u00edpio da Est\u00e2ncia Tur\u00edstica de Paranapanema<\/a><\/td>\n<\/tr>\n<tr>\n<td style=\"width: 119px;\">Decreto 1782<\/td>\n<td style=\"width: 853px;\"><a href=\"http:\/\/www.paranapanema.transparencia.inf.br\/wp-content\/uploads\/2019\/09\/1782.pdf\" target=\"_blank\" rel=\"noopener noreferrer\">DECLARA H\u00d3SPEDES OFICIAIS<\/a><\/td>\n<\/tr>\n<tr>\n<td style=\"width: 119px;\">Decreto 1781<\/td>\n<td style=\"width: 853px;\"><a href=\"http:\/\/www.paranapanema.transparencia.inf.br\/wp-content\/uploads\/2019\/09\/1781.pdf\" target=\"_blank\" rel=\"noopener noreferrer\">MEMBROS CONSELHO MUNICIPAL DE EDUCA\u00c7\u00c3O<\/a><\/td>\n<\/tr>\n<tr>\n<td style=\"width: 119px;\">Decreto 1780<\/td>\n<td style=\"width: 853px;\"><a href=\"http:\/\/www.paranapanema.transparencia.inf.br\/wp-content\/uploads\/2019\/09\/1780.pdf\" target=\"_blank\" rel=\"noopener noreferrer\">MEMBROS CACS FUNDEB<\/a><\/td>\n<\/tr>\n<tr>\n<td style=\"width: 119px;\">Decreto 1779<\/td>\n<td style=\"width: 853px;\"><\/td>\n<\/tr>\n<tr>\n<td style=\"width: 119px;\">Decreto 1778<\/td>\n<td style=\"width: 853px;\"><a href=\"http:\/\/www.paranapanema.transparencia.inf.br\/wp-content\/uploads\/2019\/09\/1778.pdf\" target=\"_blank\" rel=\"noopener noreferrer\">MEMBROS DO CONSELHO DE ALIMENTA\u00c7\u00c3O<\/a><\/td>\n<\/tr>\n<tr>\n<td style=\"width: 119px;\">Decreto 1777<\/td>\n<td style=\"width: 853px;\"><a href=\"http:\/\/www.paranapanema.transparencia.inf.br\/wp-content\/uploads\/2019\/07\/1777.pdf\" target=\"_blank\" rel=\"noopener noreferrer\">FIXA O VALOR DA TARIFA PARA TRANSPORTES URBANOS<\/a><\/td>\n<\/tr>\n<tr>\n<td style=\"width: 119px;\">Decreto 1776<\/td>\n<td style=\"width: 853px;\"><a href=\"http:\/\/www.paranapanema.transparencia.inf.br\/wp-content\/uploads\/2019\/07\/1776.pdf\" target=\"_blank\" rel=\"noopener noreferrer\">DESIGNA\u00c7\u00c3O PARA VIGIL\u00c2NCIA SANIT\u00c1RIA<\/a><\/td>\n<\/tr>\n<tr>\n<td style=\"width: 119px;\">Decreto 1775 -2<\/td>\n<td style=\"width: 853px;\"><a href=\"http:\/\/www.paranapanema.transparencia.inf.br\/wp-content\/uploads\/2019\/07\/1775-2.pdf\" target=\"_blank\" rel=\"noopener noreferrer\">SERVI\u00c7OS DISPON\u00cdVEIS NA INTERNET PARA ENVIO DE DADOS PARA GERA\u00c7\u00c3O DE NOTA FISCAL ELETR\u00d4NICA<\/a><\/td>\n<\/tr>\n<tr>\n<td style=\"width: 119px;\">Decreto 1775 -1<\/td>\n<td style=\"width: 853px;\"><a href=\"http:\/\/www.paranapanema.transparencia.inf.br\/wp-content\/uploads\/2019\/07\/1775-1.pdf\" target=\"_blank\" rel=\"noopener noreferrer\">SERVI\u00c7OS DISPON\u00cdVEIS NA INTERNET PARA ENVIO DE DADOS PARA GERA\u00c7\u00c3O DE NOTA FISCAL ELETR\u00d4NICA<\/a><\/td>\n<\/tr>\n<tr>\n<td style=\"width: 119px;\">Decreto 1774 &#8211; 2<\/td>\n<td style=\"width: 853px;\"><a href=\"http:\/\/www.paranapanema.transparencia.inf.br\/wp-content\/uploads\/2019\/07\/1774-2.pdf\" target=\"_blank\" rel=\"noopener noreferrer\">REGULAMENTA ARTIGOS DA LEI 114\/2009 \u2013 NOTA FISCAL ELETR\u00d4NICA<\/a><\/td>\n<\/tr>\n<tr>\n<td style=\"width: 119px;\">Decreto 1774 &#8211; 1<\/td>\n<td style=\"width: 853px;\"><a href=\"http:\/\/www.paranapanema.transparencia.inf.br\/wp-content\/uploads\/2019\/07\/1774-1.pdf\" target=\"_blank\" rel=\"noopener noreferrer\">REGULAMENTA ARTIGOS DA LEI 114\/2009 \u2013 NOTA FISCAL ELETR\u00d4NICA<\/a><\/td>\n<\/tr>\n<tr>\n<td style=\"width: 119px;\">Decreto 1773<\/td>\n<td style=\"width: 853px;\"><a href=\"http:\/\/www.paranapanema.transparencia.inf.br\/wp-content\/uploads\/2019\/07\/1773.pdf\" target=\"_blank\" rel=\"noopener noreferrer\">APROVA\u00c7\u00c3O DA RESOLU\u00c7\u00c3O CMDCA 001\/2019 \u2013 ELEI\u00c7\u00c3O DO CONSELHO TUTELAR 2020-2024<\/a><\/td>\n<\/tr>\n<tr>\n<td style=\"width: 119px;\">Decreto 1772<\/td>\n<td style=\"width: 853px;\"><a href=\"http:\/\/www.paranapanema.transparencia.inf.br\/wp-content\/uploads\/2019\/07\/1772.pdf\" target=\"_blank\" rel=\"noopener noreferrer\">APROVA\u00c7\u00c3O DE LOTEAMENTO \u201cRESID\u00caNCIAL P\u00d4R DO SOL\u201d.<\/a><\/td>\n<\/tr>\n<tr>\n<td style=\"width: 119px;\">Decreto 1771<\/td>\n<td style=\"width: 853px;\"><a href=\"http:\/\/www.paranapanema.transparencia.inf.br\/wp-content\/uploads\/2019\/06\/1771.pdf\" target=\"_blank\" rel=\"noopener noreferrer\">Disp\u00f5e sobre nomea\u00e7\u00e3o do Conselho Municipal de Assist\u00eancia Social<\/a><\/td>\n<\/tr>\n<tr>\n<td style=\"width: 119px;\">Decreto 1770<\/td>\n<td style=\"width: 853px;\"><a href=\"http:\/\/www.paranapanema.transparencia.inf.br\/wp-content\/uploads\/2019\/06\/1770.pdf\" target=\"_blank\" rel=\"noopener noreferrer\">Nomea\u00e7\u00e3o do Conselho Municipal de Sa\u00fade<\/a><\/td>\n<\/tr>\n<tr>\n<td style=\"width: 119px;\">Decreto 1769<\/td>\n<td style=\"width: 853px;\"><a href=\"http:\/\/www.paranapanema.transparencia.inf.br\/wp-content\/uploads\/2019\/06\/1769.pdf\" target=\"_blank\" rel=\"noopener noreferrer\">Aprova a Instru\u00e7\u00e3o Normativa 001\/2019 \u2013 SOCIAL\/SA\u00daDE<\/a><\/td>\n<\/tr>\n<tr>\n<td style=\"width: 119px;\">Decreto 1768<\/td>\n<td style=\"width: 853px;\"><a href=\"http:\/\/www.paranapanema.transparencia.inf.br\/wp-content\/uploads\/2019\/06\/1768.pdf\" target=\"_blank\" rel=\"noopener noreferrer\">Disp\u00f5e sobre a Sistem\u00e1tica de Cobran\u00e7a de Taxa de Licen\u00e7a para Fiscaliza\u00e7\u00e3o de Funcionamento e Renova\u00e7\u00e3o, e do Imposto Sobre Servi\u00e7os <span style=\"font-family: inherit; font-size: inherit; font-weight: inherit;\">de Qualquer Natureza<\/span><\/a><\/td>\n<\/tr>\n<tr>\n<td style=\"width: 119px;\">Decreto 1767<\/td>\n<td style=\"width: 853px;\"><a href=\"http:\/\/www.paranapanema.transparencia.inf.br\/wp-content\/uploads\/2019\/06\/1767.pdf\" target=\"_blank\" rel=\"noopener noreferrer\">Aprova a Instru\u00e7\u00e3o Normativa n\u00ba 001\/2019, referente ao sistema de tecnologia da\u00a0 informa\u00e7\u00e3o<\/a><\/td>\n<\/tr>\n<tr style=\"height: 32px;\">\n<td style=\"width: 119px; height: 32px;\"><a href=\"http:\/\/www.paranapanema.transparencia.inf.br\/wp-content\/uploads\/2019\/04\/1766.pdf\" target=\"_blank\" rel=\"noopener noreferrer\">Decreto 1766<\/a><\/td>\n<td style=\"width: 853px; height: 32px;\">Disp\u00f5e sobre a cau\u00e7\u00e3o de lotes para garantia.<\/td>\n<\/tr>\n<tr style=\"height: 32px;\">\n<td style=\"width: 119px; height: 32px;\"><a href=\"http:\/\/www.paranapanema.transparencia.inf.br\/wp-content\/uploads\/2019\/04\/1765.pdf\">Decreto 1765<\/a><\/td>\n<td style=\"width: 853px; height: 32px;\">Disp\u00f5e sobre a cau\u00e7\u00e3o de lotes para garantia.<\/td>\n<\/tr>\n<tr style=\"height: 32px;\">\n<td style=\"width: 119px; height: 32px;\"><a href=\"http:\/\/www.paranapanema.transparencia.inf.br\/wp-content\/uploads\/2019\/04\/1764.pdf\" target=\"_blank\" rel=\"noopener noreferrer\">Decreto 1764<\/a><\/td>\n<td style=\"width: 853px; height: 32px;\">Regulamenta a instala\u00e7\u00e3o de esta\u00e7\u00f5es de r\u00e1dio base.<\/td>\n<\/tr>\n<tr style=\"height: 32px;\">\n<td style=\"width: 119px; height: 32px;\"><a href=\"http:\/\/www.paranapanema.transparencia.inf.br\/wp-content\/uploads\/2019\/04\/1763.pdf\" target=\"_blank\" rel=\"noopener noreferrer\">Decreto 1763<\/a><\/td>\n<td style=\"width: 853px; height: 32px;\">Disp\u00f5e Altera\u00e7\u00e3o parcial do artigo 1\u00ba do Decreto Municipal n\u00ba 1755\/2019.<\/td>\n<\/tr>\n<tr style=\"height: 32px;\">\n<td style=\"width: 119px; height: 32px;\"><a href=\"http:\/\/www.paranapanema.transparencia.inf.br\/wp-content\/uploads\/2019\/04\/1762.pdf\" target=\"_blank\" rel=\"noopener noreferrer\">Decreto 1762<\/a><\/td>\n<td style=\"width: 853px; height: 32px;\">Regulamenta\u00e7\u00e3o do artigo 419, da Lei Complementar 114\/2009<\/td>\n<\/tr>\n<tr style=\"height: 60px;\">\n<td style=\"width: 119px; height: 25px;\"><a href=\"http:\/\/www.paranapanema.transparencia.inf.br\/wp-content\/uploads\/2019\/04\/1761.pdf\" target=\"_blank\" rel=\"noopener noreferrer\">Decreto 1761<\/a><\/td>\n<td style=\"width: 853px; height: 25px;\">Regulamenta\u00e7\u00e3o do artigo 419, da Lei Complementar 114\/2009.<\/td>\n<\/tr>\n<tr style=\"height: 32px;\">\n<td style=\"width: 119px; height: 32px;\"><a href=\"http:\/\/www.paranapanema.transparencia.inf.br\/wp-content\/uploads\/2019\/03\/1760.pdf\" target=\"_blank\" rel=\"noopener noreferrer\">Decreto 1760<\/a><\/td>\n<td style=\"width: 853px; height: 32px;\">DESIGNA\u00c7\u00d5ES DA VIGIL\u00c2NCIA SANIT\u00c1RIA<\/td>\n<\/tr>\n<tr style=\"height: 32px;\">\n<td style=\"width: 119px; height: 32px;\"><a href=\"http:\/\/www.paranapanema.transparencia.inf.br\/wp-content\/uploads\/2019\/03\/1759.pdf\" target=\"_blank\" rel=\"noopener noreferrer\">Decreto 1759<\/a><\/td>\n<td style=\"width: 853px; height: 32px;\">EQUIPE T\u00c9CNICA MULTIPROFISSIONAL<\/td>\n<\/tr>\n<tr style=\"height: 32px;\">\n<td style=\"width: 119px; height: 32px;\"><a href=\"http:\/\/www.paranapanema.transparencia.inf.br\/wp-content\/uploads\/2019\/03\/1758.pdf\" target=\"_blank\" rel=\"noopener noreferrer\">Decreto 1758<\/a><\/td>\n<td style=\"width: 853px; height: 32px;\">CONFER\u00caNCIA DE SA\u00daDE<\/td>\n<\/tr>\n<tr style=\"height: 32px;\">\n<td style=\"width: 119px; height: 32px;\"><a href=\"http:\/\/www.paranapanema.transparencia.inf.br\/wp-content\/uploads\/2019\/03\/1757.pdf\" target=\"_blank\" rel=\"noopener noreferrer\">Decreto 1757<\/a><\/td>\n<td style=\"width: 853px; height: 32px;\">SUPLEMENTA\u00c7\u00c3O E ANULA\u00c7\u00c3O DE RECURSOS<\/td>\n<\/tr>\n<tr style=\"height: 32px;\">\n<td style=\"width: 119px; height: 32px;\"><a href=\"http:\/\/www.paranapanema.transparencia.inf.br\/wp-content\/uploads\/2019\/03\/1756.pdf\" target=\"_blank\" rel=\"noopener noreferrer\">Decreto 1756<\/a><\/td>\n<td style=\"width: 853px; height: 32px;\">SUPLEMENTA\u00c7\u00c3O E ANULA\u00c7\u00c3O DE RECURSOS<\/td>\n<\/tr>\n<tr style=\"height: 60px;\">\n<td style=\"width: 119px; height: 60px;\"><a href=\"http:\/\/www.paranapanema.transparencia.inf.br\/wp-content\/uploads\/2019\/03\/1755.pdf\" target=\"_blank\" rel=\"noopener noreferrer\">Decreto 1755<\/a><\/td>\n<td style=\"width: 853px; height: 60px;\">INSER\u00c7\u00c3O DE ATRIBUI\u00c7\u00d5ES \u00c0S FUN\u00c7\u00d5ES GRATIFICADAS<\/td>\n<\/tr>\n<tr style=\"height: 32px;\">\n<td style=\"width: 119px; height: 32px;\"><a href=\"http:\/\/www.paranapanema.transparencia.inf.br\/wp-content\/uploads\/2019\/03\/1754.pdf\" target=\"_blank\" rel=\"noopener noreferrer\">Decreto 1754<\/a><\/td>\n<td style=\"width: 853px; height: 32px;\">CONTINGENCIAMENTO DE DESPESAS<\/td>\n<\/tr>\n<tr style=\"height: 32px;\">\n<td style=\"width: 119px; height: 32px;\"><a href=\"http:\/\/www.paranapanema.transparencia.inf.br\/wp-content\/uploads\/2019\/03\/1752.pdf\" target=\"_blank\" rel=\"noopener noreferrer\">Decreto 1752<\/a><\/td>\n<td style=\"width: 853px; height: 32px;\">RETIFICA\u00c7\u00c3O DO DECRETO 1732\/18<\/td>\n<\/tr>\n<\/tbody>\n<\/table>\n<\/div>\n<\/div>\n<\/div>\n","protected":false},"excerpt":{"rendered":"<p>Decreto 1794 ESTABELECE O CALEND\u00c1RIO DE FERIADOS E PONTOS FACULTATIVOS A SEREM OBEDECIDOS NO ANO DE 2020 Decreto 1793 Disp\u00f5e sobre o funcionamento das reparti\u00e7\u00f5es p\u00fablicas municipais no m\u00eas de dezembro de 2019. Decreto 1792 APROVA\u00c7\u00c3O DO LOTEAMENTO &#8220;RESID\u00caNCIAL P\u00d4R DO SOL&#8221;. Decreto 1791 APROVA\u00c7\u00c3O DA INSTRU\u00c7\u00c3O SME 01\/2019 Decreto 1790 ALTERA\u00c7\u00c3O DO ART. 1\u00ba&hellip;&nbsp;<a href=\"http:\/\/www.paranapanema.transparencia.inf.br\/?page_id=20995\" class=\"\" rel=\"bookmark\">Continue a ler &raquo;<span class=\"screen-reader-text\">Decretos 2019<\/span><\/a><\/p>\n","protected":false},"author":1,"featured_media":0,"parent":13348,"menu_order":0,"comment_status":"closed","ping_status":"closed","template":"template-onecolumn.php","meta":{"neve_meta_sidebar":"","neve_meta_container":"","neve_meta_enable_content_width":"","neve_meta_content_width":0,"neve_meta_title_alignment":"","neve_meta_author_avatar":"","neve_post_elements_order":"","neve_meta_disable_header":"","neve_meta_disable_footer":"","neve_meta_disable_title":"","spay_email":""},"yoast_head":"<!-- This site is optimized with the Yoast SEO plugin v17.9 - https:\/\/yoast.com\/wordpress\/plugins\/seo\/ -->\n<title>Decretos 2019 - Portal da Transpar\u00eancia<\/title>\n<meta name=\"robots\" content=\"index, follow, max-snippet:-1, max-image-preview:large, max-video-preview:-1\" \/>\n<link rel=\"canonical\" href=\"http:\/\/www.paranapanema.transparencia.inf.br\/?page_id=20995\" \/>\n<meta property=\"og:locale\" content=\"pt_BR\" \/>\n<meta property=\"og:type\" content=\"article\" \/>\n<meta property=\"og:title\" content=\"Decretos 2019 - Portal da Transpar\u00eancia\" \/>\n<meta property=\"og:description\" content=\"Decreto 1794 ESTABELECE O CALEND\u00c1RIO DE FERIADOS E PONTOS FACULTATIVOS A SEREM OBEDECIDOS NO ANO DE 2020 Decreto 1793 Disp\u00f5e sobre o funcionamento das reparti\u00e7\u00f5es p\u00fablicas municipais no m\u00eas de dezembro de 2019. Decreto 1792 APROVA\u00c7\u00c3O DO LOTEAMENTO &#8220;RESID\u00caNCIAL P\u00d4R DO SOL&#8221;. Decreto 1791 APROVA\u00c7\u00c3O DA INSTRU\u00c7\u00c3O SME 01\/2019 Decreto 1790 ALTERA\u00c7\u00c3O DO ART. 1\u00ba&hellip;&nbsp;Continue a ler &raquo;Decretos 2019\" \/>\n<meta property=\"og:url\" content=\"http:\/\/www.paranapanema.transparencia.inf.br\/?page_id=20995\" \/>\n<meta property=\"og:site_name\" content=\"Portal da Transpar\u00eancia\" \/>\n<meta property=\"article:modified_time\" content=\"2020-01-14T11:57:07+00:00\" \/>\n<meta name=\"twitter:card\" content=\"summary_large_image\" \/>\n<meta name=\"twitter:label1\" content=\"Est. tempo de leitura\" \/>\n\t<meta name=\"twitter:data1\" content=\"3 minutos\" \/>\n<script type=\"application\/ld+json\" class=\"yoast-schema-graph\">{\"@context\":\"https:\/\/schema.org\",\"@graph\":[{\"@type\":\"WebSite\",\"@id\":\"http:\/\/www.paranapanema.transparencia.inf.br\/#website\",\"url\":\"http:\/\/www.paranapanema.transparencia.inf.br\/\",\"name\":\"Portal da Transpar\\u00eancia\",\"description\":\"Prefeitura Municipal de Paranapanema-SP\",\"potentialAction\":[{\"@type\":\"SearchAction\",\"target\":{\"@type\":\"EntryPoint\",\"urlTemplate\":\"http:\/\/www.paranapanema.transparencia.inf.br\/?s={search_term_string}\"},\"query-input\":\"required name=search_term_string\"}],\"inLanguage\":\"pt-BR\"},{\"@type\":\"WebPage\",\"@id\":\"http:\/\/www.paranapanema.transparencia.inf.br\/?page_id=20995#webpage\",\"url\":\"http:\/\/www.paranapanema.transparencia.inf.br\/?page_id=20995\",\"name\":\"Decretos 2019 - Portal da Transpar\\u00eancia\",\"isPartOf\":{\"@id\":\"http:\/\/www.paranapanema.transparencia.inf.br\/#website\"},\"datePublished\":\"2019-03-26T11:28:26+00:00\",\"dateModified\":\"2020-01-14T11:57:07+00:00\",\"breadcrumb\":{\"@id\":\"http:\/\/www.paranapanema.transparencia.inf.br\/?page_id=20995#breadcrumb\"},\"inLanguage\":\"pt-BR\",\"potentialAction\":[{\"@type\":\"ReadAction\",\"target\":[\"http:\/\/www.paranapanema.transparencia.inf.br\/?page_id=20995\"]}]},{\"@type\":\"BreadcrumbList\",\"@id\":\"http:\/\/www.paranapanema.transparencia.inf.br\/?page_id=20995#breadcrumb\",\"itemListElement\":[{\"@type\":\"ListItem\",\"position\":1,\"name\":\"In\\u00edcio\",\"item\":\"http:\/\/www.paranapanema.transparencia.inf.br\/\"},{\"@type\":\"ListItem\",\"position\":2,\"name\":\"Decretos\",\"item\":\"http:\/\/www.paranapanema.transparencia.inf.br\/?page_id=13348\"},{\"@type\":\"ListItem\",\"position\":3,\"name\":\"Decretos 2019\"}]}]}<\/script>\n<!-- \/ Yoast SEO plugin. -->","yoast_head_json":{"title":"Decretos 2019 - Portal da Transpar\u00eancia","robots":{"index":"index","follow":"follow","max-snippet":"max-snippet:-1","max-image-preview":"max-image-preview:large","max-video-preview":"max-video-preview:-1"},"canonical":"http:\/\/www.paranapanema.transparencia.inf.br\/?page_id=20995","og_locale":"pt_BR","og_type":"article","og_title":"Decretos 2019 - Portal da Transpar\u00eancia","og_description":"Decreto 1794 ESTABELECE O CALEND\u00c1RIO DE FERIADOS E PONTOS FACULTATIVOS A SEREM OBEDECIDOS NO ANO DE 2020 Decreto 1793 Disp\u00f5e sobre o funcionamento das reparti\u00e7\u00f5es p\u00fablicas municipais no m\u00eas de dezembro de 2019. Decreto 1792 APROVA\u00c7\u00c3O DO LOTEAMENTO &#8220;RESID\u00caNCIAL P\u00d4R DO SOL&#8221;. Decreto 1791 APROVA\u00c7\u00c3O DA INSTRU\u00c7\u00c3O SME 01\/2019 Decreto 1790 ALTERA\u00c7\u00c3O DO ART. 1\u00ba&hellip;&nbsp;Continue a ler &raquo;Decretos 2019","og_url":"http:\/\/www.paranapanema.transparencia.inf.br\/?page_id=20995","og_site_name":"Portal da Transpar\u00eancia","article_modified_time":"2020-01-14T11:57:07+00:00","twitter_card":"summary_large_image","twitter_misc":{"Est. tempo de leitura":"3 minutos"},"schema":{"@context":"https:\/\/schema.org","@graph":[{"@type":"WebSite","@id":"http:\/\/www.paranapanema.transparencia.inf.br\/#website","url":"http:\/\/www.paranapanema.transparencia.inf.br\/","name":"Portal da Transpar\u00eancia","description":"Prefeitura Municipal de Paranapanema-SP","potentialAction":[{"@type":"SearchAction","target":{"@type":"EntryPoint","urlTemplate":"http:\/\/www.paranapanema.transparencia.inf.br\/?s={search_term_string}"},"query-input":"required name=search_term_string"}],"inLanguage":"pt-BR"},{"@type":"WebPage","@id":"http:\/\/www.paranapanema.transparencia.inf.br\/?page_id=20995#webpage","url":"http:\/\/www.paranapanema.transparencia.inf.br\/?page_id=20995","name":"Decretos 2019 - Portal da Transpar\u00eancia","isPartOf":{"@id":"http:\/\/www.paranapanema.transparencia.inf.br\/#website"},"datePublished":"2019-03-26T11:28:26+00:00","dateModified":"2020-01-14T11:57:07+00:00","breadcrumb":{"@id":"http:\/\/www.paranapanema.transparencia.inf.br\/?page_id=20995#breadcrumb"},"inLanguage":"pt-BR","potentialAction":[{"@type":"ReadAction","target":["http:\/\/www.paranapanema.transparencia.inf.br\/?page_id=20995"]}]},{"@type":"BreadcrumbList","@id":"http:\/\/www.paranapanema.transparencia.inf.br\/?page_id=20995#breadcrumb","itemListElement":[{"@type":"ListItem","position":1,"name":"In\u00edcio","item":"http:\/\/www.paranapanema.transparencia.inf.br\/"},{"@type":"ListItem","position":2,"name":"Decretos","item":"http:\/\/www.paranapanema.transparencia.inf.br\/?page_id=13348"},{"@type":"ListItem","position":3,"name":"Decretos 2019"}]}]}},"_links":{"self":[{"href":"http:\/\/www.paranapanema.transparencia.inf.br\/index.php?rest_route=\/wp\/v2\/pages\/20995"}],"collection":[{"href":"http:\/\/www.paranapanema.transparencia.inf.br\/index.php?rest_route=\/wp\/v2\/pages"}],"about":[{"href":"http:\/\/www.paranapanema.transparencia.inf.br\/index.php?rest_route=\/wp\/v2\/types\/page"}],"author":[{"embeddable":true,"href":"http:\/\/www.paranapanema.transparencia.inf.br\/index.php?rest_route=\/wp\/v2\/users\/1"}],"replies":[{"embeddable":true,"href":"http:\/\/www.paranapanema.transparencia.inf.br\/index.php?rest_route=%2Fwp%2Fv2%2Fcomments&post=20995"}],"version-history":[{"count":19,"href":"http:\/\/www.paranapanema.transparencia.inf.br\/index.php?rest_route=\/wp\/v2\/pages\/20995\/revisions"}],"predecessor-version":[{"id":21903,"href":"http:\/\/www.paranapanema.transparencia.inf.br\/index.php?rest_route=\/wp\/v2\/pages\/20995\/revisions\/21903"}],"up":[{"embeddable":true,"href":"http:\/\/www.paranapanema.transparencia.inf.br\/index.php?rest_route=\/wp\/v2\/pages\/13348"}],"wp:attachment":[{"href":"http:\/\/www.paranapanema.transparencia.inf.br\/index.php?rest_route=%2Fwp%2Fv2%2Fmedia&parent=20995"}],"curies":[{"name":"wp","href":"https:\/\/api.w.org\/{rel}","templated":true}]}}