{"id":29376,"date":"2023-01-10T11:19:46","date_gmt":"2023-01-10T14:19:46","guid":{"rendered":"http:\/\/www.paranapanema.transparencia.inf.br\/?page_id=29376"},"modified":"2023-06-20T08:40:10","modified_gmt":"2023-06-20T11:40:10","slug":"portarias-2023","status":"publish","type":"page","link":"http:\/\/www.paranapanema.transparencia.inf.br\/?page_id=29376","title":{"rendered":"Portarias 2023"},"content":{"rendered":"\n<p style=\"text-align: right;\"><strong>\u00daltima Atualiza\u00e7\u00e3o em 20 de junho de 2023 \u00e0s 8:40:10<\/strong><\/p>\n<table style=\"width: 100%; height: 2864px;\">\n<tbody>\n<tr style=\"height: 81px;\">\n<td style=\"width: 8.88888%; height: 81px;\">\n<p><a href=\"http:\/\/www.paranapanema.transparencia.inf.br\/wp-content\/uploads\/2023\/05\/PORTARIA-035.2023.pdf\" target=\"_blank\" rel=\"noopener\"><strong>35\/2023<\/strong><\/a><\/p>\n<\/td>\n<td style=\"width: 90.4273%; height: 81px;\"><em>Disp\u00f5e sobre a Comiss\u00e3o de Sele\u00e7\u00e3o de Estagi\u00e1rios<\/em><\/td>\n<\/tr>\n<tr style=\"height: 81px;\">\n<td style=\"width: 8.88888%; height: 81px;\">\n<p><a href=\"http:\/\/www.paranapanema.transparencia.inf.br\/wp-content\/uploads\/2023\/05\/34.2023.pdf\" target=\"_blank\" rel=\"noopener\"><strong>34\/2023<\/strong><\/a><\/p>\n<\/td>\n<td style=\"width: 90.4273%; height: 81px;\"><em>Disp\u00f5e sobre a instaura\u00e7\u00e3o de Processo Administrativo Disciplinar<\/em><\/td>\n<\/tr>\n<tr style=\"height: 81px;\">\n<td style=\"width: 8.88888%; height: 81px;\">\n<p><a href=\"http:\/\/www.paranapanema.transparencia.inf.br\/wp-content\/uploads\/2023\/05\/33.2023.pdf\" target=\"_blank\" rel=\"noopener\"><strong>33\/2023<\/strong><\/a><\/p>\n<\/td>\n<td style=\"width: 90.4273%; height: 81px;\"><em>Disp\u00f5e sobre a instaura\u00e7\u00e3o de Processo Administrativo Disciplinar<\/em><\/td>\n<\/tr>\n<tr style=\"height: 81px;\">\n<td style=\"width: 8.88888%; height: 81px;\">\n<p><a href=\"http:\/\/www.paranapanema.transparencia.inf.br\/wp-content\/uploads\/2023\/05\/32.2023.pdf\" target=\"_blank\" rel=\"noopener\"><strong>32\/2023<\/strong><\/a><\/p>\n<\/td>\n<td style=\"width: 90.4273%; height: 81px;\"><em>Disp\u00f5e sobre a instaura\u00e7\u00e3o de Processo Administrativo Disciplinar<\/em><\/td>\n<\/tr>\n<tr style=\"height: 81px;\">\n<td style=\"width: 8.88888%; height: 81px;\">\n<p><a href=\"http:\/\/www.paranapanema.transparencia.inf.br\/wp-content\/uploads\/2023\/05\/31.2023.pdf\" target=\"_blank\" rel=\"noopener\"><strong>31\/2023<\/strong><\/a><\/p>\n<\/td>\n<td style=\"width: 90.4273%; height: 81px;\">Disp\u00f5e sobre a instaura\u00e7\u00e3o de Processo Administrativo Disciplinar<\/td>\n<\/tr>\n<tr style=\"height: 81px;\">\n<td style=\"width: 8.88888%; height: 81px;\">\n<p><a href=\"http:\/\/www.paranapanema.transparencia.inf.br\/wp-content\/uploads\/2023\/05\/PORTARIA-030.2023.pdf\" target=\"_blank\" rel=\"noopener\"><strong>30\/2023<\/strong><\/a><\/p>\n<\/td>\n<td style=\"width: 90.4273%; height: 81px;\"><em>Disp\u00f5e sobre a estrutura da Coordenadoria Municipal de Defesa Civil do Munic\u00edpio da Est\u00e2ncia Tur\u00edstica de Paranapanema<\/em><\/td>\n<\/tr>\n<tr style=\"height: 81px;\">\n<td style=\"width: 8.88888%; height: 81px;\">\n<p><a href=\"http:\/\/www.paranapanema.transparencia.inf.br\/wp-content\/uploads\/2023\/05\/29.2023.pdf\"><strong>29\/2023<\/strong><\/a><\/p>\n<\/td>\n<td style=\"width: 90.4273%; height: 81px;\"><em>Designa Gestor e Respons\u00e1vel T\u00e9cnico<\/em><\/td>\n<\/tr>\n<tr style=\"height: 81px;\">\n<td style=\"width: 8.88888%; height: 81px;\">\n<p><a href=\"http:\/\/www.paranapanema.transparencia.inf.br\/wp-content\/uploads\/2023\/05\/28.2023.pdf\" target=\"_blank\" rel=\"noopener\"><strong>28\/2023<\/strong><\/a><\/p>\n<\/td>\n<td style=\"width: 90.4273%; height: 81px;\"><em>Designa Gestor e Respons\u00e1vel T\u00e9cnico<\/em><\/td>\n<\/tr>\n<tr style=\"height: 81px;\">\n<td style=\"width: 8.88888%; height: 81px;\">\n<p><a href=\"http:\/\/www.paranapanema.transparencia.inf.br\/wp-content\/uploads\/2023\/06\/PORTARIA-27.2023.pdf\" target=\"_blank\" rel=\"noopener\"><strong>27\/2023<\/strong><\/a><\/p>\n<\/td>\n<td style=\"width: 90.4273%; height: 81px;\"><em>Disp\u00f5e sobre a instaura\u00e7\u00e3o de Processo Administrativo Disciplinar<\/em><\/td>\n<\/tr>\n<tr style=\"height: 81px;\">\n<td style=\"width: 8.88888%; height: 81px;\">\n<p><a href=\"http:\/\/www.paranapanema.transparencia.inf.br\/wp-content\/uploads\/2023\/05\/PORTARIA-026.2023.pdf\"><strong>26\/2023<\/strong><\/a><\/p>\n<\/td>\n<td style=\"width: 90.4273%; height: 81px;\"><em>Disp\u00f5e sobre a Comiss\u00e3o de Preg\u00e3o Presencial no exerc\u00edcio de 2023<\/em><\/td>\n<\/tr>\n<tr style=\"height: 81px;\">\n<td style=\"width: 8.88888%; height: 81px;\">\n<p><a href=\"http:\/\/www.paranapanema.transparencia.inf.br\/wp-content\/uploads\/2023\/05\/PORTARIA0252023.pdf\" target=\"_blank\" rel=\"noopener\"><strong>25\/2023<\/strong><\/a><\/p>\n<\/td>\n<td style=\"width: 90.4273%; height: 81px;\"><em>Disp\u00f5e sobre a Comiss\u00e3o de Licita\u00e7\u00f5es no exerc\u00edcio de 2023<\/em><\/td>\n<\/tr>\n<tr style=\"height: 81px;\">\n<td style=\"width: 8.88888%; height: 81px;\">\n<p><a href=\"http:\/\/www.paranapanema.transparencia.inf.br\/wp-content\/uploads\/2023\/05\/24.2023.pdf\" target=\"_blank\" rel=\"noopener\"><strong>24\/2023<\/strong><\/a><\/p>\n<\/td>\n<td style=\"width: 90.4273%; height: 81px;\"><em>Disp\u00f5e sobre a instaura\u00e7\u00e3o de Processo Administrativo<\/em><\/td>\n<\/tr>\n<tr style=\"height: 81px;\">\n<td style=\"width: 8.88888%; height: 81px;\">\n<p><a href=\"http:\/\/www.paranapanema.transparencia.inf.br\/wp-content\/uploads\/2023\/05\/23.2023.pdf\" target=\"_blank\" rel=\"noopener\"><strong>23\/2023<\/strong><\/a><\/p>\n<\/td>\n<td style=\"width: 90.4273%; height: 81px;\"><em>Disp\u00f5e sobre a instaura\u00e7\u00e3o de Processo Administrativo<\/em><\/td>\n<\/tr>\n<tr style=\"height: 81px;\">\n<td style=\"width: 8.88888%; height: 81px;\">\n<p><a href=\"http:\/\/www.paranapanema.transparencia.inf.br\/wp-content\/uploads\/2023\/05\/PORTARIA-022.2023.pdf\" target=\"_blank\" rel=\"noopener\"><strong>22\/2023<\/strong><\/a><\/p>\n<\/td>\n<td style=\"width: 90.4273%; height: 81px;\"><em>Disp\u00f5e sobre Nomea\u00e7\u00e3o de Comiss\u00e3o Interna de Preven\u00e7\u00e3o de Acidentes e de Ass\u00e9dio \u2013 CIPA do Hospital Municipal Leonardus Van Mellis<\/em><\/td>\n<\/tr>\n<tr style=\"height: 81px;\">\n<td style=\"width: 8.88888%; height: 81px;\">\n<p><a href=\"http:\/\/www.paranapanema.transparencia.inf.br\/wp-content\/uploads\/2023\/05\/21.2023.pdf\" target=\"_blank\" rel=\"noopener\"><strong>21\/2023<\/strong><\/a><\/p>\n<\/td>\n<td style=\"width: 90.4273%; height: 81px;\"><em>Disp\u00f5e sobre a instaura\u00e7\u00e3o de Processo Administrativo<\/em><\/td>\n<\/tr>\n<tr style=\"height: 81px;\">\n<td style=\"width: 8.88888%; height: 81px;\">\n<p><a href=\"http:\/\/www.paranapanema.transparencia.inf.br\/wp-content\/uploads\/2023\/05\/20.2023.pdf\" target=\"_blank\" rel=\"noopener\"><strong>20\/2023<\/strong><\/a><\/p>\n<\/td>\n<td style=\"width: 90.4273%; height: 81px;\"><em>Disp\u00f5e sobre a instaura\u00e7\u00e3o de Processo Administrativo<\/em><\/td>\n<\/tr>\n<tr style=\"height: 81px;\">\n<td style=\"width: 8.88888%; height: 81px;\">\n<p><a href=\"http:\/\/www.paranapanema.transparencia.inf.br\/wp-content\/uploads\/2023\/06\/PORTARIA-19.2023.pdf\" target=\"_blank\" rel=\"noopener\"><strong>19\/2023<\/strong><\/a><\/p>\n<\/td>\n<td style=\"width: 90.4273%; height: 81px;\"><em> Disp\u00f5e sobre a designa\u00e7\u00e3o de membros da Comiss\u00e3o Permanente de Sindic\u00e2ncia Administrativa de que trata o Decreto n\u00ba 2.455, de 09 de fevereiro de 2023.<\/em><\/td>\n<\/tr>\n<tr style=\"height: 81px;\">\n<td style=\"width: 8.88888%; height: 81px;\">\n<p><a href=\"http:\/\/www.paranapanema.transparencia.inf.br\/wp-content\/uploads\/2023\/06\/PORTARIA-18.2023.pdf\" target=\"_blank\" rel=\"noopener\"><strong>18\/2023<\/strong><\/a><\/p>\n<\/td>\n<td style=\"width: 90.4273%; height: 81px;\"><em>Disp\u00f5e sobre a designa\u00e7\u00e3o de membros da Comiss\u00e3o Permanente de Sindic\u00e2ncia Administrativa de que trata o Decreto n\u00ba 2.455, de 09 de fevereiro de 2023.<\/em><\/td>\n<\/tr>\n<tr style=\"height: 81px;\">\n<td style=\"width: 8.88888%; height: 81px;\">\n<p><a href=\"http:\/\/www.paranapanema.transparencia.inf.br\/wp-content\/uploads\/2023\/05\/17.2023.pdf\" target=\"_blank\" rel=\"noopener\"><strong>17\/2023<\/strong><\/a><\/p>\n<\/td>\n<td style=\"width: 90.4273%; height: 81px;\"><em>Disp\u00f5e sobre a instaura\u00e7\u00e3o de Processo Administrativo<\/em><\/td>\n<\/tr>\n<tr style=\"height: 81px;\">\n<td style=\"width: 8.88888%; height: 81px;\">\n<p><a href=\"http:\/\/www.paranapanema.transparencia.inf.br\/wp-content\/uploads\/2023\/05\/16.2023.pdf\" target=\"_blank\" rel=\"noopener\"><strong>16\/2023<\/strong><\/a><\/p>\n<\/td>\n<td style=\"width: 90.4273%; height: 81px;\">Revoga portaria\u00a0 322\/2019<\/td>\n<\/tr>\n<tr style=\"height: 81px;\">\n<td style=\"width: 8.88888%; height: 81px;\">\n<p><a href=\"http:\/\/www.paranapanema.transparencia.inf.br\/wp-content\/uploads\/2023\/05\/PORTARIA-015.2023.pdf\" target=\"_blank\" rel=\"noopener\"><strong>15\/2023<\/strong><\/a><\/p>\n<\/td>\n<td style=\"width: 90.4273%; height: 81px;\"><em>Disp\u00f5e sobre Nomea\u00e7\u00e3o de Comiss\u00e3o de Avalia\u00e7\u00e3o do Est\u00e1gio Probat\u00f3rio da Secretaria Municipal de Educa\u00e7\u00e3o, nos termos do Decreto n\u00ba 2.262\/2022<\/em><\/td>\n<\/tr>\n<tr style=\"height: 81px;\">\n<td style=\"width: 8.88888%; height: 81px;\">\n<p><a href=\"http:\/\/www.paranapanema.transparencia.inf.br\/wp-content\/uploads\/2023\/05\/PORTARIA-14-2023.pdf\" target=\"_blank\" rel=\"noopener\"><strong>14\/2023<\/strong><\/a><\/p>\n<\/td>\n<td style=\"width: 90.4273%; height: 81px;\"><em>Disp\u00f5e sobre a instaura\u00e7\u00e3o de Processo Administrativo<\/em><\/td>\n<\/tr>\n<tr style=\"height: 81px;\">\n<td style=\"width: 8.88888%; height: 81px;\">\n<p><a href=\"http:\/\/www.paranapanema.transparencia.inf.br\/wp-content\/uploads\/2023\/05\/PORTARIA-013.2023.pdf\" target=\"_blank\" rel=\"noopener\"><strong>13\/2023<\/strong><\/a><\/p>\n<\/td>\n<td style=\"width: 90.4273%; height: 81px;\"><em>\u201cDisp\u00f5e sobre Nomea\u00e7\u00e3o de Comiss\u00e3o de Concurso P\u00fablico e Processo Seletivo<\/em><\/td>\n<\/tr>\n<tr style=\"height: 81px;\">\n<td style=\"width: 8.88888%; height: 81px;\">\n<p><a href=\"http:\/\/www.paranapanema.transparencia.inf.br\/wp-content\/uploads\/2023\/03\/PORTARIA-012.2023.pdf\" target=\"_blank\" rel=\"noopener\"><strong>12\/2023<\/strong><\/a><\/p>\n<\/td>\n<td style=\"width: 90.4273%; height: 81px;\"><em>Disp\u00f5e sobre a instaura\u00e7\u00e3o de Processo Administrativo Disciplinar<\/em><\/td>\n<\/tr>\n<tr style=\"height: 81px;\">\n<td style=\"width: 8.88888%; height: 81px;\">\n<p><a href=\"http:\/\/www.paranapanema.transparencia.inf.br\/wp-content\/uploads\/2023\/03\/PORTARIA-011.2023.pdf\" target=\"_blank\" rel=\"noopener\"><strong>11\/2023<\/strong><\/a><\/p>\n<\/td>\n<td style=\"width: 90.4273%; height: 81px;\"><em>Nomeia gestor do conv\u00eanio a ser firmado com o Fundo Social de S\u00e3o Paulo \u2013 FUSSP<\/em><\/td>\n<\/tr>\n<tr style=\"height: 81px;\">\n<td style=\"width: 8.88888%; height: 81px;\">\n<p><a href=\"http:\/\/www.paranapanema.transparencia.inf.br\/wp-content\/uploads\/2023\/02\/PORTARIA-010.2023.pdf\" target=\"_blank\" rel=\"noopener\"><strong>10\/2023<\/strong><\/a><\/p>\n<\/td>\n<td style=\"width: 90.4273%; height: 81px;\"><em>Disp\u00f5e sobre a designa\u00e7\u00e3o de membros da Comiss\u00e3o Permanente de Processo Administrativo Disciplinar, de que trata o Decreto n\u00ba 2.455, de 09 de fevereiro de 2023<\/em><\/td>\n<\/tr>\n<tr style=\"height: 110px;\">\n<td style=\"width: 8.88888%; height: 110px;\">\n<p><a href=\"http:\/\/www.paranapanema.transparencia.inf.br\/wp-content\/uploads\/2023\/02\/PORTARIA-009.2023.pdf\" target=\"_blank\" rel=\"noopener\"><strong>09\/2023<\/strong><\/a><\/p>\n<\/td>\n<td style=\"width: 90.4273%; height: 110px;\">\n<p><em>Disp\u00f5e sobre a designa\u00e7\u00e3o de membros da Comiss\u00e3o Permanente de Sindic\u00e2ncia Administrativa de que trata o Decreto n\u00ba 2.455, de 09 de fevereiro de 2023.<\/em><\/p>\n<\/td>\n<\/tr>\n<tr style=\"height: 81px;\">\n<td style=\"width: 8.88888%; height: 81px;\">\n<p><a href=\"http:\/\/www.paranapanema.transparencia.inf.br\/wp-content\/uploads\/2023\/02\/PORTARIA-008.2023.pdf\" target=\"_blank\" rel=\"noopener\"><strong>08\/2023<\/strong><\/a><\/p>\n<\/td>\n<td style=\"width: 90.4273%; height: 81px;\">Disp\u00f5e sobre a instaura\u00e7\u00e3o de Processo Administrativo<\/td>\n<\/tr>\n<tr style=\"height: 81px;\">\n<td style=\"width: 8.88888%; height: 81px;\">\n<p><a href=\"http:\/\/www.paranapanema.transparencia.inf.br\/wp-content\/uploads\/2023\/01\/PORTARIA007.2023.pdf\" target=\"_blank\" rel=\"noopener\"><strong>07\/2023<\/strong><\/a><\/p>\n<\/td>\n<td style=\"width: 90.4273%; height: 81px;\">Disp\u00f5e sobre a instaura\u00e7\u00e3o de Processo Administrativo<\/td>\n<\/tr>\n<tr style=\"height: 81px;\">\n<td style=\"width: 8.88888%; height: 81px;\">\n<p><a href=\"http:\/\/www.paranapanema.transparencia.inf.br\/wp-content\/uploads\/2023\/01\/PORTARIA-006.2023.pdf\" target=\"_blank\" rel=\"noopener\"><strong>06\/2023<\/strong><\/a><\/p>\n<\/td>\n<td style=\"width: 90.4273%; height: 81px;\">Disp\u00f5e sobre a instaura\u00e7\u00e3o de Sindic\u00e2ncia Administrativa<\/td>\n<\/tr>\n<tr style=\"height: 81px;\">\n<td style=\"width: 8.88888%; height: 81px;\">\n<p><a href=\"http:\/\/www.paranapanema.transparencia.inf.br\/wp-content\/uploads\/2023\/01\/PORTARIA005.2023.pdf\" target=\"_blank\" rel=\"noopener\"><strong>05\/2023<\/strong><\/a><\/p>\n<\/td>\n<td style=\"width: 90.4273%; height: 81px;\">Disp\u00f5e sobre a instaura\u00e7\u00e3o de Sindic\u00e2ncia Administrativa<\/td>\n<\/tr>\n<tr style=\"height: 81px;\">\n<td style=\"width: 8.88888%; height: 81px;\">\n<p><a href=\"http:\/\/www.paranapanema.transparencia.inf.br\/wp-content\/uploads\/2023\/01\/PORTARIA004.2023.pdf\" target=\"_blank\" rel=\"noopener\"><strong>04\/2023<\/strong><\/a><\/p>\n<\/td>\n<td style=\"width: 90.4273%; height: 81px;\">Disp\u00f5e sobre a nomea\u00e7\u00e3o de Comiss\u00e3o para acompanhamento de atividades do Projeto Viva Leite<\/td>\n<\/tr>\n<tr style=\"height: 81px;\">\n<td style=\"width: 8.88888%; height: 81px;\">\n<p><a href=\"http:\/\/www.paranapanema.transparencia.inf.br\/wp-content\/uploads\/2023\/01\/PORTARIA003.2023.pdf\" target=\"_blank\" rel=\"noopener\"><strong>03\/2023<\/strong><\/a><\/p>\n<\/td>\n<td style=\"width: 90.4273%; height: 81px;\">Disp\u00f5e sobre a instaura\u00e7\u00e3o de Processo Administrativo Disciplinar<\/td>\n<\/tr>\n<tr style=\"height: 81px;\">\n<td style=\"width: 8.88888%; height: 81px;\">\n<p><a href=\"http:\/\/www.paranapanema.transparencia.inf.br\/wp-content\/uploads\/2023\/01\/PORTARIA002.2023.pdf\" target=\"_blank\" rel=\"noopener\"><strong>02\/2023<\/strong><\/a><\/p>\n<\/td>\n<td style=\"width: 90.4273%; height: 81px;\">Disp\u00f5e sobre a instaura\u00e7\u00e3o de Processo Administrativo Disciplinar<\/td>\n<\/tr>\n<tr style=\"height: 81px;\">\n<td style=\"width: 8.88888%; height: 81px;\">\n<p><a href=\"http:\/\/www.paranapanema.transparencia.inf.br\/wp-content\/uploads\/2023\/01\/Portaria012023.pdf\" target=\"_blank\" rel=\"noopener\"><strong>01\/2023<\/strong><\/a><\/p>\n<\/td>\n<td style=\"width: 90.4273%; height: 81px;\">Disp\u00f5e sobre a instaura\u00e7\u00e3o de Processo Administrativo Disciplinar<\/td>\n<\/tr>\n<\/tbody>\n<\/table>\n","protected":false},"excerpt":{"rendered":"<p>35\/2023 Disp\u00f5e sobre a Comiss\u00e3o de Sele\u00e7\u00e3o de Estagi\u00e1rios 34\/2023 Disp\u00f5e sobre a instaura\u00e7\u00e3o de Processo Administrativo Disciplinar 33\/2023 Disp\u00f5e sobre a instaura\u00e7\u00e3o de Processo Administrativo Disciplinar 32\/2023 Disp\u00f5e sobre a instaura\u00e7\u00e3o de Processo Administrativo Disciplinar 31\/2023 Disp\u00f5e sobre a instaura\u00e7\u00e3o de Processo Administrativo Disciplinar 30\/2023 Disp\u00f5e sobre a estrutura da Coordenadoria Municipal de Defesa&hellip;&nbsp;<a href=\"http:\/\/www.paranapanema.transparencia.inf.br\/?page_id=29376\" class=\"\" rel=\"bookmark\">Continue a ler &raquo;<span class=\"screen-reader-text\">Portarias 2023<\/span><\/a><\/p>\n","protected":false},"author":1,"featured_media":0,"parent":0,"menu_order":0,"comment_status":"closed","ping_status":"closed","template":"","meta":{"neve_meta_sidebar":"full-width","neve_meta_container":"","neve_meta_enable_content_width":"on","neve_meta_content_width":100,"neve_meta_title_alignment":"","neve_meta_author_avatar":"","neve_post_elements_order":"","neve_meta_disable_header":"","neve_meta_disable_footer":"","neve_meta_disable_title":"","spay_email":""},"yoast_head":"<!-- This site is optimized with the Yoast SEO plugin v17.9 - https:\/\/yoast.com\/wordpress\/plugins\/seo\/ -->\n<title>Portarias 2023 - Portal da Transpar\u00eancia<\/title>\n<meta name=\"robots\" content=\"index, follow, max-snippet:-1, max-image-preview:large, max-video-preview:-1\" \/>\n<link rel=\"canonical\" href=\"http:\/\/www.paranapanema.transparencia.inf.br\/?page_id=29376\" \/>\n<meta property=\"og:locale\" content=\"pt_BR\" \/>\n<meta property=\"og:type\" content=\"article\" \/>\n<meta property=\"og:title\" content=\"Portarias 2023 - Portal da Transpar\u00eancia\" \/>\n<meta property=\"og:description\" content=\"35\/2023 Disp\u00f5e sobre a Comiss\u00e3o de Sele\u00e7\u00e3o de Estagi\u00e1rios 34\/2023 Disp\u00f5e sobre a instaura\u00e7\u00e3o de Processo Administrativo Disciplinar 33\/2023 Disp\u00f5e sobre a instaura\u00e7\u00e3o de Processo Administrativo Disciplinar 32\/2023 Disp\u00f5e sobre a instaura\u00e7\u00e3o de Processo Administrativo Disciplinar 31\/2023 Disp\u00f5e sobre a instaura\u00e7\u00e3o de Processo Administrativo Disciplinar 30\/2023 Disp\u00f5e sobre a estrutura da Coordenadoria Municipal de Defesa&hellip;&nbsp;Continue a ler &raquo;Portarias 2023\" \/>\n<meta property=\"og:url\" content=\"http:\/\/www.paranapanema.transparencia.inf.br\/?page_id=29376\" \/>\n<meta property=\"og:site_name\" content=\"Portal da Transpar\u00eancia\" \/>\n<meta property=\"article:modified_time\" content=\"2023-06-20T11:40:10+00:00\" \/>\n<meta name=\"twitter:card\" content=\"summary_large_image\" \/>\n<meta name=\"twitter:label1\" content=\"Est. tempo de leitura\" \/>\n\t<meta name=\"twitter:data1\" content=\"3 minutos\" \/>\n<script type=\"application\/ld+json\" class=\"yoast-schema-graph\">{\"@context\":\"https:\/\/schema.org\",\"@graph\":[{\"@type\":\"WebSite\",\"@id\":\"https:\/\/www.paranapanema.transparencia.inf.br\/#website\",\"url\":\"https:\/\/www.paranapanema.transparencia.inf.br\/\",\"name\":\"Portal da Transpar\\u00eancia\",\"description\":\"Prefeitura Municipal de Paranapanema-SP\",\"potentialAction\":[{\"@type\":\"SearchAction\",\"target\":{\"@type\":\"EntryPoint\",\"urlTemplate\":\"https:\/\/www.paranapanema.transparencia.inf.br\/?s={search_term_string}\"},\"query-input\":\"required name=search_term_string\"}],\"inLanguage\":\"pt-BR\"},{\"@type\":\"WebPage\",\"@id\":\"http:\/\/www.paranapanema.transparencia.inf.br\/?page_id=29376#webpage\",\"url\":\"http:\/\/www.paranapanema.transparencia.inf.br\/?page_id=29376\",\"name\":\"Portarias 2023 - Portal da Transpar\\u00eancia\",\"isPartOf\":{\"@id\":\"https:\/\/www.paranapanema.transparencia.inf.br\/#website\"},\"datePublished\":\"2023-01-10T14:19:46+00:00\",\"dateModified\":\"2023-06-20T11:40:10+00:00\",\"breadcrumb\":{\"@id\":\"http:\/\/www.paranapanema.transparencia.inf.br\/?page_id=29376#breadcrumb\"},\"inLanguage\":\"pt-BR\",\"potentialAction\":[{\"@type\":\"ReadAction\",\"target\":[\"http:\/\/www.paranapanema.transparencia.inf.br\/?page_id=29376\"]}]},{\"@type\":\"BreadcrumbList\",\"@id\":\"http:\/\/www.paranapanema.transparencia.inf.br\/?page_id=29376#breadcrumb\",\"itemListElement\":[{\"@type\":\"ListItem\",\"position\":1,\"name\":\"In\\u00edcio\",\"item\":\"https:\/\/www.paranapanema.transparencia.inf.br\/\"},{\"@type\":\"ListItem\",\"position\":2,\"name\":\"Portarias 2023\"}]}]}<\/script>\n<!-- \/ Yoast SEO plugin. -->","yoast_head_json":{"title":"Portarias 2023 - Portal da Transpar\u00eancia","robots":{"index":"index","follow":"follow","max-snippet":"max-snippet:-1","max-image-preview":"max-image-preview:large","max-video-preview":"max-video-preview:-1"},"canonical":"http:\/\/www.paranapanema.transparencia.inf.br\/?page_id=29376","og_locale":"pt_BR","og_type":"article","og_title":"Portarias 2023 - Portal da Transpar\u00eancia","og_description":"35\/2023 Disp\u00f5e sobre a Comiss\u00e3o de Sele\u00e7\u00e3o de Estagi\u00e1rios 34\/2023 Disp\u00f5e sobre a instaura\u00e7\u00e3o de Processo Administrativo Disciplinar 33\/2023 Disp\u00f5e sobre a instaura\u00e7\u00e3o de Processo Administrativo Disciplinar 32\/2023 Disp\u00f5e sobre a instaura\u00e7\u00e3o de Processo Administrativo Disciplinar 31\/2023 Disp\u00f5e sobre a instaura\u00e7\u00e3o de Processo Administrativo Disciplinar 30\/2023 Disp\u00f5e sobre a estrutura da Coordenadoria Municipal de Defesa&hellip;&nbsp;Continue a ler &raquo;Portarias 2023","og_url":"http:\/\/www.paranapanema.transparencia.inf.br\/?page_id=29376","og_site_name":"Portal da Transpar\u00eancia","article_modified_time":"2023-06-20T11:40:10+00:00","twitter_card":"summary_large_image","twitter_misc":{"Est. tempo de leitura":"3 minutos"},"schema":{"@context":"https:\/\/schema.org","@graph":[{"@type":"WebSite","@id":"https:\/\/www.paranapanema.transparencia.inf.br\/#website","url":"https:\/\/www.paranapanema.transparencia.inf.br\/","name":"Portal da Transpar\u00eancia","description":"Prefeitura Municipal de Paranapanema-SP","potentialAction":[{"@type":"SearchAction","target":{"@type":"EntryPoint","urlTemplate":"https:\/\/www.paranapanema.transparencia.inf.br\/?s={search_term_string}"},"query-input":"required name=search_term_string"}],"inLanguage":"pt-BR"},{"@type":"WebPage","@id":"http:\/\/www.paranapanema.transparencia.inf.br\/?page_id=29376#webpage","url":"http:\/\/www.paranapanema.transparencia.inf.br\/?page_id=29376","name":"Portarias 2023 - Portal da Transpar\u00eancia","isPartOf":{"@id":"https:\/\/www.paranapanema.transparencia.inf.br\/#website"},"datePublished":"2023-01-10T14:19:46+00:00","dateModified":"2023-06-20T11:40:10+00:00","breadcrumb":{"@id":"http:\/\/www.paranapanema.transparencia.inf.br\/?page_id=29376#breadcrumb"},"inLanguage":"pt-BR","potentialAction":[{"@type":"ReadAction","target":["http:\/\/www.paranapanema.transparencia.inf.br\/?page_id=29376"]}]},{"@type":"BreadcrumbList","@id":"http:\/\/www.paranapanema.transparencia.inf.br\/?page_id=29376#breadcrumb","itemListElement":[{"@type":"ListItem","position":1,"name":"In\u00edcio","item":"https:\/\/www.paranapanema.transparencia.inf.br\/"},{"@type":"ListItem","position":2,"name":"Portarias 2023"}]}]}},"_links":{"self":[{"href":"http:\/\/www.paranapanema.transparencia.inf.br\/index.php?rest_route=\/wp\/v2\/pages\/29376"}],"collection":[{"href":"http:\/\/www.paranapanema.transparencia.inf.br\/index.php?rest_route=\/wp\/v2\/pages"}],"about":[{"href":"http:\/\/www.paranapanema.transparencia.inf.br\/index.php?rest_route=\/wp\/v2\/types\/page"}],"author":[{"embeddable":true,"href":"http:\/\/www.paranapanema.transparencia.inf.br\/index.php?rest_route=\/wp\/v2\/users\/1"}],"replies":[{"embeddable":true,"href":"http:\/\/www.paranapanema.transparencia.inf.br\/index.php?rest_route=%2Fwp%2Fv2%2Fcomments&post=29376"}],"version-history":[{"count":15,"href":"http:\/\/www.paranapanema.transparencia.inf.br\/index.php?rest_route=\/wp\/v2\/pages\/29376\/revisions"}],"predecessor-version":[{"id":31241,"href":"http:\/\/www.paranapanema.transparencia.inf.br\/index.php?rest_route=\/wp\/v2\/pages\/29376\/revisions\/31241"}],"wp:attachment":[{"href":"http:\/\/www.paranapanema.transparencia.inf.br\/index.php?rest_route=%2Fwp%2Fv2%2Fmedia&parent=29376"}],"curies":[{"name":"wp","href":"https:\/\/api.w.org\/{rel}","templated":true}]}}