{"id":611,"date":"2011-01-31T16:52:47","date_gmt":"2011-01-31T16:52:47","guid":{"rendered":"http:\/\/www.paranapanema.sp.gov.br\/portal\/?page_id=611"},"modified":"2021-03-23T09:16:24","modified_gmt":"2021-03-23T12:16:24","slug":"licitacoes","status":"publish","type":"page","link":"http:\/\/www.paranapanema.transparencia.inf.br\/?page_id=611","title":{"rendered":"Editais de Licita\u00e7\u00f5es"},"content":{"rendered":"<p style=\"text-align: right;\">&nbsp;Selecione a Modalidade da Licita\u00e7\u00e3o para visualizar o Edital.<\/p>\n<p style=\"text-align: right;\"><select onchange=\"location=this.value\"><option>Selecione a Modalidade<\/option><option value=\"http:\/\/www.paranapanema.transparencia.inf.br\/?page_id=5244\">Chamada P\u00fablica<\/option><option value=\"http:\/\/www.paranapanema.transparencia.inf.br\/?page_id=6569\">Concorr\u00eancia<\/option><option value=\"http:\/\/www.paranapanema.transparencia.inf.br\/?page_id=19612\">Leil\u00e3o Presencial<\/option><option value=\"http:\/\/www.paranapanema.transparencia.inf.br\/?page_id=23080\">Preg\u00e3o Presencial<\/option><option value=\"http:\/\/www.paranapanema.transparencia.inf.br\/?page_id=23080\">Tomada de Pre\u00e7os<\/option><\/select><\/p>\n<hr>\n<p style=\"text-align: justify;\"><span style=\"font-family: arial, helvetica, sans-serif; font-size: 10pt;\">A <a href=\"http:\/\/www.planalto.gov.br\/ccivil_03\/leis\/l8666cons.htm\" target=\"_blank\" rel=\"noopener noreferrer\">lei 8666\/1993<\/a> \u00e9 uma lei federal, criada em 21 de junho de 1993. Esta lei estabelece normas gerais sobre licita\u00e7\u00f5es e contratos administrativos pertinentes a obras, servi\u00e7os, inclusive de publicidade, compras, aliena\u00e7\u00f5es e loca\u00e7\u00f5es no \u00e2mbito dos poderes da Uni\u00e3o, dos Estados, do Distrito Federal e dos Munic\u00edpios. A <a href=\"http:\/\/www.planalto.gov.br\/ccivil_03\/leis\/2002\/l10520.htm\" target=\"_blank\" rel=\"noopener noreferrer\">lei 10520\/2002<\/a>, institui o preg\u00e3o no ordenamento jur\u00eddico brasileiro, para aquisi\u00e7\u00e3o de bens e servi\u00e7os comuns.<\/span><\/p>\n<p style=\"text-align: justify;\"><img loading=\"lazy\" class=\" wp-image-15347 alignright\" src=\"http:\/\/www.paranapanema.transparencia.inf.br\/wp-content\/uploads\/2011\/01\/sin2-300x240.jpg\" alt=\"sin2\" width=\"177\" height=\"141\" srcset=\"http:\/\/www.paranapanema.transparencia.inf.br\/wp-content\/uploads\/2011\/01\/sin2-300x240.jpg 300w, http:\/\/www.paranapanema.transparencia.inf.br\/wp-content\/uploads\/2011\/01\/sin2.jpg 387w\" sizes=\"(max-width: 177px) 100vw, 177px\" \/><\/p>\n<p>&nbsp;<\/p>\n<p>&nbsp;<\/p>\n<p>&nbsp;<\/p>\n<p><strong>Departamento&nbsp;de Licita\u00e7\u00f5es<\/strong><br \/>\n<strong>Endere\u00e7o:<\/strong> Rua Capit\u00e3o Pinto de Melo, 485<br \/>\n<strong>Fone:<\/strong> 14 3713 9241<br \/>\n<strong>E-mail:<\/strong>&nbsp;<a href=\"mailto:danila.compras@paranapanema.sp.gov.br\">danila.compras@paranapanema.sp.gov.br<\/a><\/p>\n","protected":false},"excerpt":{"rendered":"<p>&nbsp;Selecione a Modalidade da Licita\u00e7\u00e3o para visualizar o Edital. Selecione a ModalidadeChamada P\u00fablicaConcorr\u00eanciaLeil\u00e3o PresencialPreg\u00e3o PresencialTomada de Pre\u00e7os A lei 8666\/1993 \u00e9 uma lei federal, criada em 21 de junho de 1993. Esta lei estabelece normas gerais sobre licita\u00e7\u00f5es e contratos administrativos pertinentes a obras, servi\u00e7os, inclusive de publicidade, compras, aliena\u00e7\u00f5es e loca\u00e7\u00f5es no \u00e2mbito dos&hellip;&nbsp;<a href=\"http:\/\/www.paranapanema.transparencia.inf.br\/?page_id=611\" class=\"\" rel=\"bookmark\">Continue a ler &raquo;<span class=\"screen-reader-text\">Editais de Licita\u00e7\u00f5es<\/span><\/a><\/p>\n","protected":false},"author":1,"featured_media":7610,"parent":0,"menu_order":0,"comment_status":"closed","ping_status":"open","template":"template-onecolumn.php","meta":{"neve_meta_sidebar":"","neve_meta_container":"","neve_meta_enable_content_width":"","neve_meta_content_width":0,"neve_meta_title_alignment":"","neve_meta_author_avatar":"","neve_post_elements_order":"","neve_meta_disable_header":"","neve_meta_disable_footer":"","neve_meta_disable_title":"","spay_email":""},"yoast_head":"<!-- This site is optimized with the Yoast SEO plugin v17.9 - https:\/\/yoast.com\/wordpress\/plugins\/seo\/ -->\n<title>Editais de Licita\u00e7\u00f5es - Portal da Transpar\u00eancia<\/title>\n<meta name=\"robots\" content=\"index, follow, max-snippet:-1, max-image-preview:large, max-video-preview:-1\" \/>\n<link rel=\"canonical\" href=\"http:\/\/www.paranapanema.transparencia.inf.br\/?page_id=611\" \/>\n<meta property=\"og:locale\" content=\"pt_BR\" \/>\n<meta property=\"og:type\" content=\"article\" \/>\n<meta property=\"og:title\" content=\"Editais de Licita\u00e7\u00f5es - Portal da Transpar\u00eancia\" \/>\n<meta property=\"og:description\" content=\"&nbsp;Selecione a Modalidade da Licita\u00e7\u00e3o para visualizar o Edital. Selecione a ModalidadeChamada P\u00fablicaConcorr\u00eanciaLeil\u00e3o PresencialPreg\u00e3o PresencialTomada de Pre\u00e7os A lei 8666\/1993 \u00e9 uma lei federal, criada em 21 de junho de 1993. Esta lei estabelece normas gerais sobre licita\u00e7\u00f5es e contratos administrativos pertinentes a obras, servi\u00e7os, inclusive de publicidade, compras, aliena\u00e7\u00f5es e loca\u00e7\u00f5es no \u00e2mbito dos&hellip;&nbsp;Continue a ler &raquo;Editais de Licita\u00e7\u00f5es\" \/>\n<meta property=\"og:url\" content=\"http:\/\/www.paranapanema.transparencia.inf.br\/?page_id=611\" \/>\n<meta property=\"og:site_name\" content=\"Portal da Transpar\u00eancia\" \/>\n<meta property=\"article:modified_time\" content=\"2021-03-23T12:16:24+00:00\" \/>\n<meta name=\"twitter:card\" content=\"summary_large_image\" \/>\n<meta name=\"twitter:label1\" content=\"Est. tempo de leitura\" \/>\n\t<meta name=\"twitter:data1\" content=\"1 minuto\" \/>\n<script type=\"application\/ld+json\" class=\"yoast-schema-graph\">{\"@context\":\"https:\/\/schema.org\",\"@graph\":[{\"@type\":\"WebSite\",\"@id\":\"https:\/\/www.paranapanema.transparencia.inf.br\/#website\",\"url\":\"https:\/\/www.paranapanema.transparencia.inf.br\/\",\"name\":\"Portal da Transpar\\u00eancia\",\"description\":\"Prefeitura Municipal de Paranapanema-SP\",\"potentialAction\":[{\"@type\":\"SearchAction\",\"target\":{\"@type\":\"EntryPoint\",\"urlTemplate\":\"https:\/\/www.paranapanema.transparencia.inf.br\/?s={search_term_string}\"},\"query-input\":\"required name=search_term_string\"}],\"inLanguage\":\"pt-BR\"},{\"@type\":\"ImageObject\",\"@id\":\"http:\/\/www.paranapanema.transparencia.inf.br\/?page_id=611#primaryimage\",\"inLanguage\":\"pt-BR\",\"url\":\"\",\"contentUrl\":\"\"},{\"@type\":\"WebPage\",\"@id\":\"http:\/\/www.paranapanema.transparencia.inf.br\/?page_id=611#webpage\",\"url\":\"http:\/\/www.paranapanema.transparencia.inf.br\/?page_id=611\",\"name\":\"Editais de Licita\\u00e7\\u00f5es - Portal da Transpar\\u00eancia\",\"isPartOf\":{\"@id\":\"https:\/\/www.paranapanema.transparencia.inf.br\/#website\"},\"primaryImageOfPage\":{\"@id\":\"http:\/\/www.paranapanema.transparencia.inf.br\/?page_id=611#primaryimage\"},\"datePublished\":\"2011-01-31T16:52:47+00:00\",\"dateModified\":\"2021-03-23T12:16:24+00:00\",\"breadcrumb\":{\"@id\":\"http:\/\/www.paranapanema.transparencia.inf.br\/?page_id=611#breadcrumb\"},\"inLanguage\":\"pt-BR\",\"potentialAction\":[{\"@type\":\"ReadAction\",\"target\":[\"http:\/\/www.paranapanema.transparencia.inf.br\/?page_id=611\"]}]},{\"@type\":\"BreadcrumbList\",\"@id\":\"http:\/\/www.paranapanema.transparencia.inf.br\/?page_id=611#breadcrumb\",\"itemListElement\":[{\"@type\":\"ListItem\",\"position\":1,\"name\":\"In\\u00edcio\",\"item\":\"https:\/\/www.paranapanema.transparencia.inf.br\/\"},{\"@type\":\"ListItem\",\"position\":2,\"name\":\"Editais de Licita\\u00e7\\u00f5es\"}]}]}<\/script>\n<!-- \/ Yoast SEO plugin. -->","yoast_head_json":{"title":"Editais de Licita\u00e7\u00f5es - Portal da Transpar\u00eancia","robots":{"index":"index","follow":"follow","max-snippet":"max-snippet:-1","max-image-preview":"max-image-preview:large","max-video-preview":"max-video-preview:-1"},"canonical":"http:\/\/www.paranapanema.transparencia.inf.br\/?page_id=611","og_locale":"pt_BR","og_type":"article","og_title":"Editais de Licita\u00e7\u00f5es - Portal da Transpar\u00eancia","og_description":"&nbsp;Selecione a Modalidade da Licita\u00e7\u00e3o para visualizar o Edital. Selecione a ModalidadeChamada P\u00fablicaConcorr\u00eanciaLeil\u00e3o PresencialPreg\u00e3o PresencialTomada de Pre\u00e7os A lei 8666\/1993 \u00e9 uma lei federal, criada em 21 de junho de 1993. Esta lei estabelece normas gerais sobre licita\u00e7\u00f5es e contratos administrativos pertinentes a obras, servi\u00e7os, inclusive de publicidade, compras, aliena\u00e7\u00f5es e loca\u00e7\u00f5es no \u00e2mbito dos&hellip;&nbsp;Continue a ler &raquo;Editais de Licita\u00e7\u00f5es","og_url":"http:\/\/www.paranapanema.transparencia.inf.br\/?page_id=611","og_site_name":"Portal da Transpar\u00eancia","article_modified_time":"2021-03-23T12:16:24+00:00","twitter_card":"summary_large_image","twitter_misc":{"Est. tempo de leitura":"1 minuto"},"schema":{"@context":"https:\/\/schema.org","@graph":[{"@type":"WebSite","@id":"https:\/\/www.paranapanema.transparencia.inf.br\/#website","url":"https:\/\/www.paranapanema.transparencia.inf.br\/","name":"Portal da Transpar\u00eancia","description":"Prefeitura Municipal de Paranapanema-SP","potentialAction":[{"@type":"SearchAction","target":{"@type":"EntryPoint","urlTemplate":"https:\/\/www.paranapanema.transparencia.inf.br\/?s={search_term_string}"},"query-input":"required name=search_term_string"}],"inLanguage":"pt-BR"},{"@type":"ImageObject","@id":"http:\/\/www.paranapanema.transparencia.inf.br\/?page_id=611#primaryimage","inLanguage":"pt-BR","url":"","contentUrl":""},{"@type":"WebPage","@id":"http:\/\/www.paranapanema.transparencia.inf.br\/?page_id=611#webpage","url":"http:\/\/www.paranapanema.transparencia.inf.br\/?page_id=611","name":"Editais de Licita\u00e7\u00f5es - Portal da Transpar\u00eancia","isPartOf":{"@id":"https:\/\/www.paranapanema.transparencia.inf.br\/#website"},"primaryImageOfPage":{"@id":"http:\/\/www.paranapanema.transparencia.inf.br\/?page_id=611#primaryimage"},"datePublished":"2011-01-31T16:52:47+00:00","dateModified":"2021-03-23T12:16:24+00:00","breadcrumb":{"@id":"http:\/\/www.paranapanema.transparencia.inf.br\/?page_id=611#breadcrumb"},"inLanguage":"pt-BR","potentialAction":[{"@type":"ReadAction","target":["http:\/\/www.paranapanema.transparencia.inf.br\/?page_id=611"]}]},{"@type":"BreadcrumbList","@id":"http:\/\/www.paranapanema.transparencia.inf.br\/?page_id=611#breadcrumb","itemListElement":[{"@type":"ListItem","position":1,"name":"In\u00edcio","item":"https:\/\/www.paranapanema.transparencia.inf.br\/"},{"@type":"ListItem","position":2,"name":"Editais de Licita\u00e7\u00f5es"}]}]}},"_links":{"self":[{"href":"http:\/\/www.paranapanema.transparencia.inf.br\/index.php?rest_route=\/wp\/v2\/pages\/611"}],"collection":[{"href":"http:\/\/www.paranapanema.transparencia.inf.br\/index.php?rest_route=\/wp\/v2\/pages"}],"about":[{"href":"http:\/\/www.paranapanema.transparencia.inf.br\/index.php?rest_route=\/wp\/v2\/types\/page"}],"author":[{"embeddable":true,"href":"http:\/\/www.paranapanema.transparencia.inf.br\/index.php?rest_route=\/wp\/v2\/users\/1"}],"replies":[{"embeddable":true,"href":"http:\/\/www.paranapanema.transparencia.inf.br\/index.php?rest_route=%2Fwp%2Fv2%2Fcomments&post=611"}],"version-history":[{"count":28,"href":"http:\/\/www.paranapanema.transparencia.inf.br\/index.php?rest_route=\/wp\/v2\/pages\/611\/revisions"}],"predecessor-version":[{"id":23095,"href":"http:\/\/www.paranapanema.transparencia.inf.br\/index.php?rest_route=\/wp\/v2\/pages\/611\/revisions\/23095"}],"wp:featuredmedia":[{"embeddable":true,"href":"http:\/\/www.paranapanema.transparencia.inf.br\/index.php?rest_route=\/wp\/v2\/media\/7610"}],"wp:attachment":[{"href":"http:\/\/www.paranapanema.transparencia.inf.br\/index.php?rest_route=%2Fwp%2Fv2%2Fmedia&parent=611"}],"curies":[{"name":"wp","href":"https:\/\/api.w.org\/{rel}","templated":true}]}}