{"id":7648,"date":"2013-05-13T14:57:01","date_gmt":"2013-05-13T17:57:01","guid":{"rendered":"http:\/\/www.paranapanema.sp.gov.br\/portal\/?page_id=7648"},"modified":"2023-04-12T14:23:35","modified_gmt":"2023-04-12T17:23:35","slug":"lei-de-responsabilidade-fiscal","status":"publish","type":"page","link":"http:\/\/www.paranapanema.transparencia.inf.br\/?page_id=7648","title":{"rendered":"Lei de Responsabilidade Fiscal &#8211; LRF"},"content":{"rendered":"<p style=\"text-align: right;\">\u00a0<strong>Escolha o Ano para consultar os Relat\u00f3rios da LRF.<\/strong><\/p>\n<p style=\"text-align: right;\"><select onchange=\"location=this.value\"><option>Selecione o Ano<\/option><option value=\"http:\/\/www.paranapanema.transparencia.inf.br\/?page_id=30442\">2023<\/option><option value=\"http:\/\/www.paranapanema.transparencia.inf.br\/?page_id=26475\">2022<\/option><option value=\"http:\/\/www.paranapanema.transparencia.inf.br\/?page_id=23115\">2021<\/option><option value=\"http:\/\/www.paranapanema.transparencia.inf.br\/?page_id=22334\">2020<\/option><option value=\"http:\/\/www.paranapanema.transparencia.inf.br\/?page_id=21157\">2019<\/option><option value=\"http:\/\/www.paranapanema.transparencia.inf.br\/?page_id=20152\">2018<\/option><option value=\"http:\/\/www.paranapanema.transparencia.inf.br\/?page_id=19020\">2017<\/option><option value=\"http:\/\/www.paranapanema.transparencia.inf.br\/?page_id=17171\">2016<\/option><option value=\"http:\/\/www.paranapanema.transparencia.inf.br\/?page_id=15028\">2015<\/option><option value=\"http:\/\/www.paranapanema.transparencia.inf.br\/?page_id=13330\">2014<\/option><option value=\"http:\/\/www.paranapanema.transparencia.inf.br\/?page_id=12297\">2013<\/option><\/select><\/p>\n<hr \/>\n<p>A LRF cont\u00e9m o Relat\u00f3rio de Gest\u00e3o Fiscal (RGF) e o Relat\u00f3rio Resumido de Execu\u00e7\u00e3o Or\u00e7ament\u00e1ria (RREO). As informa\u00e7\u00f5es contidas nesses documentos, al\u00e9m de determinar par\u00e2metros e metas para a administra\u00e7\u00e3o p\u00fablica.<\/p>\n","protected":false},"excerpt":{"rendered":"<p>\u00a0Escolha o Ano para consultar os Relat\u00f3rios da LRF. Selecione o Ano20232022202120202019201820172016201520142013 A LRF cont\u00e9m o Relat\u00f3rio de Gest\u00e3o Fiscal (RGF) e o Relat\u00f3rio Resumido de Execu\u00e7\u00e3o Or\u00e7ament\u00e1ria (RREO). As informa\u00e7\u00f5es contidas nesses documentos, al\u00e9m de determinar par\u00e2metros e metas para a administra\u00e7\u00e3o p\u00fablica.<\/p>\n","protected":false},"author":1,"featured_media":7610,"parent":0,"menu_order":0,"comment_status":"closed","ping_status":"closed","template":"","meta":{"neve_meta_sidebar":"","neve_meta_container":"","neve_meta_enable_content_width":"","neve_meta_content_width":0,"neve_meta_title_alignment":"","neve_meta_author_avatar":"","neve_post_elements_order":"","neve_meta_disable_header":"","neve_meta_disable_footer":"","neve_meta_disable_title":"","spay_email":""},"yoast_head":"<!-- This site is optimized with the Yoast SEO plugin v17.9 - https:\/\/yoast.com\/wordpress\/plugins\/seo\/ -->\n<title>Lei de Responsabilidade Fiscal - LRF - Portal da Transpar\u00eancia<\/title>\n<meta name=\"robots\" content=\"index, follow, max-snippet:-1, max-image-preview:large, max-video-preview:-1\" \/>\n<link rel=\"canonical\" href=\"http:\/\/www.paranapanema.transparencia.inf.br\/?page_id=7648\" \/>\n<meta property=\"og:locale\" content=\"pt_BR\" \/>\n<meta property=\"og:type\" content=\"article\" \/>\n<meta property=\"og:title\" content=\"Lei de Responsabilidade Fiscal - LRF - Portal da Transpar\u00eancia\" \/>\n<meta property=\"og:description\" content=\"\u00a0Escolha o Ano para consultar os Relat\u00f3rios da LRF. Selecione o Ano20232022202120202019201820172016201520142013 A LRF cont\u00e9m o Relat\u00f3rio de Gest\u00e3o Fiscal (RGF) e o Relat\u00f3rio Resumido de Execu\u00e7\u00e3o Or\u00e7ament\u00e1ria (RREO). As informa\u00e7\u00f5es contidas nesses documentos, al\u00e9m de determinar par\u00e2metros e metas para a administra\u00e7\u00e3o p\u00fablica.\" \/>\n<meta property=\"og:url\" content=\"http:\/\/www.paranapanema.transparencia.inf.br\/?page_id=7648\" \/>\n<meta property=\"og:site_name\" content=\"Portal da Transpar\u00eancia\" \/>\n<meta property=\"article:modified_time\" content=\"2023-04-12T17:23:35+00:00\" \/>\n<meta name=\"twitter:card\" content=\"summary_large_image\" \/>\n<meta name=\"twitter:label1\" content=\"Est. tempo de leitura\" \/>\n\t<meta name=\"twitter:data1\" content=\"1 minuto\" \/>\n<script type=\"application\/ld+json\" class=\"yoast-schema-graph\">{\"@context\":\"https:\/\/schema.org\",\"@graph\":[{\"@type\":\"WebSite\",\"@id\":\"https:\/\/www.paranapanema.transparencia.inf.br\/#website\",\"url\":\"https:\/\/www.paranapanema.transparencia.inf.br\/\",\"name\":\"Portal da Transpar\\u00eancia\",\"description\":\"Prefeitura Municipal de Paranapanema-SP\",\"potentialAction\":[{\"@type\":\"SearchAction\",\"target\":{\"@type\":\"EntryPoint\",\"urlTemplate\":\"https:\/\/www.paranapanema.transparencia.inf.br\/?s={search_term_string}\"},\"query-input\":\"required name=search_term_string\"}],\"inLanguage\":\"pt-BR\"},{\"@type\":\"ImageObject\",\"@id\":\"http:\/\/www.paranapanema.transparencia.inf.br\/?page_id=7648#primaryimage\",\"inLanguage\":\"pt-BR\",\"url\":\"\",\"contentUrl\":\"\"},{\"@type\":\"WebPage\",\"@id\":\"http:\/\/www.paranapanema.transparencia.inf.br\/?page_id=7648#webpage\",\"url\":\"http:\/\/www.paranapanema.transparencia.inf.br\/?page_id=7648\",\"name\":\"Lei de Responsabilidade Fiscal - LRF - Portal da Transpar\\u00eancia\",\"isPartOf\":{\"@id\":\"https:\/\/www.paranapanema.transparencia.inf.br\/#website\"},\"primaryImageOfPage\":{\"@id\":\"http:\/\/www.paranapanema.transparencia.inf.br\/?page_id=7648#primaryimage\"},\"datePublished\":\"2013-05-13T17:57:01+00:00\",\"dateModified\":\"2023-04-12T17:23:35+00:00\",\"breadcrumb\":{\"@id\":\"http:\/\/www.paranapanema.transparencia.inf.br\/?page_id=7648#breadcrumb\"},\"inLanguage\":\"pt-BR\",\"potentialAction\":[{\"@type\":\"ReadAction\",\"target\":[\"http:\/\/www.paranapanema.transparencia.inf.br\/?page_id=7648\"]}]},{\"@type\":\"BreadcrumbList\",\"@id\":\"http:\/\/www.paranapanema.transparencia.inf.br\/?page_id=7648#breadcrumb\",\"itemListElement\":[{\"@type\":\"ListItem\",\"position\":1,\"name\":\"In\\u00edcio\",\"item\":\"https:\/\/www.paranapanema.transparencia.inf.br\/\"},{\"@type\":\"ListItem\",\"position\":2,\"name\":\"Lei de Responsabilidade Fiscal &#8211; LRF\"}]}]}<\/script>\n<!-- \/ Yoast SEO plugin. -->","yoast_head_json":{"title":"Lei de Responsabilidade Fiscal - LRF - Portal da Transpar\u00eancia","robots":{"index":"index","follow":"follow","max-snippet":"max-snippet:-1","max-image-preview":"max-image-preview:large","max-video-preview":"max-video-preview:-1"},"canonical":"http:\/\/www.paranapanema.transparencia.inf.br\/?page_id=7648","og_locale":"pt_BR","og_type":"article","og_title":"Lei de Responsabilidade Fiscal - LRF - Portal da Transpar\u00eancia","og_description":"\u00a0Escolha o Ano para consultar os Relat\u00f3rios da LRF. Selecione o Ano20232022202120202019201820172016201520142013 A LRF cont\u00e9m o Relat\u00f3rio de Gest\u00e3o Fiscal (RGF) e o Relat\u00f3rio Resumido de Execu\u00e7\u00e3o Or\u00e7ament\u00e1ria (RREO). As informa\u00e7\u00f5es contidas nesses documentos, al\u00e9m de determinar par\u00e2metros e metas para a administra\u00e7\u00e3o p\u00fablica.","og_url":"http:\/\/www.paranapanema.transparencia.inf.br\/?page_id=7648","og_site_name":"Portal da Transpar\u00eancia","article_modified_time":"2023-04-12T17:23:35+00:00","twitter_card":"summary_large_image","twitter_misc":{"Est. tempo de leitura":"1 minuto"},"schema":{"@context":"https:\/\/schema.org","@graph":[{"@type":"WebSite","@id":"https:\/\/www.paranapanema.transparencia.inf.br\/#website","url":"https:\/\/www.paranapanema.transparencia.inf.br\/","name":"Portal da Transpar\u00eancia","description":"Prefeitura Municipal de Paranapanema-SP","potentialAction":[{"@type":"SearchAction","target":{"@type":"EntryPoint","urlTemplate":"https:\/\/www.paranapanema.transparencia.inf.br\/?s={search_term_string}"},"query-input":"required name=search_term_string"}],"inLanguage":"pt-BR"},{"@type":"ImageObject","@id":"http:\/\/www.paranapanema.transparencia.inf.br\/?page_id=7648#primaryimage","inLanguage":"pt-BR","url":"","contentUrl":""},{"@type":"WebPage","@id":"http:\/\/www.paranapanema.transparencia.inf.br\/?page_id=7648#webpage","url":"http:\/\/www.paranapanema.transparencia.inf.br\/?page_id=7648","name":"Lei de Responsabilidade Fiscal - LRF - Portal da Transpar\u00eancia","isPartOf":{"@id":"https:\/\/www.paranapanema.transparencia.inf.br\/#website"},"primaryImageOfPage":{"@id":"http:\/\/www.paranapanema.transparencia.inf.br\/?page_id=7648#primaryimage"},"datePublished":"2013-05-13T17:57:01+00:00","dateModified":"2023-04-12T17:23:35+00:00","breadcrumb":{"@id":"http:\/\/www.paranapanema.transparencia.inf.br\/?page_id=7648#breadcrumb"},"inLanguage":"pt-BR","potentialAction":[{"@type":"ReadAction","target":["http:\/\/www.paranapanema.transparencia.inf.br\/?page_id=7648"]}]},{"@type":"BreadcrumbList","@id":"http:\/\/www.paranapanema.transparencia.inf.br\/?page_id=7648#breadcrumb","itemListElement":[{"@type":"ListItem","position":1,"name":"In\u00edcio","item":"https:\/\/www.paranapanema.transparencia.inf.br\/"},{"@type":"ListItem","position":2,"name":"Lei de Responsabilidade Fiscal &#8211; LRF"}]}]}},"_links":{"self":[{"href":"http:\/\/www.paranapanema.transparencia.inf.br\/index.php?rest_route=\/wp\/v2\/pages\/7648"}],"collection":[{"href":"http:\/\/www.paranapanema.transparencia.inf.br\/index.php?rest_route=\/wp\/v2\/pages"}],"about":[{"href":"http:\/\/www.paranapanema.transparencia.inf.br\/index.php?rest_route=\/wp\/v2\/types\/page"}],"author":[{"embeddable":true,"href":"http:\/\/www.paranapanema.transparencia.inf.br\/index.php?rest_route=\/wp\/v2\/users\/1"}],"replies":[{"embeddable":true,"href":"http:\/\/www.paranapanema.transparencia.inf.br\/index.php?rest_route=%2Fwp%2Fv2%2Fcomments&post=7648"}],"version-history":[{"count":21,"href":"http:\/\/www.paranapanema.transparencia.inf.br\/index.php?rest_route=\/wp\/v2\/pages\/7648\/revisions"}],"predecessor-version":[{"id":30452,"href":"http:\/\/www.paranapanema.transparencia.inf.br\/index.php?rest_route=\/wp\/v2\/pages\/7648\/revisions\/30452"}],"wp:featuredmedia":[{"embeddable":true,"href":"http:\/\/www.paranapanema.transparencia.inf.br\/index.php?rest_route=\/wp\/v2\/media\/7610"}],"wp:attachment":[{"href":"http:\/\/www.paranapanema.transparencia.inf.br\/index.php?rest_route=%2Fwp%2Fv2%2Fmedia&parent=7648"}],"curies":[{"name":"wp","href":"https:\/\/api.w.org\/{rel}","templated":true}]}}